{"id":31148,"date":"2022-08-24T11:36:25","date_gmt":"2022-08-24T09:36:25","guid":{"rendered":"https:\/\/mesopolhis.fr\/?page_id=31148"},"modified":"2025-09-04T11:34:16","modified_gmt":"2025-09-04T09:34:16","slug":"proclimex-anr","status":"publish","type":"page","link":"https:\/\/mesopolhis.fr\/en\/research\/programme-contracts\/proclimex-anr\/","title":{"rendered":"PROCLIMEX . ANR"},"content":{"rendered":"<nav id=\"breadcrumbs\" aria-label=\"Breadcrumbs\"><a href=\"https:\/\/mesopolhis.fr\/en\/\">Home<\/a> &raquo; PROCLIMEX . ANR<\/nav><h2>\n\t\tPROCLIMEX . ANR\u00a0 \u00a0\u00a0\n\t<\/h2>\n<h3>\n\t\tExpertise in climate trials: production, use and reception\n\t<\/h3>\n\t\t\t\t<img loading=\"lazy\" decoding=\"async\" src=\"https:\/\/mesopolhis.fr\/wp-content\/uploads\/2023\/03\/cropped-en-tete-avec-logo-copie.png\" alt=\"cropped-en-tete-with-logo-copy\" height=\"312\" width=\"1200\" title=\"cropped-en-tete-with-logo-copy\" \/>\n\t\t\t<h3> The team<\/h3> <p><strong>Christophe TRA\u00cfNI <\/strong>est professeur de science politique \u00e0 Sciences Po Aix. Membre honoraire de l&rsquo;Institut Universitaire de France, Mesopolhis\u00a0&#8211; christophe.traini@wanadoo.fr<strong>St\u00e9phanie DECH\u00c9ZELLES<\/strong>\u00a0is a lecturer in political science at Sciences Po Aix and a researcher at MESOPOLHIS (Centre M\u00e9diterran\u00e9en de Sociologie, Science politique et Histoire, UMR CNRS 7064).<strong>Beno\u00eet LUCZAK<\/strong>\u00a0est chercheur en science politique au sein de MESOPOLHIS (Centre M\u00e9diterran\u00e9en de Sociologie, Science politique et Histoire, UMR CNRS 7064) Travaille sur la question du mouvement climat en France et au Royaume-Uni, la transformation des unit\u00e9s climatiques \u00e0 l&rsquo;aune de la d\u00e9sob\u00e9issance civile, l&rsquo;expertise et le num\u00e9rique.<strong>Sylvain BARONE\u00a0<\/strong>est chercheur en science politique \u00e0 l&rsquo;Institut national de recherche pour l&rsquo;agriculture, l&rsquo;alimentation et l&rsquo;environnement (INRAE) et membre de l&rsquo;UMR G-EAU (Gestion de l&rsquo;Eau, Acteurs, Usages) \u00e0 Montpellier.<strong>Estelle BROSSET<\/strong>\u00a0est Professeure des Universit\u00e9s en\u00a0droit public \u00e0 la Facult\u00e9 de droit et science politique de l&rsquo;Universit\u00e9 Aix-Marseille. Elle est membre du \u00a0Centre d&rsquo;Etudes et de\u00a0Recherches Internationales et Communautaires, \u00e9quipe de l&rsquo;UMR 7318 \u00ab DICE \u00bb\u00a0Droits international, compar\u00e9, europ\u00e9en.<strong>B\u00e9atrice<\/strong>\u00a0<strong>COINTE<\/strong>\u00a0est charg\u00e9e de recherche au CNRS, en poste au Centre de Sociologie de l&rsquo;Innovation des Mines Paris (UMR 9217, i3).<strong>Christel COURNIL\u00a0<\/strong>est Professeure de droit public \u00e0 Sciences Po Toulouse et charg\u00e9e de mission sur la transition \u00e9cologique, directrice du Comit\u00e9 de la transition \u00e9cologique de Sciences Po Toulouse. Elle est membre du Laboratoire LASSP et membre associ\u00e9 au IDPS de l&rsquo;Universit\u00e9 Sorbonne Paris Nord (Structure f\u00e9d\u00e9rative Les Communs).<strong>Pascal GAUTTIER<\/strong>\u00a0est docteur en droit public de l&rsquo;Universit\u00e9 d&rsquo;Aix-Marseille. Il est charg\u00e9 d&rsquo;appui \u00e0 la recherche et \u00e0 la communication au sein du CERIC, \u00e9quipe membre de l&rsquo;UMR 7318 \u00ab\u00a0DICE\u00a0\u00bb Droits international, compar\u00e9, europ\u00e9en.\u00a0<strong>Sandrine MALJEAN-DUBOIS<\/strong>\u00a0est directrice de recherche au CNRS, en poste \u00e0 Aix-Marseille Universit\u00e9, au sein du CERIC, \u00e9quipe membre de l&rsquo;UMR 7318\u00a0\u00ab\u00a0DICE\u00a0\u00bb\u00a0Droits international, compar\u00e9, europ\u00e9en.\u00a0<strong>Sandrine MATHY\u00a0<\/strong>est directrice de recherche au CNRS en \u00e9conomie de l&rsquo;environnement au laboratoire GAEL (Laboratoire d&rsquo;Economie Appliqu\u00e9e de Grenoble, UMR UGA-Grenoble INP, CNRS, INRAE) o\u00f9 elle est responsable de l&rsquo;\u00e9quipe \u00e9nergie.<strong>Camille MARTINI<\/strong>\u00a0est avocat au barreau de New York et doctorant (en cours d&rsquo;inscription) \u00e0 Aix-Marseille Universit\u00e9 au sein du CERIC et \u00e0 l&rsquo;Universit\u00e9 Laval.<strong>Vincent MORON<\/strong>\u00a0est g\u00e9ographe, sp\u00e9cialiste du climat, au\u00a0Centre Europ\u00e9en de Recherche et d&rsquo;Enseignement des G\u00e9osciences de l&rsquo;Environnement (CEREGE) \u00e0 Aix-en-Provence.<strong>Yann ROBIOU DU PONT<\/strong>\u00a0est chercheur \u00e0 quantifier l&rsquo;\u00e9quit\u00e9 et l&rsquo;ambition des contributions des acteurs pour atteindre l&rsquo;accord de Paris.<strong>Eve TRUILH\u00c9<\/strong>\u00a0est directrice de recherche au CNRS. Elle dirige actuellement le Centre d&rsquo;Etudes et de Recherches Internationales et Communautaires (<a href=\"https:\/\/dice.univ-amu.fr\/fr\/dice\/ceric\" target=\"_blank\" rel=\"noreferrer noopener\">CERIC<\/a>).<strong>Catherine WILCOX <\/strong>a fait sa th\u00e8se \u00e0 l&rsquo;Institut des G\u00e9osciences de l&rsquo;Environnement (IGE) \u00e0 Grenoble, pendant laquelle elle s&rsquo;est familiaris\u00e9e avec les m\u00e9thodes de d\u00e9tection et attribution de changement climatique en les appliquant pour r\u00e9pondre aux enjeux hydrologiques.\u00a0<\/p>\t\t\n\t<h3><strong>The project<\/strong><\/h3>\n<p>Un nombre croissant d&rsquo;acteurs et d&rsquo;organisations s&#8217;empare aujourd&rsquo;hui, selon des modalit\u00e9s vari\u00e9es, et avec un succ\u00e8s variable, du proc\u00e8s comme instrument de contestation, mobilisation et au-del\u00e0 de justice climatique.<\/p>\n<p>Dans un contexte de renouveau de la d\u00e9mocratie environnementale et des approches participatives (voir le Grand d\u00e9bat et la Convention nationale sur le climat), le proc\u00e8s est un des espaces parmi d&rsquo;autres r\u00e9investis depuis peu dans lequel des citoyens participent \u00e0 la fabrique de la \u00ab loi climatique \u00bb de demain.<\/p>\n<p>Parmi toutes les questions que pose cette nouvelle forme de mobilisation pour le climat, notre \u00e9quipe se propose de s&rsquo;int\u00e9resser \u00e0 l&rsquo;enjeu de l&rsquo;expertise dans ces proc\u00e8s. C&rsquo;est en effet, un enjeu fondamental dans les proc\u00e8s climatiques. Fondamental pour les requ\u00e9rants, qui, pour faire valoir efficacement un point de vue d\u00e9termin\u00e9 au service de la cause climatique, n&rsquo;ont d&rsquo;autre choix que de s&rsquo;approprier des connaissances et donn\u00e9es d&rsquo;origines vari\u00e9es, \u00e0 la fois techniques, complexes et pluridisciplinaires (non seulement scientifiques, mais aussi socio-\u00e9conomiques et juridiques) et de construire sur ces bases un dispositif expert bien souvent enrichi par des connaissances profanes (t\u00e9moignages de victimes par exemple). Fondamental aussi pour l&rsquo;issue du proc\u00e8s, qui s&rsquo;av\u00e8re largement d\u00e9termin\u00e9e par ces dispositifs experts au c\u0153ur des strat\u00e9gies judiciaires des requ\u00e9rants.<\/p>\n<p>The main objectives of PROCLIMEX are as follows:<\/p>\n<ul>\n<li>\u00c9clairer les strat\u00e9gies judiciaires des ONG lorsqu&rsquo;elles utilisent les armes du droit et du proc\u00e8s pour faire avancer la cause climatique, mais aussi celles en r\u00e9ponse des d\u00e9fendeurs (souvent \u00c9tats et entreprises) ;<\/li>\n<li>D\u00e9coder les usages sociaux des diverses expertises dans le contexte d&rsquo;initiatives de judiciarisation et de juridicisation de la cause climatique ;<\/li>\n<li>Mettre en lumi\u00e8re, par une analyse comparative, le processus de passage de la v\u00e9rit\u00e9 scientifique \u00e0 la v\u00e9rit\u00e9 juridique en interrogeant l&rsquo;adaptation du droit processuel et de l&rsquo;institution du proc\u00e8s ;<\/li>\n<li>Fournir des pistes pour renforcer l&rsquo;interface scientifique-d\u00e9cideur dans le domaine du climat dans un contexte d&rsquo;urgence climatique.<\/li>\n<\/ul>\n\t\t\t<a href=\"https:\/\/mesopolhis.fr\/en\/proclimex-seminars\/\" target=\"_self\">\n\t\t\t\t\t\t\tProclimex seminars\n\t\t\t\t\t<\/a>\n\t\t\t<a href=\"https:\/\/mesopolhis.fr\/en\/proclimex-publications\/\" target=\"_self\">\n\t\t\t\t\t\t\tPublications\n\t\t\t\t\t<\/a>\n\t\t\t<a href=\"https:\/\/proclimex.hypotheses.org\/\" target=\"_self\">\n\t\t\t\t\t\t\tPlus d&rsquo;informations sur le programme ANR Proclimex\n\t\t\t\t\t<\/a>\n\t<p><em>Mots-cl\u00e9s : Changements climatiques ; contentieux ; science ; mod\u00e9lisation ; donn\u00e9es ; expertise ; proc\u00e8s ; tribunaux ; juges ; mobilisations ; cause ; associations ; recours ; droit ; droit de l&rsquo;environnement ; \u00e9thique ; justice ; politique climatique ; ambition ; citoyen ; d\u00e9mocratie<\/em><\/p>","protected":false},"excerpt":{"rendered":"<p>Accueil &raquo; PROCLIMEX . ANR PROCLIMEX . ANR\u00a0 \u00a0\u00a0 Les expertises dans les proc\u00e8s climatiques : Production, usage et r\u00e9ception L&#039;\u00e9quipe Christophe TRA\u00cfNI est professeur de science politique \u00e0 Sciences Po Aix. Membre honoraire de l&rsquo;Institut Universitaire de France, Mesopolhis\u00a0&#8211; christophe.traini@wanadoo.frSt\u00e9phanie DECH\u00c9ZELLES\u00a0est ma\u00eetresse de conf\u00e9rences en science politique \u00e0 Sciences Po Aix et chercheuse au&hellip;<\/p>","protected":false},"author":4,"featured_media":0,"parent":511,"menu_order":0,"comment_status":"closed","ping_status":"closed","template":"","meta":{"_acf_changed":false,"inline_featured_image":false,"footnotes":""},"class_list":["post-31148","page","type-page","status-publish","hentry"],"acf":[],"yoast_head":"<!-- This site is optimized with the Yoast SEO plugin v27.4 - https:\/\/yoast.com\/product\/yoast-seo-wordpress\/ -->\n<title>PROCLIMEX . ANR - Mesopolhis<\/title>\n<meta name=\"robots\" content=\"index, follow, max-snippet:-1, max-image-preview:large, max-video-preview:-1\" \/>\n<link rel=\"canonical\" href=\"https:\/\/mesopolhis.fr\/en\/research\/programme-contracts\/proclimex-anr\/\" \/>\n<meta property=\"og:locale\" content=\"en_GB\" \/>\n<meta property=\"og:type\" content=\"article\" \/>\n<meta property=\"og:title\" content=\"PROCLIMEX . ANR - Mesopolhis\" \/>\n<meta property=\"og:description\" content=\"Accueil &raquo; PROCLIMEX . ANR PROCLIMEX . ANR\u00a0 \u00a0\u00a0 Les expertises dans les proc\u00e8s climatiques : Production, usage et r\u00e9ception L&#039;\u00e9quipe Christophe TRA\u00cfNI est professeur de science politique \u00e0 Sciences Po Aix. Membre honoraire de l&rsquo;Institut Universitaire de France, Mesopolhis\u00a0&#8211; christophe.traini@wanadoo.frSt\u00e9phanie DECH\u00c9ZELLES\u00a0est ma\u00eetresse de conf\u00e9rences en science politique \u00e0 Sciences Po Aix et chercheuse au&hellip;\" \/>\n<meta property=\"og:url\" content=\"https:\/\/mesopolhis.fr\/en\/research\/programme-contracts\/proclimex-anr\/\" \/>\n<meta property=\"og:site_name\" content=\"Mesopolhis\" \/>\n<meta property=\"article:modified_time\" content=\"2025-09-04T09:34:16+00:00\" \/>\n<meta property=\"og:image\" content=\"https:\/\/mesopolhis.fr\/wp-content\/uploads\/2023\/03\/cropped-en-tete-avec-logo-copie.png\" \/>\n<meta name=\"twitter:card\" content=\"summary_large_image\" \/>\n<meta name=\"twitter:label1\" content=\"Estimated reading time\" \/>\n\t<meta name=\"twitter:data1\" content=\"5 minutes\" \/>\n<script type=\"application\/ld+json\" class=\"yoast-schema-graph\">{\"@context\":\"https:\\\/\\\/schema.org\",\"@graph\":[{\"@type\":\"WebPage\",\"@id\":\"https:\\\/\\\/mesopolhis.fr\\\/recherche\\\/contrats-programmes\\\/proclimex-anr\\\/\",\"url\":\"https:\\\/\\\/mesopolhis.fr\\\/recherche\\\/contrats-programmes\\\/proclimex-anr\\\/\",\"name\":\"PROCLIMEX . ANR - Mesopolhis\",\"isPartOf\":{\"@id\":\"https:\\\/\\\/mesopolhis.fr\\\/#website\"},\"primaryImageOfPage\":{\"@id\":\"https:\\\/\\\/mesopolhis.fr\\\/recherche\\\/contrats-programmes\\\/proclimex-anr\\\/#primaryimage\"},\"image\":{\"@id\":\"https:\\\/\\\/mesopolhis.fr\\\/recherche\\\/contrats-programmes\\\/proclimex-anr\\\/#primaryimage\"},\"thumbnailUrl\":\"https:\\\/\\\/mesopolhis.fr\\\/wp-content\\\/uploads\\\/2023\\\/03\\\/cropped-en-tete-avec-logo-copie.png\",\"datePublished\":\"2022-08-24T09:36:25+00:00\",\"dateModified\":\"2025-09-04T09:34:16+00:00\",\"breadcrumb\":{\"@id\":\"https:\\\/\\\/mesopolhis.fr\\\/recherche\\\/contrats-programmes\\\/proclimex-anr\\\/#breadcrumb\"},\"inLanguage\":\"en-GB\",\"potentialAction\":[{\"@type\":\"ReadAction\",\"target\":[\"https:\\\/\\\/mesopolhis.fr\\\/recherche\\\/contrats-programmes\\\/proclimex-anr\\\/\"]}]},{\"@type\":\"ImageObject\",\"inLanguage\":\"en-GB\",\"@id\":\"https:\\\/\\\/mesopolhis.fr\\\/recherche\\\/contrats-programmes\\\/proclimex-anr\\\/#primaryimage\",\"url\":\"https:\\\/\\\/mesopolhis.fr\\\/wp-content\\\/uploads\\\/2023\\\/03\\\/cropped-en-tete-avec-logo-copie.png\",\"contentUrl\":\"https:\\\/\\\/mesopolhis.fr\\\/wp-content\\\/uploads\\\/2023\\\/03\\\/cropped-en-tete-avec-logo-copie.png\"},{\"@type\":\"BreadcrumbList\",\"@id\":\"https:\\\/\\\/mesopolhis.fr\\\/recherche\\\/contrats-programmes\\\/proclimex-anr\\\/#breadcrumb\",\"itemListElement\":[{\"@type\":\"ListItem\",\"position\":1,\"name\":\"Accueil\",\"item\":\"https:\\\/\\\/mesopolhis.fr\\\/\"},{\"@type\":\"ListItem\",\"position\":2,\"name\":\"Recherche\",\"item\":\"https:\\\/\\\/mesopolhis.fr\\\/recherche\\\/\"},{\"@type\":\"ListItem\",\"position\":3,\"name\":\"Contrats et Programmes\",\"item\":\"https:\\\/\\\/mesopolhis.fr\\\/recherche\\\/contrats-programmes\\\/\"},{\"@type\":\"ListItem\",\"position\":4,\"name\":\"PROCLIMEX . ANR\"}]},{\"@type\":\"WebSite\",\"@id\":\"https:\\\/\\\/mesopolhis.fr\\\/#website\",\"url\":\"https:\\\/\\\/mesopolhis.fr\\\/\",\"name\":\"Mesopolhis\",\"description\":\"Centre m\u00e9diterran\u00e9en de sociologie, de science politique et d&#039;histoire\",\"publisher\":{\"@id\":\"https:\\\/\\\/mesopolhis.fr\\\/#organization\"},\"potentialAction\":[{\"@type\":\"SearchAction\",\"target\":{\"@type\":\"EntryPoint\",\"urlTemplate\":\"https:\\\/\\\/mesopolhis.fr\\\/?s={search_term_string}\"},\"query-input\":{\"@type\":\"PropertyValueSpecification\",\"valueRequired\":true,\"valueName\":\"search_term_string\"}}],\"inLanguage\":\"en-GB\"},{\"@type\":\"Organization\",\"@id\":\"https:\\\/\\\/mesopolhis.fr\\\/#organization\",\"name\":\"Mesopolhis\",\"url\":\"https:\\\/\\\/mesopolhis.fr\\\/\",\"logo\":{\"@type\":\"ImageObject\",\"inLanguage\":\"en-GB\",\"@id\":\"https:\\\/\\\/mesopolhis.fr\\\/#\\\/schema\\\/logo\\\/image\\\/\",\"url\":\"https:\\\/\\\/mesopolhis.fr\\\/wp-content\\\/uploads\\\/2021\\\/12\\\/Logo_MESOPOLHIS_Quadri.png\",\"contentUrl\":\"https:\\\/\\\/mesopolhis.fr\\\/wp-content\\\/uploads\\\/2021\\\/12\\\/Logo_MESOPOLHIS_Quadri.png\",\"width\":264,\"height\":69,\"caption\":\"Mesopolhis\"},\"image\":{\"@id\":\"https:\\\/\\\/mesopolhis.fr\\\/#\\\/schema\\\/logo\\\/image\\\/\"}}]}<\/script>\n<!-- \/ Yoast SEO plugin. -->","yoast_head_json":{"title":"PROCLIMEX . ANR - Mesopolhis","robots":{"index":"index","follow":"follow","max-snippet":"max-snippet:-1","max-image-preview":"max-image-preview:large","max-video-preview":"max-video-preview:-1"},"canonical":"https:\/\/mesopolhis.fr\/en\/research\/programme-contracts\/proclimex-anr\/","og_locale":"en_GB","og_type":"article","og_title":"PROCLIMEX . ANR - Mesopolhis","og_description":"Accueil &raquo; PROCLIMEX . ANR PROCLIMEX . ANR\u00a0 \u00a0\u00a0 Les expertises dans les proc\u00e8s climatiques : Production, usage et r\u00e9ception L&#039;\u00e9quipe Christophe TRA\u00cfNI est professeur de science politique \u00e0 Sciences Po Aix. Membre honoraire de l&rsquo;Institut Universitaire de France, Mesopolhis\u00a0&#8211; christophe.traini@wanadoo.frSt\u00e9phanie DECH\u00c9ZELLES\u00a0est ma\u00eetresse de conf\u00e9rences en science politique \u00e0 Sciences Po Aix et chercheuse au&hellip;","og_url":"https:\/\/mesopolhis.fr\/en\/research\/programme-contracts\/proclimex-anr\/","og_site_name":"Mesopolhis","article_modified_time":"2025-09-04T09:34:16+00:00","og_image":[{"url":"https:\/\/mesopolhis.fr\/wp-content\/uploads\/2023\/03\/cropped-en-tete-avec-logo-copie.png","type":"","width":"","height":""}],"twitter_card":"summary_large_image","twitter_misc":{"Estimated reading time":"5 minutes"},"schema":{"@context":"https:\/\/schema.org","@graph":[{"@type":"WebPage","@id":"https:\/\/mesopolhis.fr\/recherche\/contrats-programmes\/proclimex-anr\/","url":"https:\/\/mesopolhis.fr\/recherche\/contrats-programmes\/proclimex-anr\/","name":"PROCLIMEX . ANR - Mesopolhis","isPartOf":{"@id":"https:\/\/mesopolhis.fr\/#website"},"primaryImageOfPage":{"@id":"https:\/\/mesopolhis.fr\/recherche\/contrats-programmes\/proclimex-anr\/#primaryimage"},"image":{"@id":"https:\/\/mesopolhis.fr\/recherche\/contrats-programmes\/proclimex-anr\/#primaryimage"},"thumbnailUrl":"https:\/\/mesopolhis.fr\/wp-content\/uploads\/2023\/03\/cropped-en-tete-avec-logo-copie.png","datePublished":"2022-08-24T09:36:25+00:00","dateModified":"2025-09-04T09:34:16+00:00","breadcrumb":{"@id":"https:\/\/mesopolhis.fr\/recherche\/contrats-programmes\/proclimex-anr\/#breadcrumb"},"inLanguage":"en-GB","potentialAction":[{"@type":"ReadAction","target":["https:\/\/mesopolhis.fr\/recherche\/contrats-programmes\/proclimex-anr\/"]}]},{"@type":"ImageObject","inLanguage":"en-GB","@id":"https:\/\/mesopolhis.fr\/recherche\/contrats-programmes\/proclimex-anr\/#primaryimage","url":"https:\/\/mesopolhis.fr\/wp-content\/uploads\/2023\/03\/cropped-en-tete-avec-logo-copie.png","contentUrl":"https:\/\/mesopolhis.fr\/wp-content\/uploads\/2023\/03\/cropped-en-tete-avec-logo-copie.png"},{"@type":"BreadcrumbList","@id":"https:\/\/mesopolhis.fr\/recherche\/contrats-programmes\/proclimex-anr\/#breadcrumb","itemListElement":[{"@type":"ListItem","position":1,"name":"Accueil","item":"https:\/\/mesopolhis.fr\/"},{"@type":"ListItem","position":2,"name":"Recherche","item":"https:\/\/mesopolhis.fr\/recherche\/"},{"@type":"ListItem","position":3,"name":"Contrats et Programmes","item":"https:\/\/mesopolhis.fr\/recherche\/contrats-programmes\/"},{"@type":"ListItem","position":4,"name":"PROCLIMEX . ANR"}]},{"@type":"WebSite","@id":"https:\/\/mesopolhis.fr\/#website","url":"https:\/\/mesopolhis.fr\/","name":"Mesopolhis","description":"Mediterranean Centre for Sociology, Political Science and History","publisher":{"@id":"https:\/\/mesopolhis.fr\/#organization"},"potentialAction":[{"@type":"SearchAction","target":{"@type":"EntryPoint","urlTemplate":"https:\/\/mesopolhis.fr\/?s={search_term_string}"},"query-input":{"@type":"PropertyValueSpecification","valueRequired":true,"valueName":"search_term_string"}}],"inLanguage":"en-GB"},{"@type":"Organization","@id":"https:\/\/mesopolhis.fr\/#organization","name":"Mesopolhis","url":"https:\/\/mesopolhis.fr\/","logo":{"@type":"ImageObject","inLanguage":"en-GB","@id":"https:\/\/mesopolhis.fr\/#\/schema\/logo\/image\/","url":"https:\/\/mesopolhis.fr\/wp-content\/uploads\/2021\/12\/Logo_MESOPOLHIS_Quadri.png","contentUrl":"https:\/\/mesopolhis.fr\/wp-content\/uploads\/2021\/12\/Logo_MESOPOLHIS_Quadri.png","width":264,"height":69,"caption":"Mesopolhis"},"image":{"@id":"https:\/\/mesopolhis.fr\/#\/schema\/logo\/image\/"}}]}},"_links":{"self":[{"href":"https:\/\/mesopolhis.fr\/en\/wp-json\/wp\/v2\/pages\/31148","targetHints":{"allow":["GET"]}}],"collection":[{"href":"https:\/\/mesopolhis.fr\/en\/wp-json\/wp\/v2\/pages"}],"about":[{"href":"https:\/\/mesopolhis.fr\/en\/wp-json\/wp\/v2\/types\/page"}],"author":[{"embeddable":true,"href":"https:\/\/mesopolhis.fr\/en\/wp-json\/wp\/v2\/users\/4"}],"replies":[{"embeddable":true,"href":"https:\/\/mesopolhis.fr\/en\/wp-json\/wp\/v2\/comments?post=31148"}],"version-history":[{"count":1,"href":"https:\/\/mesopolhis.fr\/en\/wp-json\/wp\/v2\/pages\/31148\/revisions"}],"predecessor-version":[{"id":37905,"href":"https:\/\/mesopolhis.fr\/en\/wp-json\/wp\/v2\/pages\/31148\/revisions\/37905"}],"up":[{"embeddable":true,"href":"https:\/\/mesopolhis.fr\/en\/wp-json\/wp\/v2\/pages\/511"}],"wp:attachment":[{"href":"https:\/\/mesopolhis.fr\/en\/wp-json\/wp\/v2\/media?parent=31148"}],"curies":[{"name":"wp","href":"https:\/\/api.w.org\/{rel}","templated":true}]}}