{"id":31144,"date":"2022-08-24T11:22:59","date_gmt":"2022-08-24T09:22:59","guid":{"rendered":"https:\/\/mesopolhis.fr\/?page_id=31144"},"modified":"2024-12-05T15:55:45","modified_gmt":"2024-12-05T14:55:45","slug":"observatoire-sciences-et-societe-mesri-amu","status":"publish","type":"page","link":"https:\/\/mesopolhis.fr\/en\/observatoire-sciences-et-societe-mesri-amu\/","title":{"rendered":"OBSERVATOIRE SCIENCES ET SOCIETE . MESRI - AMU"},"content":{"rendered":"<nav id=\"breadcrumbs\" aria-label=\"Breadcrumbs\"><a href=\"https:\/\/mesopolhis.fr\/en\/\">Home<\/a> &raquo; OBSERVATOIRE SCIENCES ET SOCIETE . MESRI &#8211; AMU<\/nav><h2>\n\t\tOBSERVATOIRE SCIENCES ET SOCIETE . MESRI - AMU\u00a0 \u00a0\u00a0\n\t<\/h2>\n\t\t\t\t<img loading=\"lazy\" decoding=\"async\" src=\"https:\/\/mesopolhis.fr\/wp-content\/uploads\/2022\/10\/Logo-Fond-beige.png\" alt=\"Logo---Fond-beige\" height=\"2000\" width=\"2000\" title=\"Logo---Fond-beige\" \/>\n\t\t\t\t<img decoding=\"async\" src=\"https:\/\/mesopolhis.fr\/wp-content\/plugins\/bb-plugin\/img\/pixel.png\" alt=\"\" \/>\n<h3>\n\t\tProjet soutenu et financ\u00e9 par le minist\u00e8re de l&rsquo;Enseignement sup\u00e9rieur de la recherche et de l&rsquo;innovation, coordonn\u00e9 au sein d&rsquo;Amu par le laboratoire Mesopolhis (UMR 7064)\n\t<\/h3>\n\t\t\t\t<img loading=\"lazy\" decoding=\"async\" src=\"https:\/\/mesopolhis.fr\/wp-content\/uploads\/2022\/10\/2-G.-Limone-scaled.jpg\" alt=\"Science and Society Observatory\" height=\"1707\" width=\"2560\" title=\"Science and Society Observatory\" \/>\n\t\t67% des fran\u00e7ais n&rsquo;ont pas franchi le seuil d&rsquo;un mus\u00e9e au cours des 12 derniers mois, 2007\nGuy Limone (collection, Antoine de Galbert)\n\t<p>La culture &#8211; sous toutes ses formes, scientifique, artistique, num\u00e9rique, historique, m\u00e9diatique, sportive, etc. &#8211; , la diffusion et la construction des savoirs figurent parmi les missions fondamentales des universit\u00e9s, et constituent le socle de notre vie en soci\u00e9t\u00e9. La cr\u00e9ation d&rsquo;un Observatoire des publics et des pratiques de la culture vise \u00e0 \u00e9valuer les actions de l&rsquo;\u00e9tablissement et \u00e0 r\u00e9pondre \u00e0 une demande croissante d&rsquo;\u00e9tudes de publics (en interne mais aussi de la part des partenaires sur le p\u00e9rim\u00e8tre d&rsquo;AMU\u00a0: structures et institutions culturelles et de loisirs, collectivit\u00e9s territoriales, r\u00e9seaux de diffusion de la culture scientifique, etc.). Les recherches, \u00e9tudes et enqu\u00eates, expertises produites, permettront de faire des pr\u00e9conisations concr\u00e8tes dans une logique de recherche-action, tout en participant \u00e0 d\u00e9velopper la recherche dans le domaine des publics et pratiques de la culture. La cr\u00e9ation de ce dispositif d&rsquo;\u00e9valuation quantitatif, qualitatif, exploratoire et interdisciplinaire, construit et \u00e9labor\u00e9 par des sp\u00e9cialistes du sujet (enseignants-chercheurs, doctorants, post-doctorants, ing\u00e9nieurs&#8230;), en lien avec la formation (par le biais de stages et d&rsquo;approches par projet), r\u00e9pond \u00e0 cette n\u00e9cessit\u00e9 de connaitre et d\u00e9crire les publics et leurs exp\u00e9riences dans tous les domaines de la culture, de mieux \u00e9valuer et comprendre les formes de diffusion, les dispositifs de m\u00e9diation et leurs effets, les logiques d&rsquo;appropriation \u00e0 l&rsquo;\u0153uvre dans la construction des pratiques de la culture. En proposant d&rsquo;allier la rigueur et l&rsquo;exigence scientifiques \u00e0 l&rsquo;expertise professionnelle en termes de m\u00e9thodologie d&rsquo;enqu\u00eate et d&rsquo;analyse, l&rsquo;Observatoire se situe \u00e0 l&rsquo;interface de la recherche scientifique et des mondes de la culture, et en privil\u00e9giant un travail collaboratif avec les partenaires, la production d&rsquo;\u00e9tudes ajust\u00e9es et territorialis\u00e9es, l&rsquo;Observatoire vient \u00e9clairer les d\u00e9bats publics et contribuer \u00e0 d\u00e9velopper le dialogue Sciences et soci\u00e9t\u00e9 sur les questions de culture.<\/p>\n\t\t\t<h3> Project coordinator<\/h3> <p><strong>Sylvia Girel<\/strong>, Professeur des universit\u00e9s, Mesopolhis &#8211; <a href=\"\/en\/_wp_link_placeholder\/\" data-wplink-edit=\"true\">sylvia.girel@univ-amu.fr<\/a><\/p>\t\t\n\t\t\t<h3> Project team<\/h3> <p><strong>Maria-Elena Buslacchi<\/strong> (Postdoctorante, Mesopolhis) &#8211; <a href=\"mailto:mariaelena.buslacchi@univ-amu.fr\">mariaelena.buslacchi@univ-amu.fr<\/a><strong>Matthieu Demory<\/strong> (doctorant, Mesopolhis) &#8211;\u00a0<a href=\"\/en\/_wp_link_placeholder\/\" data-wplink-edit=\"true\">matthieu.demory@univ-amu.fr<\/a><strong>Gloria Romanello<\/strong> (post doctorante, Mesopolhis) &#8211; <a href=\"mailto:glo.romanello@gmail.com\">glo.romanello@gmail.com<\/a><strong>Elisa Ullauri<\/strong> (Postdoctorante, Mesopolhis) &#8211; <a href=\"mailto:elisa.ullauri-llore@univ-amu.fr\">elisa.ullauri-llore@univ-amu.fr<\/a><i>Research watch and research notebook :\u00a0<\/i><strong>Alexia Cappuccio<\/strong> (doctorante EJCAM) &#8211; <a href=\"mailto:alexia.cappuccio@gmail.com\">alexia.cappuccio@gmail.com<\/a>\u00a0<strong>Sami Dendani<\/strong> (\u00e9tudiant TELEMe) &#8211; <a href=\"mailto:sami.dendani@gmail.com\">sami.dendani@gmail.com<\/a><\/p>\t\t\n\t\t\t<h3> Chercheurs\/ses et doctorants\/tes-\u00e9tudiants\/tes d&rsquo;ores et d\u00e9j\u00e0 impliqu\u00e9s\/es <\/h3> <p><strong>Judith Dehail<\/strong>, Maitresse de conf\u00e9rences, Allsh, Lesa &#8211; <a href=\"mailto:judith.dehail@univ-amu.fr\">judith.dehail@univ-amu.fr<\/a><strong>Sophie Gebeil<\/strong>, Maitre de conf\u00e9rences, Telemme &#8211; <a href=\"\/en\/_wp_link_placeholder\/\" data-wplink-edit=\"true\">sophie.gebeil@univ-amu.fr<\/a> and <strong>Sami Dendani<\/strong> (student)<strong>Alexandre Joux<\/strong>, maitre de conf\u00e9rences-habilit\u00e9 \u00e0 diriger des recherches, Ejcam, Imsic &#8211; <a href=\"mailto:alexandre.joux@univ-amu.fr\">alexandre.joux@univ-amu.fr<\/a> and <strong>Alexia Cappuccio<\/strong> (doctoral student)<\/p>\t\t\n\t\t\t<h3> Contact Mesopolhis<\/h3> <p><strong>St\u00e9phanie Meiranesio<\/strong>, Gestionnaire administrative et financi\u00e8re &#8211; <a href=\"mailto:stephanie.MEIRANESIO@univ-amu.fr\">stephanie.meiranesio@univ-amu.fr<\/a><\/p>\t\t\n\t\t\t<h3> Website<\/h3> <p><strong>Vanina Beauchamps-Assali (MESOPOLHIS) <\/strong>- <a href=\"mailto:vanina.beauchamps-assali@cnrs.fr\" target=\"_blank\" rel=\"noopener\">vanina.beauchamps-assali@cnrs.fr<\/a><\/p>\t\t\n\t\t\t<h3> Data and statistics<\/h3> <strong>Jean-Baptiste Bertrand<\/strong> (MESOPOLHIS)<strong>Cl\u00e9ment de Belsunce<\/strong> (PUD)\u00a0\t\t\n\t\t\t<h3> Dur\u00e9e : 2022 &#8211; 2024<\/h3>\t\t\n\t\t\t<h3> Financing: \u20ac250,000<\/h3>\t\t\n\t\t\t<h3> Project sponsor: Mesopolhis<\/h3>\t\t\n\t<p><strong>Examples of research themes\/areas<\/strong><\/p>\n\t<p><strong>Democratisation and cultural decentralisation<\/strong><\/p>\n<ul>\n<li>forms of mediation<\/li>\n<li>l&rsquo;accessibilit\u00e9 \u00e0 la culture, les leviers et les freins r\u00e9els et symboliques<\/li>\n<li>audiences and non-audiences<\/li>\n<li>l&rsquo;\u00e9ducation artistique et culturelle<\/li>\n<li>local cultural practices<\/li>\n<\/ul>\n<p>&nbsp;<\/p>\n<p>&nbsp;<\/p>\n<p>&nbsp;<\/p>\n\t<p><strong>Science and society<\/strong><\/p>\n<ul>\n<li>disseminating scientific culture<\/li>\n<li>le transfert de connaissances (nouvelles \u00e9critures en SHS, science ouverte&#8230;)<\/li>\n<li>arts and science projects<\/li>\n<li>la diffusion du num\u00e9rique, des usages et des pratiques associ\u00e9es (inclusion num\u00e9rique, nouveaux outils et dispositifs&#8230;)<\/li>\n<\/ul>\n<p>&nbsp;<\/p>\n<p>&nbsp;<\/p>\n<p>&nbsp;<\/p>\n\t<p><strong>Investigations in progress<\/strong><\/p>\n<p>&nbsp;<\/p>\n<p>\u25cf\u00a0\u00a0\u00a0\u00a0\u00a0 <strong>Le Fonds r\u00e9gional d&rsquo;art contemporain (FRAC PACA)\u00a0dans le miro<\/strong><strong>ir<\/strong><\/p>\n<p>A survey of audiences and non-audiences at the <a href=\"https:\/\/www.frac-provence-alpes-cotedazur.org\/\">FRAC PACA<\/a> \u00e0 l&rsquo;\u00e9chelle du quartier de la Joliette<\/p>\n<p>Coordination: Elisa Ullauri-Llore, MESOPOLHIS post-doctoral fellow<\/p>\n<p>Trainees: L\u00e9a Gouley, LEST doctoral student and Kilina Moullier, M2 Sociology student<\/p>\n<p>&nbsp;<\/p>\n<p>\u25cf\u00a0\u00a0\u00a0\u00a0\u00a0 <strong>La m\u00e9dation et diffusion de la culture scientifique \u00e0 l&rsquo;\u00e9chelle territoriale<\/strong><\/p>\n<p>A map of the players involved in scientific culture, a directory of mediation practices and a list of events.<\/p>\n<p>Coordination: Maria Elena Buslacchi, MESOPOLHIS post-doctoral fellow<\/p>\n<p>&nbsp;<\/p>\n<p>\u25cf\u00a0\u00a0\u00a0\u00a0\u00a0 <strong>Un Mus\u00e9e d&rsquo;histoire au c\u0153ur d&rsquo;un centre commercial<\/strong><\/p>\n<p>Audiences and non-audiences <a href=\"https:\/\/www.musee-histoire-marseille-voie-historique.fr\/\">Mus\u00e9e d&rsquo;Histoire de Marseille<\/a> au regard de son implantation in\u00e9dite dans un centre commercial ; observation des dispositifs de m\u00e9diation exp\u00e9rimentaux con\u00e7us par les \u00e9tudiants de l&rsquo;<a href=\"http:\/\/esadmm.fr\/conservatoire\/presentation\/presentation\/\">INSEAMM<\/a>a study conducted in partnership with <a href=\"https:\/\/www.univ-amu.fr\/fr\/public\/institut-archeologie-mediterraneenne-arkaia\">l&rsquo;institut Arkaia<\/a> and the <a href=\"https:\/\/allsh.univ-amu.fr\/master-arts-mediation-culturelle\">Master Arts<\/a>, <a href=\"https:\/\/allsh.univ-amu.fr\/master-arts-mediation-culturelle\">Cultural mediation in the arts AMU<\/a><\/p>\n<p>Coordination: Gloria Romanello<\/p>\n<p>Collaboration with Judith Dehail (lecturer) and Prosper Wanner (associate lecturer), Master of Arts, Cultural Mediation course<\/p>\n<p>Trainees: Emma Monier and Sophia Alibou, M2 Archaeology; Thomas Deligny, M1 Sociology; Ilian Calaber, Angela Domingez, Mathilde Isambert, Sara Kiwan and Elise Queneder, M2 Cultural Mediation.<\/p>\n<p>&nbsp;<\/p>\n<p>\u25cf\u00a0\u00a0\u00a0\u00a0\u00a0 <strong>Interactive and immersive digital arts<\/strong><\/p>\n<p>Reactualising receptive mediations: the case of the <a href=\"https:\/\/chroniques.org\/presentation\/\">Digital Imaginations Biennial<\/a> in Aix-en-Provence<\/p>\n<p>Coordination: Matthieu Demory, MESOPOLHIS doctoral student<\/p>\n<p>Trainees: Fabio Bugelli and Ma\u00ebva Pintegne, L3 Sociology students<\/p>\n<p>&nbsp;<\/p>\n<p>\u25cf\u00a0\u00a0\u00a0\u00a0\u00a0 <strong>\u00c9tude d&rsquo;impact sur le dispositif <a href=\"https:\/\/education.alhambracine.com\/toute-la-lumiere-sur-les-segpa\/\">Shedding light on the SEGPA<\/a><\/strong><\/p>\n<p>Festival de courts m\u00e9trages r\u00e9alis\u00e9s par les \u00e9l\u00e8ves de l&rsquo;enseignement g\u00e9n\u00e9ral et professionnel adapt\u00e9 \u00e0 <a href=\"https:\/\/education.alhambracine.com\/\">l&rsquo;Alhambra, pole r\u00e9gional d&rsquo;\u00e9ducation \u00e0 l&rsquo;image<\/a> (Marseille)<\/p>\n<p>Coordination: Sylvia Girel, PR MESOPOLHIS and C\u00e9cile Durieux (Alhambra)<\/p>\n<p>Trainee: Ana\u00efs Merentier, M1 Sociology student<\/p>\n<p>&nbsp;<\/p>\n<p>\u25cf\u00a0\u00a0\u00a0\u00a0\u00a0 <strong>La m\u00e9diation et le traitement de l&rsquo;information scientifique par les journalistes<\/strong><\/p>\n<p>Mediating and disseminating research in the media, journalistic practices and sources specific to science journalism<\/p>\n<p>Coordination: Alexandre Joux, University Professor, IMSIC<\/p>\n<p>In the field: Alexia Cappuccio, IMSIC doctoral student<\/p>\n<p>&nbsp;<\/p>\n<p>\u25cf\u00a0\u00a0\u00a0\u00a0\u00a0 <strong>Les m\u00e9diations de l&rsquo;histoire en ligne<\/strong><\/p>\n<p>Un \u00e9tat des lieux des contenus de m\u00e9diation de l&rsquo;histoire publi\u00e9s sur le web et les r\u00e9seaux socio-num\u00e9riques<\/p>\n<p>Coordination: Sophie Gebeil, MCF TELEMME<\/p>\n<p>In the field: Sami Dendani, IGE MESOPOLHIS<\/p>\n<hr \/>\n<p>&nbsp;<\/p>\n<p><strong>Upcoming surveys<\/strong><\/p>\n<p>&nbsp;<\/p>\n<p>\u25cf\u00a0\u00a0\u00a0\u00a0\u00a0 <strong>Students' cultural practices<\/strong><\/p>\n<p>L&rsquo;une des enqu\u00eates piliers de l&rsquo;Observatoire en collaboration avec la Direction Culture et soci\u00e9t\u00e9 d&rsquo;Aix Marseille Universit\u00e9, qui sera reconduite r\u00e9guli\u00e8rement, vise \u00e0 connaitre, d\u00e9crire et comprendre les des pratiques culturelles des \u00e9tudiant.es d&rsquo;AMU, leurs sp\u00e9cificit\u00e9s et \u00e9volutions, et \u00e0 les mettre en lien avec l&rsquo;offre territoriale<\/p>\n<p>&nbsp;<\/p>\n<p>\u25cf\u00a0\u00a0\u00a0\u00a0\u00a0 <strong>Doctoral students and scientific culture<\/strong><\/p>\n<p>L&rsquo;une des enqu\u00eates piliers de l&rsquo;Observatoire, dont une exp\u00e9rience pilote a \u00e9t\u00e9 conduite entre 2018 et 2019 avec la Cellule culture scientifique d&rsquo;AMU. Pour une meilleure connaissance de la \u00ab culture scientifique \u00bb des \u00e9tudiant.es et des \u00e9l\u00e9ments qui fa\u00e7onnent leur choix de cursus avant et pendant leur parcours doctoral<\/p>\n<hr \/>\n<p>&nbsp;<\/p>\n<p><strong>Projets d&rsquo;enqu\u00eate en partenariat<\/strong><\/p>\n<ul>\n<li>Collaboration \u00e0 venir avec l&rsquo;<a href=\"http:\/\/esadmm.fr\/conservatoire\/presentation\/presentation\/\">INSEAMM<\/a>, Institut national sup\u00e9rieur d&rsquo;enseignement artistique Marseille-M\u00e9diterran\u00e9e, projet d&rsquo;une enqu\u00eate sur la formation \u00e0 la musique<\/li>\n<li>Upcoming collaboration with <a href=\"https:\/\/www.theatre-lacriee.com\/\">La Cri\u00e9e<\/a>, th\u00e9\u00e2tre national de Marseille, projet d&rsquo;\u00e9tude de publics<\/li>\n<\/ul>\n<hr \/>\n<p>&nbsp;<\/p>\n<p><strong>Other activities<\/strong><\/p>\n<p>\u25cf Scientifica, an art-science day<\/p>\n<p>Save the Date: next edition 16-17\/06\/2023<\/p>\n<p><a href=\"https:\/\/www.univ-amu.fr\/fr\/public\/actualites\/scientifica-une-journee-artssciences\">Retour sur l&rsquo;\u00e9dition 2022<\/a><\/p>\n<p>\u25cf A multidisciplinary seminar (MESOPOLHIS\/TELEMME\/IMSIC collaboration)<\/p>\n<p>\u00ab\u00a0Observer, \u00e9crire et restituer\u00a0\u00bb : Publics, pratiques et m\u00e9diations de la culture et de la science<\/p>\n<p>Save the Date: spring 2023<\/p>\n<p>\u25cf A blog <a href=\"https:\/\/publics.hypotheses.org\/\">PUBLIC(S)<\/a><\/p>\n<p>\u25cf A <a href=\"https:\/\/observatoire-publics.univ-amu.fr\/\">site\/platform<\/a> resources under construction<\/p>\n\t<p><b>Network of partners\u00a0<\/b><\/p>\n<p><i>NB : Cette liste n&rsquo;est pas exhaustive, mais elle montre des exemples d&rsquo;acteurs avec lesquels l&rsquo;Observatoire a d&rsquo;ores et d\u00e9j\u00e0 \u00e9tabli des partenariats, des collaborations\u00a0<\/i><\/p>\n\t<p><b>Au sein d&rsquo;AMU\u00a0<\/b><\/p>\n<ul>\n<li>MESOPOLHIS &#8211; porteur de projet<\/li>\n<li>LMA &#8211; Laboratoire de m\u00e9canique acoustique<\/li>\n<li>SOMUM &#8211; Institut Soci\u00e9t\u00e9s en Mutation en M\u00e9diterran\u00e9e<\/li>\n<li>ARKAIA &#8211; Institut d&rsquo;arch\u00e9ologie m\u00e9diterran\u00e9enne<\/li>\n<li>Cellule Culture et soci\u00e9t\u00e9 d&rsquo;AMU<\/li>\n<li>Scientific Culture Unit<\/li>\n<li>Im\u00e9ra<\/li>\n<li>IMSIC<\/li>\n<li>TELEMME<\/li>\n<li>&#8230;<\/li>\n<\/ul>\n\t<p><b>Cultural institutions <\/b><\/p>\n<ul>\n<li>MuCEM<\/li>\n<li>Mus\u00e9e d&rsquo;histoire de Marseille<\/li>\n<li>FRAC PACA &#8211; Fonds r\u00e9gional de l&rsquo;art contemporain<\/li>\n<li>INSEAMM &#8211; Institut national sup\u00e9rieur de<\/li>\n<li>l&rsquo;Enseignement artistique Marseille M\u00e9diterran\u00e9e<\/li>\n<li>Les Petits d\u00e9brouillards<\/li>\n<li>Zef national theatre stage<\/li>\n<li>L&rsquo;Alhambra<\/li>\n<li>&#8230;\n&nbsp;<\/li>\n<\/ul>","protected":false},"excerpt":{"rendered":"<p>Accueil &raquo; OBSERVATOIRE SCIENCES ET SOCIETE . MESRI &#8211; AMU OBSERVATOIRE SCIENCES ET SOCIETE . MESRI &#8211; AMU\u00a0 \u00a0\u00a0 Projet soutenu et financ\u00e9 par le minist\u00e8re de l&rsquo;Enseignement sup\u00e9rieur de la recherche et de l&rsquo;innovation, coordonn\u00e9 au sein d&rsquo;Amu par le laboratoire Mesopolhis (UMR 7064) 67% des fran\u00e7ais n&rsquo;ont pas franchi le seuil d&rsquo;un mus\u00e9e&hellip;<\/p>","protected":false},"author":4,"featured_media":0,"parent":0,"menu_order":0,"comment_status":"closed","ping_status":"closed","template":"","meta":{"_acf_changed":false,"inline_featured_image":false,"footnotes":""},"class_list":["post-31144","page","type-page","status-publish","hentry"],"acf":[],"yoast_head":"<!-- This site is optimized with the Yoast SEO plugin v27.4 - https:\/\/yoast.com\/product\/yoast-seo-wordpress\/ -->\n<title>OBSERVATOIRE SCIENCES ET SOCIETE . MESRI - AMU - Mesopolhis<\/title>\n<meta name=\"robots\" content=\"index, follow, max-snippet:-1, max-image-preview:large, max-video-preview:-1\" \/>\n<link rel=\"canonical\" href=\"https:\/\/mesopolhis.fr\/en\/observatoire-sciences-et-societe-mesri-amu\/\" \/>\n<meta property=\"og:locale\" content=\"en_GB\" \/>\n<meta property=\"og:type\" content=\"article\" \/>\n<meta property=\"og:title\" content=\"OBSERVATOIRE SCIENCES ET SOCIETE . MESRI - AMU - Mesopolhis\" \/>\n<meta property=\"og:description\" content=\"Accueil &raquo; OBSERVATOIRE SCIENCES ET SOCIETE . MESRI &#8211; AMU OBSERVATOIRE SCIENCES ET SOCIETE . MESRI &#8211; AMU\u00a0 \u00a0\u00a0 Projet soutenu et financ\u00e9 par le minist\u00e8re de l&rsquo;Enseignement sup\u00e9rieur de la recherche et de l&rsquo;innovation, coordonn\u00e9 au sein d&rsquo;Amu par le laboratoire Mesopolhis (UMR 7064) 67% des fran\u00e7ais n&rsquo;ont pas franchi le seuil d&rsquo;un mus\u00e9e&hellip;\" \/>\n<meta property=\"og:url\" content=\"https:\/\/mesopolhis.fr\/en\/observatoire-sciences-et-societe-mesri-amu\/\" \/>\n<meta property=\"og:site_name\" content=\"Mesopolhis\" \/>\n<meta property=\"article:modified_time\" content=\"2024-12-05T14:55:45+00:00\" \/>\n<meta property=\"og:image\" content=\"https:\/\/mesopolhis.fr\/wp-content\/uploads\/2022\/10\/Logo-Fond-beige.png\" \/>\n<meta name=\"twitter:card\" content=\"summary_large_image\" \/>\n<meta name=\"twitter:label1\" content=\"Estimated reading time\" \/>\n\t<meta name=\"twitter:data1\" content=\"7 minutes\" \/>\n<script type=\"application\/ld+json\" class=\"yoast-schema-graph\">{\"@context\":\"https:\\\/\\\/schema.org\",\"@graph\":[{\"@type\":\"WebPage\",\"@id\":\"https:\\\/\\\/mesopolhis.fr\\\/observatoire-sciences-et-societe-mesri-amu\\\/\",\"url\":\"https:\\\/\\\/mesopolhis.fr\\\/observatoire-sciences-et-societe-mesri-amu\\\/\",\"name\":\"OBSERVATOIRE SCIENCES ET SOCIETE . MESRI - AMU - Mesopolhis\",\"isPartOf\":{\"@id\":\"https:\\\/\\\/mesopolhis.fr\\\/#website\"},\"primaryImageOfPage\":{\"@id\":\"https:\\\/\\\/mesopolhis.fr\\\/observatoire-sciences-et-societe-mesri-amu\\\/#primaryimage\"},\"image\":{\"@id\":\"https:\\\/\\\/mesopolhis.fr\\\/observatoire-sciences-et-societe-mesri-amu\\\/#primaryimage\"},\"thumbnailUrl\":\"https:\\\/\\\/mesopolhis.fr\\\/wp-content\\\/uploads\\\/2022\\\/10\\\/Logo-Fond-beige.png\",\"datePublished\":\"2022-08-24T09:22:59+00:00\",\"dateModified\":\"2024-12-05T14:55:45+00:00\",\"breadcrumb\":{\"@id\":\"https:\\\/\\\/mesopolhis.fr\\\/observatoire-sciences-et-societe-mesri-amu\\\/#breadcrumb\"},\"inLanguage\":\"en-GB\",\"potentialAction\":[{\"@type\":\"ReadAction\",\"target\":[\"https:\\\/\\\/mesopolhis.fr\\\/observatoire-sciences-et-societe-mesri-amu\\\/\"]}]},{\"@type\":\"ImageObject\",\"inLanguage\":\"en-GB\",\"@id\":\"https:\\\/\\\/mesopolhis.fr\\\/observatoire-sciences-et-societe-mesri-amu\\\/#primaryimage\",\"url\":\"https:\\\/\\\/mesopolhis.fr\\\/wp-content\\\/uploads\\\/2022\\\/10\\\/Logo-Fond-beige.png\",\"contentUrl\":\"https:\\\/\\\/mesopolhis.fr\\\/wp-content\\\/uploads\\\/2022\\\/10\\\/Logo-Fond-beige.png\"},{\"@type\":\"BreadcrumbList\",\"@id\":\"https:\\\/\\\/mesopolhis.fr\\\/observatoire-sciences-et-societe-mesri-amu\\\/#breadcrumb\",\"itemListElement\":[{\"@type\":\"ListItem\",\"position\":1,\"name\":\"Accueil\",\"item\":\"https:\\\/\\\/mesopolhis.fr\\\/\"},{\"@type\":\"ListItem\",\"position\":2,\"name\":\"OBSERVATOIRE SCIENCES ET SOCIETE . MESRI &#8211; AMU\"}]},{\"@type\":\"WebSite\",\"@id\":\"https:\\\/\\\/mesopolhis.fr\\\/#website\",\"url\":\"https:\\\/\\\/mesopolhis.fr\\\/\",\"name\":\"Mesopolhis\",\"description\":\"Centre m\u00e9diterran\u00e9en de sociologie, de science politique et d&#039;histoire\",\"publisher\":{\"@id\":\"https:\\\/\\\/mesopolhis.fr\\\/#organization\"},\"potentialAction\":[{\"@type\":\"SearchAction\",\"target\":{\"@type\":\"EntryPoint\",\"urlTemplate\":\"https:\\\/\\\/mesopolhis.fr\\\/?s={search_term_string}\"},\"query-input\":{\"@type\":\"PropertyValueSpecification\",\"valueRequired\":true,\"valueName\":\"search_term_string\"}}],\"inLanguage\":\"en-GB\"},{\"@type\":\"Organization\",\"@id\":\"https:\\\/\\\/mesopolhis.fr\\\/#organization\",\"name\":\"Mesopolhis\",\"url\":\"https:\\\/\\\/mesopolhis.fr\\\/\",\"logo\":{\"@type\":\"ImageObject\",\"inLanguage\":\"en-GB\",\"@id\":\"https:\\\/\\\/mesopolhis.fr\\\/#\\\/schema\\\/logo\\\/image\\\/\",\"url\":\"https:\\\/\\\/mesopolhis.fr\\\/wp-content\\\/uploads\\\/2021\\\/12\\\/Logo_MESOPOLHIS_Quadri.png\",\"contentUrl\":\"https:\\\/\\\/mesopolhis.fr\\\/wp-content\\\/uploads\\\/2021\\\/12\\\/Logo_MESOPOLHIS_Quadri.png\",\"width\":264,\"height\":69,\"caption\":\"Mesopolhis\"},\"image\":{\"@id\":\"https:\\\/\\\/mesopolhis.fr\\\/#\\\/schema\\\/logo\\\/image\\\/\"}}]}<\/script>\n<!-- \/ Yoast SEO plugin. -->","yoast_head_json":{"title":"OBSERVATOIRE SCIENCES ET SOCIETE . MESRI - AMU - Mesopolhis","robots":{"index":"index","follow":"follow","max-snippet":"max-snippet:-1","max-image-preview":"max-image-preview:large","max-video-preview":"max-video-preview:-1"},"canonical":"https:\/\/mesopolhis.fr\/en\/observatoire-sciences-et-societe-mesri-amu\/","og_locale":"en_GB","og_type":"article","og_title":"OBSERVATOIRE SCIENCES ET SOCIETE . MESRI - AMU - Mesopolhis","og_description":"Accueil &raquo; OBSERVATOIRE SCIENCES ET SOCIETE . MESRI &#8211; AMU OBSERVATOIRE SCIENCES ET SOCIETE . MESRI &#8211; AMU\u00a0 \u00a0\u00a0 Projet soutenu et financ\u00e9 par le minist\u00e8re de l&rsquo;Enseignement sup\u00e9rieur de la recherche et de l&rsquo;innovation, coordonn\u00e9 au sein d&rsquo;Amu par le laboratoire Mesopolhis (UMR 7064) 67% des fran\u00e7ais n&rsquo;ont pas franchi le seuil d&rsquo;un mus\u00e9e&hellip;","og_url":"https:\/\/mesopolhis.fr\/en\/observatoire-sciences-et-societe-mesri-amu\/","og_site_name":"Mesopolhis","article_modified_time":"2024-12-05T14:55:45+00:00","og_image":[{"url":"https:\/\/mesopolhis.fr\/wp-content\/uploads\/2022\/10\/Logo-Fond-beige.png","type":"","width":"","height":""}],"twitter_card":"summary_large_image","twitter_misc":{"Estimated reading time":"7 minutes"},"schema":{"@context":"https:\/\/schema.org","@graph":[{"@type":"WebPage","@id":"https:\/\/mesopolhis.fr\/observatoire-sciences-et-societe-mesri-amu\/","url":"https:\/\/mesopolhis.fr\/observatoire-sciences-et-societe-mesri-amu\/","name":"OBSERVATOIRE SCIENCES ET SOCIETE . MESRI - AMU - Mesopolhis","isPartOf":{"@id":"https:\/\/mesopolhis.fr\/#website"},"primaryImageOfPage":{"@id":"https:\/\/mesopolhis.fr\/observatoire-sciences-et-societe-mesri-amu\/#primaryimage"},"image":{"@id":"https:\/\/mesopolhis.fr\/observatoire-sciences-et-societe-mesri-amu\/#primaryimage"},"thumbnailUrl":"https:\/\/mesopolhis.fr\/wp-content\/uploads\/2022\/10\/Logo-Fond-beige.png","datePublished":"2022-08-24T09:22:59+00:00","dateModified":"2024-12-05T14:55:45+00:00","breadcrumb":{"@id":"https:\/\/mesopolhis.fr\/observatoire-sciences-et-societe-mesri-amu\/#breadcrumb"},"inLanguage":"en-GB","potentialAction":[{"@type":"ReadAction","target":["https:\/\/mesopolhis.fr\/observatoire-sciences-et-societe-mesri-amu\/"]}]},{"@type":"ImageObject","inLanguage":"en-GB","@id":"https:\/\/mesopolhis.fr\/observatoire-sciences-et-societe-mesri-amu\/#primaryimage","url":"https:\/\/mesopolhis.fr\/wp-content\/uploads\/2022\/10\/Logo-Fond-beige.png","contentUrl":"https:\/\/mesopolhis.fr\/wp-content\/uploads\/2022\/10\/Logo-Fond-beige.png"},{"@type":"BreadcrumbList","@id":"https:\/\/mesopolhis.fr\/observatoire-sciences-et-societe-mesri-amu\/#breadcrumb","itemListElement":[{"@type":"ListItem","position":1,"name":"Accueil","item":"https:\/\/mesopolhis.fr\/"},{"@type":"ListItem","position":2,"name":"OBSERVATOIRE SCIENCES ET SOCIETE . MESRI &#8211; AMU"}]},{"@type":"WebSite","@id":"https:\/\/mesopolhis.fr\/#website","url":"https:\/\/mesopolhis.fr\/","name":"Mesopolhis","description":"Mediterranean Centre for Sociology, Political Science and History","publisher":{"@id":"https:\/\/mesopolhis.fr\/#organization"},"potentialAction":[{"@type":"SearchAction","target":{"@type":"EntryPoint","urlTemplate":"https:\/\/mesopolhis.fr\/?s={search_term_string}"},"query-input":{"@type":"PropertyValueSpecification","valueRequired":true,"valueName":"search_term_string"}}],"inLanguage":"en-GB"},{"@type":"Organization","@id":"https:\/\/mesopolhis.fr\/#organization","name":"Mesopolhis","url":"https:\/\/mesopolhis.fr\/","logo":{"@type":"ImageObject","inLanguage":"en-GB","@id":"https:\/\/mesopolhis.fr\/#\/schema\/logo\/image\/","url":"https:\/\/mesopolhis.fr\/wp-content\/uploads\/2021\/12\/Logo_MESOPOLHIS_Quadri.png","contentUrl":"https:\/\/mesopolhis.fr\/wp-content\/uploads\/2021\/12\/Logo_MESOPOLHIS_Quadri.png","width":264,"height":69,"caption":"Mesopolhis"},"image":{"@id":"https:\/\/mesopolhis.fr\/#\/schema\/logo\/image\/"}}]}},"_links":{"self":[{"href":"https:\/\/mesopolhis.fr\/en\/wp-json\/wp\/v2\/pages\/31144","targetHints":{"allow":["GET"]}}],"collection":[{"href":"https:\/\/mesopolhis.fr\/en\/wp-json\/wp\/v2\/pages"}],"about":[{"href":"https:\/\/mesopolhis.fr\/en\/wp-json\/wp\/v2\/types\/page"}],"author":[{"embeddable":true,"href":"https:\/\/mesopolhis.fr\/en\/wp-json\/wp\/v2\/users\/4"}],"replies":[{"embeddable":true,"href":"https:\/\/mesopolhis.fr\/en\/wp-json\/wp\/v2\/comments?post=31144"}],"version-history":[{"count":0,"href":"https:\/\/mesopolhis.fr\/en\/wp-json\/wp\/v2\/pages\/31144\/revisions"}],"wp:attachment":[{"href":"https:\/\/mesopolhis.fr\/en\/wp-json\/wp\/v2\/media?parent=31144"}],"curies":[{"name":"wp","href":"https:\/\/api.w.org\/{rel}","templated":true}]}}