{"id":31096,"date":"2022-08-23T15:27:26","date_gmt":"2022-08-23T13:27:26","guid":{"rendered":"https:\/\/mesopolhis.fr\/?page_id=31096"},"modified":"2025-04-07T11:31:04","modified_gmt":"2025-04-07T09:31:04","slug":"proteus-amidex","status":"publish","type":"page","link":"https:\/\/mesopolhis.fr\/en\/proteus-amidex\/","title":{"rendered":"PROTEUS . A*Midex"},"content":{"rendered":"<nav id=\"breadcrumbs\" aria-label=\"Breadcrumbs\"><a href=\"https:\/\/mesopolhis.fr\/en\/\">Home<\/a> \u00bbPROTEUS . A*Midex<\/nav><h1>\n\t\tPROTEUS.A*Midex\n\t<\/h1>\n<h3>\n\t\tPROspective Interdisciplinary Thinking on TErritorial USes and Risk Anticipation in the Mediterranean\n\t<\/h3>\n\t\t\t<h3> Duration: 2022 - 2025<\/h3>\t\t\n\t\t\t<h3> A*Midex funding: \u20ac100,000<\/h3>\t\t\n\t\t\t<h3> Project sponsor: Mesopolhis<\/h3>\t\t\n\t\t\t<h3> PROTEUS notebook<\/h3> <p>Follow the life of the programme : <a href=\"https:\/\/proteus.hypotheses.org\/\" target=\"_blank\" rel=\"noopener\">https:\/\/proteus.hypotheses.org\/<\/a><\/p>\t\t\n\t\t\t<h3> Scientific coordination of the project<\/h3> <p><strong>Sylvie Mazzela<\/strong>CNRS Research Director, MESOPOLHIS<strong>Antoine Dolez<\/strong>post-doctoral fellow, MESOPOLHIS<strong>Ante Ivcevic<\/strong>post-doctoral fellow, MESOPOLHIS<strong>Oriane Crouteix<\/strong>post-doctoral researcher, MESOPOLHIS<\/p>\t\t\n\t\t\t<h3> Partners<\/h3> <p>TELEMMe, DICE, LEST, URFM, Plan Bleu, Pr\u00e9fecture maritime de la M\u00e9diterran\u00e9e<\/p>\t\t\n\t<p>As the number of crises facing our societies increases, there is an urgent need for the humanities and social sciences (HSS) to take up the study of society's future and work with other disciplines on foresight and risk anticipation. However, the humanities and social sciences tend to shy away from this area, where interdisciplinary collaboration is rare. The aim of the PROTEUS project is to make up for this shortcoming and to create the conditions for a dynamic interdisciplinary research project on the anticipation of change and risk in the Mediterranean. The project is based on a recent multidisciplinary group of researchers and doctoral students in the humanities and social sciences (economists, demographers, geographers, historians, lawyers, philosophers, political scientists and sociologists), in collaboration with researchers in management and environmental sciences (ecologists) and experts in foresight.<\/p>\n<p>The objectives are :<\/p>\n<p>I) to build conceptual and methodological analytical frameworks for studying the future of societies,<\/p>\n<p>II) to launch two interdisciplinary pilot surveys based on the identification of major issues for the future of the Mediterranean basin: maritime planning and the fight against megafires,<\/p>\n<p>III) to train in the Humanities and Social Sciences to carry out foresight work combining new disciplinary and methodological approaches.<\/p>\n\t\t\t<h3> PROTEUS notebook<\/h3> <p>Follow the life of the programme : <a href=\"https:\/\/proteus.hypotheses.org\/\" target=\"_blank\" rel=\"noopener\">https:\/\/proteus.hypotheses.org\/<\/a><\/p>","protected":false},"excerpt":{"rendered":"<p>Home \u00bb PROTEUS . A*Midex PROTEUS.A*Midex PROspective Interdisciplinary Thinking on TErritorial USes and Risk Anticipation in the Mediterranean Duration: 2022 - 2025 A*Midex funding: \u20ac100,000 Initiator: Mesopolhis PROTEUS logbook Follow the life of the programme: https:\/\/proteus.hypotheses.org\/ Scientific coordination of the project Sylvie Mazzela, CNRS research director, MESOPOLHISAntoine Dolez, post-doctoral researcher, MESOPOLHISAnte Ivcevic,...<\/p>","protected":false},"author":4,"featured_media":0,"parent":0,"menu_order":0,"comment_status":"closed","ping_status":"closed","template":"","meta":{"_acf_changed":false,"inline_featured_image":false,"footnotes":""},"class_list":["post-31096","page","type-page","status-publish","hentry"],"acf":[],"yoast_head":"<!-- This site is optimized with the Yoast SEO plugin v27.3 - https:\/\/yoast.com\/product\/yoast-seo-wordpress\/ -->\n<title>PROTEUS . A*Midex - Mesopolhis<\/title>\n<meta name=\"robots\" content=\"index, follow, max-snippet:-1, max-image-preview:large, max-video-preview:-1\" \/>\n<link rel=\"canonical\" href=\"https:\/\/mesopolhis.fr\/en\/proteus-amidex\/\" \/>\n<meta property=\"og:locale\" content=\"en_GB\" \/>\n<meta property=\"og:type\" content=\"article\" \/>\n<meta property=\"og:title\" content=\"PROTEUS . A*Midex - Mesopolhis\" \/>\n<meta property=\"og:description\" content=\"Accueil &raquo; PROTEUS . A*Midex PROTEUS.A*Midex PROspective Interdisciplinary Thinking on TErritorial USes and Risk Anticipation in the Mediterranean Dur\u00e9e : 2022 &#8211; 2025 Financement A*Midex : 100 000\u20ac Porteur : Mesopolhis Carnet PROTEUS Suivre la vie du programme : https:\/\/proteus.hypotheses.org\/ Coordination scientifique du projet Sylvie Mazzela, directrice de recherche CNRS, MESOPOLHISAntoine Dolez, post-doctorant, MESOPOLHISAnte Ivcevic,&hellip;\" \/>\n<meta property=\"og:url\" content=\"https:\/\/mesopolhis.fr\/en\/proteus-amidex\/\" \/>\n<meta property=\"og:site_name\" content=\"Mesopolhis\" \/>\n<meta property=\"article:modified_time\" content=\"2025-04-07T09:31:04+00:00\" \/>\n<meta name=\"twitter:card\" content=\"summary_large_image\" \/>\n<meta name=\"twitter:label1\" content=\"Estimated reading time\" \/>\n\t<meta name=\"twitter:data1\" content=\"2 minutes\" \/>\n<script type=\"application\/ld+json\" class=\"yoast-schema-graph\">{\"@context\":\"https:\\\/\\\/schema.org\",\"@graph\":[{\"@type\":\"WebPage\",\"@id\":\"https:\\\/\\\/mesopolhis.fr\\\/proteus-amidex\\\/\",\"url\":\"https:\\\/\\\/mesopolhis.fr\\\/proteus-amidex\\\/\",\"name\":\"PROTEUS . A*Midex - Mesopolhis\",\"isPartOf\":{\"@id\":\"https:\\\/\\\/mesopolhis.fr\\\/#website\"},\"datePublished\":\"2022-08-23T13:27:26+00:00\",\"dateModified\":\"2025-04-07T09:31:04+00:00\",\"breadcrumb\":{\"@id\":\"https:\\\/\\\/mesopolhis.fr\\\/proteus-amidex\\\/#breadcrumb\"},\"inLanguage\":\"en-GB\",\"potentialAction\":[{\"@type\":\"ReadAction\",\"target\":[\"https:\\\/\\\/mesopolhis.fr\\\/proteus-amidex\\\/\"]}]},{\"@type\":\"BreadcrumbList\",\"@id\":\"https:\\\/\\\/mesopolhis.fr\\\/proteus-amidex\\\/#breadcrumb\",\"itemListElement\":[{\"@type\":\"ListItem\",\"position\":1,\"name\":\"Accueil\",\"item\":\"https:\\\/\\\/mesopolhis.fr\\\/\"},{\"@type\":\"ListItem\",\"position\":2,\"name\":\"PROTEUS . A*Midex\"}]},{\"@type\":\"WebSite\",\"@id\":\"https:\\\/\\\/mesopolhis.fr\\\/#website\",\"url\":\"https:\\\/\\\/mesopolhis.fr\\\/\",\"name\":\"Mesopolhis\",\"description\":\"Centre m\u00e9diterran\u00e9en de sociologie, de science politique et d&#039;histoire\",\"publisher\":{\"@id\":\"https:\\\/\\\/mesopolhis.fr\\\/#organization\"},\"potentialAction\":[{\"@type\":\"SearchAction\",\"target\":{\"@type\":\"EntryPoint\",\"urlTemplate\":\"https:\\\/\\\/mesopolhis.fr\\\/?s={search_term_string}\"},\"query-input\":{\"@type\":\"PropertyValueSpecification\",\"valueRequired\":true,\"valueName\":\"search_term_string\"}}],\"inLanguage\":\"en-GB\"},{\"@type\":\"Organization\",\"@id\":\"https:\\\/\\\/mesopolhis.fr\\\/#organization\",\"name\":\"Mesopolhis\",\"url\":\"https:\\\/\\\/mesopolhis.fr\\\/\",\"logo\":{\"@type\":\"ImageObject\",\"inLanguage\":\"en-GB\",\"@id\":\"https:\\\/\\\/mesopolhis.fr\\\/#\\\/schema\\\/logo\\\/image\\\/\",\"url\":\"https:\\\/\\\/mesopolhis.fr\\\/wp-content\\\/uploads\\\/2021\\\/12\\\/Logo_MESOPOLHIS_Quadri.png\",\"contentUrl\":\"https:\\\/\\\/mesopolhis.fr\\\/wp-content\\\/uploads\\\/2021\\\/12\\\/Logo_MESOPOLHIS_Quadri.png\",\"width\":264,\"height\":69,\"caption\":\"Mesopolhis\"},\"image\":{\"@id\":\"https:\\\/\\\/mesopolhis.fr\\\/#\\\/schema\\\/logo\\\/image\\\/\"}}]}<\/script>\n<!-- \/ Yoast SEO plugin. -->","yoast_head_json":{"title":"PROTEUS . A*Midex - Mesopolhis","robots":{"index":"index","follow":"follow","max-snippet":"max-snippet:-1","max-image-preview":"max-image-preview:large","max-video-preview":"max-video-preview:-1"},"canonical":"https:\/\/mesopolhis.fr\/en\/proteus-amidex\/","og_locale":"en_GB","og_type":"article","og_title":"PROTEUS . A*Midex - Mesopolhis","og_description":"Accueil &raquo; PROTEUS . A*Midex PROTEUS.A*Midex PROspective Interdisciplinary Thinking on TErritorial USes and Risk Anticipation in the Mediterranean Dur\u00e9e : 2022 &#8211; 2025 Financement A*Midex : 100 000\u20ac Porteur : Mesopolhis Carnet PROTEUS Suivre la vie du programme : https:\/\/proteus.hypotheses.org\/ Coordination scientifique du projet Sylvie Mazzela, directrice de recherche CNRS, MESOPOLHISAntoine Dolez, post-doctorant, MESOPOLHISAnte Ivcevic,&hellip;","og_url":"https:\/\/mesopolhis.fr\/en\/proteus-amidex\/","og_site_name":"Mesopolhis","article_modified_time":"2025-04-07T09:31:04+00:00","twitter_card":"summary_large_image","twitter_misc":{"Estimated reading time":"2 minutes"},"schema":{"@context":"https:\/\/schema.org","@graph":[{"@type":"WebPage","@id":"https:\/\/mesopolhis.fr\/proteus-amidex\/","url":"https:\/\/mesopolhis.fr\/proteus-amidex\/","name":"PROTEUS . A*Midex - Mesopolhis","isPartOf":{"@id":"https:\/\/mesopolhis.fr\/#website"},"datePublished":"2022-08-23T13:27:26+00:00","dateModified":"2025-04-07T09:31:04+00:00","breadcrumb":{"@id":"https:\/\/mesopolhis.fr\/proteus-amidex\/#breadcrumb"},"inLanguage":"en-GB","potentialAction":[{"@type":"ReadAction","target":["https:\/\/mesopolhis.fr\/proteus-amidex\/"]}]},{"@type":"BreadcrumbList","@id":"https:\/\/mesopolhis.fr\/proteus-amidex\/#breadcrumb","itemListElement":[{"@type":"ListItem","position":1,"name":"Accueil","item":"https:\/\/mesopolhis.fr\/"},{"@type":"ListItem","position":2,"name":"PROTEUS . A*Midex"}]},{"@type":"WebSite","@id":"https:\/\/mesopolhis.fr\/#website","url":"https:\/\/mesopolhis.fr\/","name":"Mesopolhis","description":"Mediterranean Centre for Sociology, Political Science and History","publisher":{"@id":"https:\/\/mesopolhis.fr\/#organization"},"potentialAction":[{"@type":"SearchAction","target":{"@type":"EntryPoint","urlTemplate":"https:\/\/mesopolhis.fr\/?s={search_term_string}"},"query-input":{"@type":"PropertyValueSpecification","valueRequired":true,"valueName":"search_term_string"}}],"inLanguage":"en-GB"},{"@type":"Organization","@id":"https:\/\/mesopolhis.fr\/#organization","name":"Mesopolhis","url":"https:\/\/mesopolhis.fr\/","logo":{"@type":"ImageObject","inLanguage":"en-GB","@id":"https:\/\/mesopolhis.fr\/#\/schema\/logo\/image\/","url":"https:\/\/mesopolhis.fr\/wp-content\/uploads\/2021\/12\/Logo_MESOPOLHIS_Quadri.png","contentUrl":"https:\/\/mesopolhis.fr\/wp-content\/uploads\/2021\/12\/Logo_MESOPOLHIS_Quadri.png","width":264,"height":69,"caption":"Mesopolhis"},"image":{"@id":"https:\/\/mesopolhis.fr\/#\/schema\/logo\/image\/"}}]}},"_links":{"self":[{"href":"https:\/\/mesopolhis.fr\/en\/wp-json\/wp\/v2\/pages\/31096","targetHints":{"allow":["GET"]}}],"collection":[{"href":"https:\/\/mesopolhis.fr\/en\/wp-json\/wp\/v2\/pages"}],"about":[{"href":"https:\/\/mesopolhis.fr\/en\/wp-json\/wp\/v2\/types\/page"}],"author":[{"embeddable":true,"href":"https:\/\/mesopolhis.fr\/en\/wp-json\/wp\/v2\/users\/4"}],"replies":[{"embeddable":true,"href":"https:\/\/mesopolhis.fr\/en\/wp-json\/wp\/v2\/comments?post=31096"}],"version-history":[{"count":0,"href":"https:\/\/mesopolhis.fr\/en\/wp-json\/wp\/v2\/pages\/31096\/revisions"}],"wp:attachment":[{"href":"https:\/\/mesopolhis.fr\/en\/wp-json\/wp\/v2\/media?parent=31096"}],"curies":[{"name":"wp","href":"https:\/\/api.w.org\/{rel}","templated":true}]}}