{"id":30747,"date":"2022-05-16T14:05:45","date_gmt":"2022-05-16T12:05:45","guid":{"rendered":"https:\/\/mesopolhis.fr\/?page_id=30747"},"modified":"2024-10-28T16:24:48","modified_gmt":"2024-10-28T15:24:48","slug":"the-research-library","status":"publish","type":"page","link":"https:\/\/mesopolhis.fr\/en\/the-laboratory\/the-research-library\/","title":{"rendered":"Research library"},"content":{"rendered":"<nav id=\"breadcrumbs\" aria-label=\"Breadcrumbs\"><a href=\"https:\/\/mesopolhis.fr\/en\/\">Home<\/a> \" <a href=\"https:\/\/mesopolhis.fr\/en\/the-laboratory\/\">The laboratory<\/a> &raquo; La biblioth\u00e8que Recherche<\/nav><h1>\n\t\tResearch library\n\t<\/h1>\n\t<p>&nbsp;<\/p>\n<p>La biblioth\u00e8que Recherche, situ\u00e9e \u00e0 l&rsquo;Espace Philippe SEGUIN, a pour mission principale de proposer des ouvrages indispensables aux travaux des chercheurs et des \u00e9tudiants, sp\u00e9cifiques \u00e0 leur domaine d&rsquo;\u00e9tude. Notre fond documentaire est constamment enrichi des derni\u00e8res nouveaut\u00e9s.<\/p>\n<p>Actuellement plus de 4000 ouvrages de recherche sont r\u00e9f\u00e9renc\u00e9s sur des disciplines aussi vari\u00e9es que la sociologie, l&rsquo;anthropologie, les sciences politiques et l&rsquo;\u00e9conomie.<\/p>\n<p>La biblioth\u00e8que Recherche propose un espace de travail calme, disposant d&rsquo;une connexion WI-FI et d&rsquo;un environnement num\u00e9rique de qualit\u00e9 (ordinateurs, imprimantes, scanner, photocopieuse).<\/p>\n\t\t\t\t\t\t\t\t\t<img loading=\"lazy\" decoding=\"async\" src=\"https:\/\/mesopolhis.fr\/wp-content\/uploads\/bb-plugin\/cache\/ateliers-square.jpg\" alt=\"Research library - Espace Philippe Seguin\" height=\"1779\" width=\"1000\" title=\"workshops\" \/>\n\t\t\t\t\t\t\t\t\t\t\tBiblioth\u00e8que Recherche &#8211; Espace Philippe Seguin\n\t\t\t\t\t\t\t\t\t<img loading=\"lazy\" decoding=\"async\" src=\"https:\/\/mesopolhis.fr\/wp-content\/uploads\/bb-plugin\/cache\/Mesopolhis-34-square.jpg\" alt=\"Research library - Espace Philippe Seguin\" height=\"667\" width=\"1000\" title=\"Mesopolhis-34\" \/>\n\t\t\t\t\t\t\t\t\t\t\tBiblioth\u00e8que Recherche &#8211; Espace Philippe Seguin\n\t<p><strong>Research library services<\/strong> :<\/p>\n<ul>\n<li><b>Consultation of works <\/b>en libre-acc\u00e8s, biblioth\u00e8que ouverte \u00e0 tous les membres de l&rsquo;unit\u00e9<\/li>\n<li><b>Loans<\/b> (interlibrary loans) and advice<\/li>\n<li><b>Politique d&rsquo;achat <\/b>de l&rsquo;unit\u00e9, suggestion d&rsquo;achat des chercheurs, commande d&rsquo;ouvrages sur demande<\/li>\n<li><b>Support for documentary research<\/b> (catalogues, web, online scientific journals).<\/li>\n<\/ul>\n<p>&nbsp;<\/p>\n<h5><strong>Horaires d&rsquo;ouverture :<\/strong><\/h5>\n<h4>Lundi : 9h &#8211; 17h50<br \/>\nMardi : 9h &#8211; 17h50<br \/>\nMercredi : 8h30 &#8211; 17h50<br \/>\nJeudi : 9h &#8211; 17h50<br \/>\nVendredi : 9h &#8211; 17h30<\/h4>\n<p><a href=\"https:\/\/maps.app.goo.gl\/nrbjgHVnM9HTYH2g7\" target=\"_blank\" rel=\"noopener\">Access Espace Philippe Seguin<\/a><\/p>\n<p>&nbsp;<\/p>","protected":false},"excerpt":{"rendered":"<p>Accueil &raquo; Le laboratoire &raquo; La biblioth\u00e8que Recherche La biblioth\u00e8que Recherche &nbsp; La biblioth\u00e8que Recherche, situ\u00e9e \u00e0 l&rsquo;Espace Philippe SEGUIN, a pour mission principale de proposer des ouvrages indispensables aux travaux des chercheurs et des \u00e9tudiants, sp\u00e9cifiques \u00e0 leur domaine d&rsquo;\u00e9tude. Notre fond documentaire est constamment enrichi des derni\u00e8res nouveaut\u00e9s. Actuellement plus de 4000 ouvrages&hellip;<\/p>","protected":false},"author":4,"featured_media":0,"parent":130,"menu_order":0,"comment_status":"closed","ping_status":"closed","template":"","meta":{"_acf_changed":false,"inline_featured_image":false,"footnotes":""},"class_list":["post-30747","page","type-page","status-publish","hentry"],"acf":[],"yoast_head":"<!-- This site is optimized with the Yoast SEO plugin v27.3 - https:\/\/yoast.com\/product\/yoast-seo-wordpress\/ -->\n<title>La biblioth\u00e8que Recherche - Mesopolhis<\/title>\n<meta name=\"robots\" content=\"index, follow, max-snippet:-1, max-image-preview:large, max-video-preview:-1\" \/>\n<link rel=\"canonical\" href=\"https:\/\/mesopolhis.fr\/en\/the-laboratory\/the-research-library\/\" \/>\n<meta property=\"og:locale\" content=\"en_GB\" \/>\n<meta property=\"og:type\" content=\"article\" \/>\n<meta property=\"og:title\" content=\"La biblioth\u00e8que Recherche - Mesopolhis\" \/>\n<meta property=\"og:description\" content=\"Accueil &raquo; Le laboratoire &raquo; La biblioth\u00e8que Recherche La biblioth\u00e8que Recherche &nbsp; La biblioth\u00e8que Recherche, situ\u00e9e \u00e0 l&rsquo;Espace Philippe SEGUIN, a pour mission principale de proposer des ouvrages indispensables aux travaux des chercheurs et des \u00e9tudiants, sp\u00e9cifiques \u00e0 leur domaine d&rsquo;\u00e9tude. Notre fond documentaire est constamment enrichi des derni\u00e8res nouveaut\u00e9s. Actuellement plus de 4000 ouvrages&hellip;\" \/>\n<meta property=\"og:url\" content=\"https:\/\/mesopolhis.fr\/en\/the-laboratory\/the-research-library\/\" \/>\n<meta property=\"og:site_name\" content=\"Mesopolhis\" \/>\n<meta property=\"article:modified_time\" content=\"2024-10-28T15:24:48+00:00\" \/>\n<meta property=\"og:image\" content=\"https:\/\/mesopolhis.fr\/wp-content\/uploads\/bb-plugin\/cache\/ateliers-square.jpg\" \/>\n<meta name=\"twitter:card\" content=\"summary_large_image\" \/>\n<meta name=\"twitter:label1\" content=\"Estimated reading time\" \/>\n\t<meta name=\"twitter:data1\" content=\"2 minutes\" \/>\n<script type=\"application\/ld+json\" class=\"yoast-schema-graph\">{\"@context\":\"https:\\\/\\\/schema.org\",\"@graph\":[{\"@type\":\"WebPage\",\"@id\":\"https:\\\/\\\/mesopolhis.fr\\\/le-laboratoire\\\/la-bibliotheque-recherche\\\/\",\"url\":\"https:\\\/\\\/mesopolhis.fr\\\/le-laboratoire\\\/la-bibliotheque-recherche\\\/\",\"name\":\"La biblioth\u00e8que Recherche - Mesopolhis\",\"isPartOf\":{\"@id\":\"https:\\\/\\\/mesopolhis.fr\\\/#website\"},\"primaryImageOfPage\":{\"@id\":\"https:\\\/\\\/mesopolhis.fr\\\/le-laboratoire\\\/la-bibliotheque-recherche\\\/#primaryimage\"},\"image\":{\"@id\":\"https:\\\/\\\/mesopolhis.fr\\\/le-laboratoire\\\/la-bibliotheque-recherche\\\/#primaryimage\"},\"thumbnailUrl\":\"https:\\\/\\\/mesopolhis.fr\\\/wp-content\\\/uploads\\\/bb-plugin\\\/cache\\\/ateliers-square.jpg\",\"datePublished\":\"2022-05-16T12:05:45+00:00\",\"dateModified\":\"2024-10-28T15:24:48+00:00\",\"breadcrumb\":{\"@id\":\"https:\\\/\\\/mesopolhis.fr\\\/le-laboratoire\\\/la-bibliotheque-recherche\\\/#breadcrumb\"},\"inLanguage\":\"en-GB\",\"potentialAction\":[{\"@type\":\"ReadAction\",\"target\":[\"https:\\\/\\\/mesopolhis.fr\\\/le-laboratoire\\\/la-bibliotheque-recherche\\\/\"]}]},{\"@type\":\"ImageObject\",\"inLanguage\":\"en-GB\",\"@id\":\"https:\\\/\\\/mesopolhis.fr\\\/le-laboratoire\\\/la-bibliotheque-recherche\\\/#primaryimage\",\"url\":\"https:\\\/\\\/mesopolhis.fr\\\/wp-content\\\/uploads\\\/bb-plugin\\\/cache\\\/ateliers-square.jpg\",\"contentUrl\":\"https:\\\/\\\/mesopolhis.fr\\\/wp-content\\\/uploads\\\/bb-plugin\\\/cache\\\/ateliers-square.jpg\"},{\"@type\":\"BreadcrumbList\",\"@id\":\"https:\\\/\\\/mesopolhis.fr\\\/le-laboratoire\\\/la-bibliotheque-recherche\\\/#breadcrumb\",\"itemListElement\":[{\"@type\":\"ListItem\",\"position\":1,\"name\":\"Accueil\",\"item\":\"https:\\\/\\\/mesopolhis.fr\\\/\"},{\"@type\":\"ListItem\",\"position\":2,\"name\":\"Le laboratoire\",\"item\":\"https:\\\/\\\/mesopolhis.fr\\\/le-laboratoire\\\/\"},{\"@type\":\"ListItem\",\"position\":3,\"name\":\"La biblioth\u00e8que Recherche\"}]},{\"@type\":\"WebSite\",\"@id\":\"https:\\\/\\\/mesopolhis.fr\\\/#website\",\"url\":\"https:\\\/\\\/mesopolhis.fr\\\/\",\"name\":\"Mesopolhis\",\"description\":\"Centre m\u00e9diterran\u00e9en de sociologie, de science politique et d&#039;histoire\",\"publisher\":{\"@id\":\"https:\\\/\\\/mesopolhis.fr\\\/#organization\"},\"potentialAction\":[{\"@type\":\"SearchAction\",\"target\":{\"@type\":\"EntryPoint\",\"urlTemplate\":\"https:\\\/\\\/mesopolhis.fr\\\/?s={search_term_string}\"},\"query-input\":{\"@type\":\"PropertyValueSpecification\",\"valueRequired\":true,\"valueName\":\"search_term_string\"}}],\"inLanguage\":\"en-GB\"},{\"@type\":\"Organization\",\"@id\":\"https:\\\/\\\/mesopolhis.fr\\\/#organization\",\"name\":\"Mesopolhis\",\"url\":\"https:\\\/\\\/mesopolhis.fr\\\/\",\"logo\":{\"@type\":\"ImageObject\",\"inLanguage\":\"en-GB\",\"@id\":\"https:\\\/\\\/mesopolhis.fr\\\/#\\\/schema\\\/logo\\\/image\\\/\",\"url\":\"https:\\\/\\\/mesopolhis.fr\\\/wp-content\\\/uploads\\\/2021\\\/12\\\/Logo_MESOPOLHIS_Quadri.png\",\"contentUrl\":\"https:\\\/\\\/mesopolhis.fr\\\/wp-content\\\/uploads\\\/2021\\\/12\\\/Logo_MESOPOLHIS_Quadri.png\",\"width\":264,\"height\":69,\"caption\":\"Mesopolhis\"},\"image\":{\"@id\":\"https:\\\/\\\/mesopolhis.fr\\\/#\\\/schema\\\/logo\\\/image\\\/\"}}]}<\/script>\n<!-- \/ Yoast SEO plugin. -->","yoast_head_json":{"title":"The Research Library - Mesopolhis","robots":{"index":"index","follow":"follow","max-snippet":"max-snippet:-1","max-image-preview":"max-image-preview:large","max-video-preview":"max-video-preview:-1"},"canonical":"https:\/\/mesopolhis.fr\/en\/the-laboratory\/the-research-library\/","og_locale":"en_GB","og_type":"article","og_title":"La biblioth\u00e8que Recherche - Mesopolhis","og_description":"Accueil &raquo; Le laboratoire &raquo; La biblioth\u00e8que Recherche La biblioth\u00e8que Recherche &nbsp; La biblioth\u00e8que Recherche, situ\u00e9e \u00e0 l&rsquo;Espace Philippe SEGUIN, a pour mission principale de proposer des ouvrages indispensables aux travaux des chercheurs et des \u00e9tudiants, sp\u00e9cifiques \u00e0 leur domaine d&rsquo;\u00e9tude. Notre fond documentaire est constamment enrichi des derni\u00e8res nouveaut\u00e9s. Actuellement plus de 4000 ouvrages&hellip;","og_url":"https:\/\/mesopolhis.fr\/en\/the-laboratory\/the-research-library\/","og_site_name":"Mesopolhis","article_modified_time":"2024-10-28T15:24:48+00:00","og_image":[{"url":"https:\/\/mesopolhis.fr\/wp-content\/uploads\/bb-plugin\/cache\/ateliers-square.jpg","type":"","width":"","height":""}],"twitter_card":"summary_large_image","twitter_misc":{"Estimated reading time":"2 minutes"},"schema":{"@context":"https:\/\/schema.org","@graph":[{"@type":"WebPage","@id":"https:\/\/mesopolhis.fr\/le-laboratoire\/la-bibliotheque-recherche\/","url":"https:\/\/mesopolhis.fr\/le-laboratoire\/la-bibliotheque-recherche\/","name":"The Research Library - Mesopolhis","isPartOf":{"@id":"https:\/\/mesopolhis.fr\/#website"},"primaryImageOfPage":{"@id":"https:\/\/mesopolhis.fr\/le-laboratoire\/la-bibliotheque-recherche\/#primaryimage"},"image":{"@id":"https:\/\/mesopolhis.fr\/le-laboratoire\/la-bibliotheque-recherche\/#primaryimage"},"thumbnailUrl":"https:\/\/mesopolhis.fr\/wp-content\/uploads\/bb-plugin\/cache\/ateliers-square.jpg","datePublished":"2022-05-16T12:05:45+00:00","dateModified":"2024-10-28T15:24:48+00:00","breadcrumb":{"@id":"https:\/\/mesopolhis.fr\/le-laboratoire\/la-bibliotheque-recherche\/#breadcrumb"},"inLanguage":"en-GB","potentialAction":[{"@type":"ReadAction","target":["https:\/\/mesopolhis.fr\/le-laboratoire\/la-bibliotheque-recherche\/"]}]},{"@type":"ImageObject","inLanguage":"en-GB","@id":"https:\/\/mesopolhis.fr\/le-laboratoire\/la-bibliotheque-recherche\/#primaryimage","url":"https:\/\/mesopolhis.fr\/wp-content\/uploads\/bb-plugin\/cache\/ateliers-square.jpg","contentUrl":"https:\/\/mesopolhis.fr\/wp-content\/uploads\/bb-plugin\/cache\/ateliers-square.jpg"},{"@type":"BreadcrumbList","@id":"https:\/\/mesopolhis.fr\/le-laboratoire\/la-bibliotheque-recherche\/#breadcrumb","itemListElement":[{"@type":"ListItem","position":1,"name":"Accueil","item":"https:\/\/mesopolhis.fr\/"},{"@type":"ListItem","position":2,"name":"Le laboratoire","item":"https:\/\/mesopolhis.fr\/le-laboratoire\/"},{"@type":"ListItem","position":3,"name":"La biblioth\u00e8que Recherche"}]},{"@type":"WebSite","@id":"https:\/\/mesopolhis.fr\/#website","url":"https:\/\/mesopolhis.fr\/","name":"Mesopolhis","description":"Mediterranean Centre for Sociology, Political Science and History","publisher":{"@id":"https:\/\/mesopolhis.fr\/#organization"},"potentialAction":[{"@type":"SearchAction","target":{"@type":"EntryPoint","urlTemplate":"https:\/\/mesopolhis.fr\/?s={search_term_string}"},"query-input":{"@type":"PropertyValueSpecification","valueRequired":true,"valueName":"search_term_string"}}],"inLanguage":"en-GB"},{"@type":"Organization","@id":"https:\/\/mesopolhis.fr\/#organization","name":"Mesopolhis","url":"https:\/\/mesopolhis.fr\/","logo":{"@type":"ImageObject","inLanguage":"en-GB","@id":"https:\/\/mesopolhis.fr\/#\/schema\/logo\/image\/","url":"https:\/\/mesopolhis.fr\/wp-content\/uploads\/2021\/12\/Logo_MESOPOLHIS_Quadri.png","contentUrl":"https:\/\/mesopolhis.fr\/wp-content\/uploads\/2021\/12\/Logo_MESOPOLHIS_Quadri.png","width":264,"height":69,"caption":"Mesopolhis"},"image":{"@id":"https:\/\/mesopolhis.fr\/#\/schema\/logo\/image\/"}}]}},"_links":{"self":[{"href":"https:\/\/mesopolhis.fr\/en\/wp-json\/wp\/v2\/pages\/30747","targetHints":{"allow":["GET"]}}],"collection":[{"href":"https:\/\/mesopolhis.fr\/en\/wp-json\/wp\/v2\/pages"}],"about":[{"href":"https:\/\/mesopolhis.fr\/en\/wp-json\/wp\/v2\/types\/page"}],"author":[{"embeddable":true,"href":"https:\/\/mesopolhis.fr\/en\/wp-json\/wp\/v2\/users\/4"}],"replies":[{"embeddable":true,"href":"https:\/\/mesopolhis.fr\/en\/wp-json\/wp\/v2\/comments?post=30747"}],"version-history":[{"count":0,"href":"https:\/\/mesopolhis.fr\/en\/wp-json\/wp\/v2\/pages\/30747\/revisions"}],"up":[{"embeddable":true,"href":"https:\/\/mesopolhis.fr\/en\/wp-json\/wp\/v2\/pages\/130"}],"wp:attachment":[{"href":"https:\/\/mesopolhis.fr\/en\/wp-json\/wp\/v2\/media?parent=30747"}],"curies":[{"name":"wp","href":"https:\/\/api.w.org\/{rel}","templated":true}]}}