{"id":184,"date":"2021-12-08T19:07:11","date_gmt":"2021-12-08T18:07:11","guid":{"rendered":"https:\/\/mesopolhis.frparteja.net\/?page_id=184"},"modified":"2022-02-28T12:15:59","modified_gmt":"2022-02-28T11:15:59","slug":"example-of-a-publication","status":"publish","type":"page","link":"https:\/\/mesopolhis.fr\/en\/production\/publications\/example-of-a-publication\/","title":{"rendered":"Example of a publication"},"content":{"rendered":"<p>Home &gt; Publications &gt; Sarah Tonsy<\/p>\n<h1>\n\t\tSara Tonsy - \"The Egyptian Army and the Muslim Brotherhood Contemporary Political Power Dynamics\".\n\t<\/h1>\n\t<h2>By <a href=\"#\">Sara Tonsy<\/a><\/h2>\n\t\t\t\t\t\t\t\t\t<img decoding=\"async\" src=\"https:\/\/mesopolhis.fr\/wp-content\/uploads\/2021\/12\/arton2040.jpg\" alt=\"arton2040\" itemprop=\"image\" title=\"arton2040\" onerror=\"this.style.display='none'\"  \/>\n\t<h2><strong>Sara Tonsy<\/strong>\u00a0- The Egyptian Army and the Muslim Brotherhood Contemporary Political Power Dynamics\" 1st edition,\u00a0<em>Routledge<\/em>190 pages<\/h2>\n<h3>Release date: 30 November 2021<\/h3>\n<p>Sara Tonsy is Associate Researcher at the IREMAM and Mesopolhis, sciences Po Aix, Aix-en-Provence, France. Tonsy has a PhD in Political Science from the Sciences Po Aix, 2019. Her work mainly focuses on Egypt as a case study.<\/p>\n\t\t\t<a href=\"\" target=\"_self\" role=\"button\" rel=\"noopener\">\n\t\t\t\t\t\t\tFind out more\n\t\t\t\t\t<\/a>\n\t<h2>Resume<\/h2>\n<p>This book provides an analysis of the relationship between the Egyptian army and the Muslim Brotherhood (MB). This is at times of cooperation, collaboration, rivalry, and enmity, offering a vivid perspective as to how the similarities of both political actors bring them together after decades of invisible presence in the Egyptian political field.<\/p>\n<p>Using ethnographic material that includes interviews, observations, and other forms of expression, both political actors\u2019 common trajectories are analyzed in terms of power dynamics. The study allows an insight on the understanding of the differences between madani (civil), \u2018askari (military), and dini (religious), how they are used and projected on the Egyptian political field. Finally, the book provides a dialogue simulation of the discourse of the MB and army, starting 2011, while analyzing the meaning of this exchange in terms of symbols, power, and mobilization.<\/p>\n<p>In highlighting similar elements to their respective governmentalities, this book outlines a new analysis of the rivalry, making it an important contribution for scholars and students interested in collective violence, civil-military relations, and political Islam in the Middle East.<\/p>\n\t<h2>Latest publications<\/h2>\n\t<meta itemscope itemprop=\"mainEntityOfPage\" itemtype=\"https:\/\/schema.org\/WebPage\" itemid=\"https:\/\/mesopolhis.fr\/2022\/02\/18\/claire-miot-la-premiere-armee-francaisede-la-provence-a-lallemagne-1944-1945\/\" content=\"Claire MIOT &#8211; La premi\u00e8re arm\u00e9e fran\u00e7aiseDe la Provence \u00e0 l&rsquo;Allemagne 1944-1945. Ed Perrin\" \/><meta itemprop=\"datePublished\" content=\"2022-02-18\" \/><meta itemprop=\"dateModified\" content=\"2022-02-18\" \/><meta itemprop=\"name\" content=\"Mesopolhis\"\/><meta itemprop=\"url\" content=\"https:\/\/mesopolhis.fr\/author\/virginie\/\" \/><meta itemprop=\"name\" content=\"virginie\" \/><meta itemprop=\"interactionType\" content=\"https:\/\/schema.org\/CommentAction\" \/><meta itemprop=\"userInteractionCount\" content=\"0\" \/>\n\t\t\t\t\t<a href=\"https:\/\/mesopolhis.fr\/en\/2022\/02\/18\/claire-miot-the-first-french-armyfrom-provence-to-germany-1944-1945\/\" title=\"Claire MIOT - The first French armyFrom Provence to Germany 1944-1945. Ed Perrin\"><\/a>\n\t\t\t\t<img loading=\"lazy\" decoding=\"async\" src=\"https:\/\/mesopolhis.fr\/wp-content\/uploads\/2022\/02\/La-premiere-armee-francaise-De-la-Provence-a-l-Allemagne-1944-1945.jpg\" alt=\"La-premiere-armee-francaise-De-la-Provence-a-l-Allemagne-1944-1945\" itemprop=\"image\" data-no-lazy=\"1\" height=\"340\" width=\"340\" title=\"La-premiere-armee-francaise-De-la-Provence-a-l-Allemagne-1944-1945\" onerror=\"this.style.display='none'\"  \/>\n\t\t\t\t\t\t\tFeb\n\t\t\t\t18\n\t\t\t\t\t\t\t\t\t<h4 itemprop=\"headline\">\n\t\t\t\t\t\t\t\t\t\t\t\t\t\tClaire MIOT - The first French army<br \/>From Provence to Germany 1944-1945. Ed Perrin\t\t\t\t\t\t\t\t\t\t\t<\/h4>\n\t\t<!-- .pp-content-posts -->\n\t<meta itemscope itemprop=\"mainEntityOfPage\" itemtype=\"https:\/\/schema.org\/WebPage\" itemid=\"https:\/\/mesopolhis.fr\/2022\/02\/18\/claire-miot-la-premiere-armee-francaisede-la-provence-a-lallemagne-1944-1945\/\" content=\"Claire MIOT &#8211; La premi\u00e8re arm\u00e9e fran\u00e7aiseDe la Provence \u00e0 l&rsquo;Allemagne 1944-1945. Ed Perrin\" \/><meta itemprop=\"datePublished\" content=\"2022-02-18\" \/><meta itemprop=\"dateModified\" content=\"2022-02-18\" \/><meta itemprop=\"name\" content=\"Mesopolhis\"\/><meta itemprop=\"url\" content=\"https:\/\/mesopolhis.fr\/author\/virginie\/\" \/><meta itemprop=\"name\" content=\"virginie\" \/><meta itemprop=\"interactionType\" content=\"https:\/\/schema.org\/CommentAction\" \/><meta itemprop=\"userInteractionCount\" content=\"0\" \/>\n\t\t\t\t\t<a href=\"https:\/\/mesopolhis.fr\/en\/2022\/02\/18\/claire-miot-the-first-french-armyfrom-provence-to-germany-1944-1945\/\" title=\"Claire MIOT - The first French armyFrom Provence to Germany 1944-1945. Ed Perrin\"><\/a>\n\t\t\t\t<img loading=\"lazy\" decoding=\"async\" src=\"https:\/\/mesopolhis.fr\/wp-content\/uploads\/2022\/02\/La-premiere-armee-francaise-De-la-Provence-a-l-Allemagne-1944-1945.jpg\" alt=\"La-premiere-armee-francaise-De-la-Provence-a-l-Allemagne-1944-1945\" itemprop=\"image\" data-no-lazy=\"1\" height=\"340\" width=\"340\" title=\"La-premiere-armee-francaise-De-la-Provence-a-l-Allemagne-1944-1945\" onerror=\"this.style.display='none'\"  \/>\n\t\t\t\t\t\t\tFeb\n\t\t\t\t18\n\t\t\t\t\t\t\t\t\t<h4 itemprop=\"headline\">\n\t\t\t\t\t\t\t\t\t\t\t\t\t\tClaire MIOT - The first French army<br \/>From Provence to Germany 1944-1945. Ed Perrin\t\t\t\t\t\t\t\t\t\t\t<\/h4>\n\t\t<!-- .pp-content-posts -->\n<h2>\n\t\tSee all publications on HAL\n\t<\/h2>\n\t\t\t<a href=\"\" target=\"_self\" role=\"button\" rel=\"noopener\">\n\t\t\t\t\t\t\tVisit\n\t\t\t\t\t<\/a>","protected":false},"excerpt":{"rendered":"<p>Home &gt; Publications &gt; Sara Tonsy Sara Tonsy - \"The Egyptian Army and the Muslim Brotherhood Contemporary Political Power Dynamics\" By Sara Tonsy Sara Tonsy - \"The Egyptian Army and the Muslim Brotherhood Contemporary Political Power Dynamics\" 1st edition, Routledge, 190 Pages Released 30 November 2021 Sara Tonsy is Associate Researcher at the IREMAM and Mesopolhis,...<\/p>","protected":false},"author":1,"featured_media":0,"parent":178,"menu_order":0,"comment_status":"closed","ping_status":"closed","template":"","meta":{"_acf_changed":false,"inline_featured_image":false,"footnotes":""},"class_list":["post-184","page","type-page","status-publish","hentry"],"acf":[],"yoast_head":"<!-- This site is optimized with the Yoast SEO plugin v27.4 - https:\/\/yoast.com\/product\/yoast-seo-wordpress\/ -->\n<title>Exemple de publication - Mesopolhis<\/title>\n<meta name=\"robots\" content=\"index, follow, max-snippet:-1, max-image-preview:large, max-video-preview:-1\" \/>\n<link rel=\"canonical\" href=\"https:\/\/mesopolhis.fr\/en\/production\/publications\/example-of-a-publication\/\" \/>\n<meta property=\"og:locale\" content=\"en_GB\" \/>\n<meta property=\"og:type\" content=\"article\" \/>\n<meta property=\"og:title\" content=\"Exemple de publication - Mesopolhis\" \/>\n<meta property=\"og:description\" content=\"Accueil &gt; Publications &gt; Sarah Tonsy Sara Tonsy &#8211; \u00ab\u00a0The Egyptian Army and the Muslim Brotherhood Contemporary Political Power Dynamics\u00a0\u00bb Par Sara Tonsy Sara Tonsy\u00a0&#8211; \u00ab\u00a0The Egyptian Army and the Muslim Brotherhood Contemporary Political Power Dynamics\u00a0\u00bb 1st edition,\u00a0Routledge, 190 Pages Sortie le 30 Novembre 2021 Sara Tonsy is Associate Researcher at the IREMAM and Mesopolhis,&hellip;\" \/>\n<meta property=\"og:url\" content=\"https:\/\/mesopolhis.fr\/en\/production\/publications\/example-of-a-publication\/\" \/>\n<meta property=\"og:site_name\" content=\"Mesopolhis\" \/>\n<meta property=\"article:modified_time\" content=\"2022-02-28T11:15:59+00:00\" \/>\n<meta property=\"og:image\" content=\"https:\/\/mesopolhis.fr\/wp-content\/uploads\/2021\/12\/arton2040.jpg\" \/>\n<meta name=\"twitter:card\" content=\"summary_large_image\" \/>\n<meta name=\"twitter:label1\" content=\"Estimated reading time\" \/>\n\t<meta name=\"twitter:data1\" content=\"3 minutes\" \/>\n<script type=\"application\/ld+json\" class=\"yoast-schema-graph\">{\"@context\":\"https:\\\/\\\/schema.org\",\"@graph\":[{\"@type\":\"WebPage\",\"@id\":\"https:\\\/\\\/mesopolhis.fr\\\/production\\\/publications\\\/exemple-de-publication\\\/\",\"url\":\"https:\\\/\\\/mesopolhis.fr\\\/production\\\/publications\\\/exemple-de-publication\\\/\",\"name\":\"Exemple de publication - Mesopolhis\",\"isPartOf\":{\"@id\":\"https:\\\/\\\/mesopolhis.fr\\\/#website\"},\"primaryImageOfPage\":{\"@id\":\"https:\\\/\\\/mesopolhis.fr\\\/production\\\/publications\\\/exemple-de-publication\\\/#primaryimage\"},\"image\":{\"@id\":\"https:\\\/\\\/mesopolhis.fr\\\/production\\\/publications\\\/exemple-de-publication\\\/#primaryimage\"},\"thumbnailUrl\":\"https:\\\/\\\/mesopolhis.fr\\\/wp-content\\\/uploads\\\/2021\\\/12\\\/arton2040.jpg\",\"datePublished\":\"2021-12-08T18:07:11+00:00\",\"dateModified\":\"2022-02-28T11:15:59+00:00\",\"breadcrumb\":{\"@id\":\"https:\\\/\\\/mesopolhis.fr\\\/production\\\/publications\\\/exemple-de-publication\\\/#breadcrumb\"},\"inLanguage\":\"en-GB\",\"potentialAction\":[{\"@type\":\"ReadAction\",\"target\":[\"https:\\\/\\\/mesopolhis.fr\\\/production\\\/publications\\\/exemple-de-publication\\\/\"]}]},{\"@type\":\"ImageObject\",\"inLanguage\":\"en-GB\",\"@id\":\"https:\\\/\\\/mesopolhis.fr\\\/production\\\/publications\\\/exemple-de-publication\\\/#primaryimage\",\"url\":\"https:\\\/\\\/mesopolhis.fr\\\/wp-content\\\/uploads\\\/2021\\\/12\\\/arton2040.jpg\",\"contentUrl\":\"https:\\\/\\\/mesopolhis.fr\\\/wp-content\\\/uploads\\\/2021\\\/12\\\/arton2040.jpg\"},{\"@type\":\"BreadcrumbList\",\"@id\":\"https:\\\/\\\/mesopolhis.fr\\\/production\\\/publications\\\/exemple-de-publication\\\/#breadcrumb\",\"itemListElement\":[{\"@type\":\"ListItem\",\"position\":1,\"name\":\"Accueil\",\"item\":\"https:\\\/\\\/mesopolhis.fr\\\/\"},{\"@type\":\"ListItem\",\"position\":2,\"name\":\"Productions\",\"item\":\"https:\\\/\\\/mesopolhis.fr\\\/production\\\/\"},{\"@type\":\"ListItem\",\"position\":3,\"name\":\"Publications\",\"item\":\"https:\\\/\\\/mesopolhis.fr\\\/production\\\/publications\\\/\"},{\"@type\":\"ListItem\",\"position\":4,\"name\":\"Exemple de publication\"}]},{\"@type\":\"WebSite\",\"@id\":\"https:\\\/\\\/mesopolhis.fr\\\/#website\",\"url\":\"https:\\\/\\\/mesopolhis.fr\\\/\",\"name\":\"Mesopolhis\",\"description\":\"Centre m\u00e9diterran\u00e9en de sociologie, de science politique et d&#039;histoire\",\"publisher\":{\"@id\":\"https:\\\/\\\/mesopolhis.fr\\\/#organization\"},\"potentialAction\":[{\"@type\":\"SearchAction\",\"target\":{\"@type\":\"EntryPoint\",\"urlTemplate\":\"https:\\\/\\\/mesopolhis.fr\\\/?s={search_term_string}\"},\"query-input\":{\"@type\":\"PropertyValueSpecification\",\"valueRequired\":true,\"valueName\":\"search_term_string\"}}],\"inLanguage\":\"en-GB\"},{\"@type\":\"Organization\",\"@id\":\"https:\\\/\\\/mesopolhis.fr\\\/#organization\",\"name\":\"Mesopolhis\",\"url\":\"https:\\\/\\\/mesopolhis.fr\\\/\",\"logo\":{\"@type\":\"ImageObject\",\"inLanguage\":\"en-GB\",\"@id\":\"https:\\\/\\\/mesopolhis.fr\\\/#\\\/schema\\\/logo\\\/image\\\/\",\"url\":\"https:\\\/\\\/mesopolhis.fr\\\/wp-content\\\/uploads\\\/2021\\\/12\\\/Logo_MESOPOLHIS_Quadri.png\",\"contentUrl\":\"https:\\\/\\\/mesopolhis.fr\\\/wp-content\\\/uploads\\\/2021\\\/12\\\/Logo_MESOPOLHIS_Quadri.png\",\"width\":264,\"height\":69,\"caption\":\"Mesopolhis\"},\"image\":{\"@id\":\"https:\\\/\\\/mesopolhis.fr\\\/#\\\/schema\\\/logo\\\/image\\\/\"}}]}<\/script>\n<!-- \/ Yoast SEO plugin. -->","yoast_head_json":{"title":"Sample publication - Mesopolhis","robots":{"index":"index","follow":"follow","max-snippet":"max-snippet:-1","max-image-preview":"max-image-preview:large","max-video-preview":"max-video-preview:-1"},"canonical":"https:\/\/mesopolhis.fr\/en\/production\/publications\/example-of-a-publication\/","og_locale":"en_GB","og_type":"article","og_title":"Exemple de publication - Mesopolhis","og_description":"Accueil &gt; Publications &gt; Sarah Tonsy Sara Tonsy &#8211; \u00ab\u00a0The Egyptian Army and the Muslim Brotherhood Contemporary Political Power Dynamics\u00a0\u00bb Par Sara Tonsy Sara Tonsy\u00a0&#8211; \u00ab\u00a0The Egyptian Army and the Muslim Brotherhood Contemporary Political Power Dynamics\u00a0\u00bb 1st edition,\u00a0Routledge, 190 Pages Sortie le 30 Novembre 2021 Sara Tonsy is Associate Researcher at the IREMAM and Mesopolhis,&hellip;","og_url":"https:\/\/mesopolhis.fr\/en\/production\/publications\/example-of-a-publication\/","og_site_name":"Mesopolhis","article_modified_time":"2022-02-28T11:15:59+00:00","og_image":[{"url":"https:\/\/mesopolhis.fr\/wp-content\/uploads\/2021\/12\/arton2040.jpg","type":"","width":"","height":""}],"twitter_card":"summary_large_image","twitter_misc":{"Estimated reading time":"3 minutes"},"schema":{"@context":"https:\/\/schema.org","@graph":[{"@type":"WebPage","@id":"https:\/\/mesopolhis.fr\/production\/publications\/exemple-de-publication\/","url":"https:\/\/mesopolhis.fr\/production\/publications\/exemple-de-publication\/","name":"Sample publication - Mesopolhis","isPartOf":{"@id":"https:\/\/mesopolhis.fr\/#website"},"primaryImageOfPage":{"@id":"https:\/\/mesopolhis.fr\/production\/publications\/exemple-de-publication\/#primaryimage"},"image":{"@id":"https:\/\/mesopolhis.fr\/production\/publications\/exemple-de-publication\/#primaryimage"},"thumbnailUrl":"https:\/\/mesopolhis.fr\/wp-content\/uploads\/2021\/12\/arton2040.jpg","datePublished":"2021-12-08T18:07:11+00:00","dateModified":"2022-02-28T11:15:59+00:00","breadcrumb":{"@id":"https:\/\/mesopolhis.fr\/production\/publications\/exemple-de-publication\/#breadcrumb"},"inLanguage":"en-GB","potentialAction":[{"@type":"ReadAction","target":["https:\/\/mesopolhis.fr\/production\/publications\/exemple-de-publication\/"]}]},{"@type":"ImageObject","inLanguage":"en-GB","@id":"https:\/\/mesopolhis.fr\/production\/publications\/exemple-de-publication\/#primaryimage","url":"https:\/\/mesopolhis.fr\/wp-content\/uploads\/2021\/12\/arton2040.jpg","contentUrl":"https:\/\/mesopolhis.fr\/wp-content\/uploads\/2021\/12\/arton2040.jpg"},{"@type":"BreadcrumbList","@id":"https:\/\/mesopolhis.fr\/production\/publications\/exemple-de-publication\/#breadcrumb","itemListElement":[{"@type":"ListItem","position":1,"name":"Accueil","item":"https:\/\/mesopolhis.fr\/"},{"@type":"ListItem","position":2,"name":"Productions","item":"https:\/\/mesopolhis.fr\/production\/"},{"@type":"ListItem","position":3,"name":"Publications","item":"https:\/\/mesopolhis.fr\/production\/publications\/"},{"@type":"ListItem","position":4,"name":"Exemple de publication"}]},{"@type":"WebSite","@id":"https:\/\/mesopolhis.fr\/#website","url":"https:\/\/mesopolhis.fr\/","name":"Mesopolhis","description":"Mediterranean Centre for Sociology, Political Science and History","publisher":{"@id":"https:\/\/mesopolhis.fr\/#organization"},"potentialAction":[{"@type":"SearchAction","target":{"@type":"EntryPoint","urlTemplate":"https:\/\/mesopolhis.fr\/?s={search_term_string}"},"query-input":{"@type":"PropertyValueSpecification","valueRequired":true,"valueName":"search_term_string"}}],"inLanguage":"en-GB"},{"@type":"Organization","@id":"https:\/\/mesopolhis.fr\/#organization","name":"Mesopolhis","url":"https:\/\/mesopolhis.fr\/","logo":{"@type":"ImageObject","inLanguage":"en-GB","@id":"https:\/\/mesopolhis.fr\/#\/schema\/logo\/image\/","url":"https:\/\/mesopolhis.fr\/wp-content\/uploads\/2021\/12\/Logo_MESOPOLHIS_Quadri.png","contentUrl":"https:\/\/mesopolhis.fr\/wp-content\/uploads\/2021\/12\/Logo_MESOPOLHIS_Quadri.png","width":264,"height":69,"caption":"Mesopolhis"},"image":{"@id":"https:\/\/mesopolhis.fr\/#\/schema\/logo\/image\/"}}]}},"_links":{"self":[{"href":"https:\/\/mesopolhis.fr\/en\/wp-json\/wp\/v2\/pages\/184","targetHints":{"allow":["GET"]}}],"collection":[{"href":"https:\/\/mesopolhis.fr\/en\/wp-json\/wp\/v2\/pages"}],"about":[{"href":"https:\/\/mesopolhis.fr\/en\/wp-json\/wp\/v2\/types\/page"}],"author":[{"embeddable":true,"href":"https:\/\/mesopolhis.fr\/en\/wp-json\/wp\/v2\/users\/1"}],"replies":[{"embeddable":true,"href":"https:\/\/mesopolhis.fr\/en\/wp-json\/wp\/v2\/comments?post=184"}],"version-history":[{"count":0,"href":"https:\/\/mesopolhis.fr\/en\/wp-json\/wp\/v2\/pages\/184\/revisions"}],"up":[{"embeddable":true,"href":"https:\/\/mesopolhis.fr\/en\/wp-json\/wp\/v2\/pages\/178"}],"wp:attachment":[{"href":"https:\/\/mesopolhis.fr\/en\/wp-json\/wp\/v2\/media?parent=184"}],"curies":[{"name":"wp","href":"https:\/\/api.w.org\/{rel}","templated":true}]}}