{"id":1665,"date":"2022-02-01T17:30:28","date_gmt":"2022-02-01T16:30:28","guid":{"rendered":"https:\/\/mesopolhis.fr\/?page_id=1665"},"modified":"2023-01-03T15:45:49","modified_gmt":"2023-01-03T14:45:49","slug":"personal-data-policy","status":"publish","type":"page","link":"https:\/\/mesopolhis.fr\/en\/personal-data-policy\/","title":{"rendered":"Personal data policy"},"content":{"rendered":"<a href=\"https:\/\/mesopolhis.fr\/en\/\">Home<\/a> &raquo; Politique de donn\u00e9es personnelles<h1>\n\t\tPersonal data policy\n\t<\/h1>\n\t<p><strong>Privacy policy for the www.mesopolhis.fr website<\/strong><\/p>\n<p>&nbsp;<\/p>\n<p>Personal data concerning :<\/p>\n<p>1. Les usagers et visiteurs du site web de l&rsquo;UMR MESOPOLHIS<\/p>\n<p>Des donn\u00e9es \u00e0 caract\u00e8re personnel sont susceptibles d&rsquo;\u00eatre collect\u00e9es par Mesopolhis, dans le cadre de la mise en relation avec le personnel de l&rsquo;unit\u00e9, au travers de formulaires de contact, ou de demandes de rattachement et partenariat scientifique. Ces donn\u00e9es sont le nom, pr\u00e9nom, adresse postale, adresse mail, num\u00e9ro de t\u00e9l\u00e9phone, ville et projet vous concernant. En fournissant ces informations, vous acceptez express\u00e9ment qu&rsquo;elles soient trait\u00e9es par le propri\u00e9taire du site. La base l\u00e9gale du traitement (RGDP : article 6 &#8211; Lic\u00e9it\u00e9 du traitement) est le consentement. Sont destinataires des donn\u00e9es : les services\/membres de l&rsquo;unit\u00e9, au travers des pages de \u00ab Contact \u00bb et \u00ab Rejoignez-nous \u00bb.<\/p>\n<p>&nbsp;<\/p>\n<p>2. les membres et partenaires de l&rsquo;UMR MESOPOLHIS<\/p>\n<p>Des donn\u00e9es \u00e0 caract\u00e8re personnel pour la liste des membres de l&rsquo;UMR Mesopolhis ou leurs pages personnelles telles que : nom, pr\u00e9nom, adresse e-mail, organisme de rattachement, adresse professionnelle, t\u00e9l\u00e9phone professionnel, statut, fonction et photo d&rsquo;identit\u00e9 sont susceptibles d&rsquo;\u00eatre collect\u00e9es par les administrateurs et contributeurs du site Web ou d&rsquo;\u00eatre affich\u00e9es depuis d&rsquo;autres sites.<\/p>\n<p>&nbsp;<\/p>\n<p>Dans les deux cas (1 et 2) aucun transfert des donn\u00e9es hors de l&rsquo;Union Europ\u00e9enne n&rsquo;est r\u00e9alis\u00e9.<\/p>\n<p>&nbsp;<\/p>\n<p>Data retention period<\/p>\n<p>* Au bout de 1 an d&rsquo;inactivit\u00e9, les donn\u00e9es personnelles sont supprim\u00e9es dans le cadre du droit \u00e0 l&rsquo;oubli ;<\/p>\n<p>* Cinq ans maximum, pour les contributeurs authentifi\u00e9s ne faisant plus partie du personnel de l&rsquo;unit\u00e9<\/p>\n<p>&nbsp;<\/p>\n<p>Personal law<\/p>\n<p>&nbsp;<\/p>\n<p>Conform\u00e9ment aux dispositions l\u00e9gales et r\u00e9glementaires applicables, en particulier la loi n\u00b0 78-17 du 6 janvier modifi\u00e9e relative \u00e0 l&rsquo;informatique, aux fichiers et aux libert\u00e9s et le r\u00e8glement europ\u00e9en n\u00b0 2016\/679\/UE du 27 avril 2016 (applicable depuis le 25 mai 2018), vous disposez des droits suivants :<\/p>\n<p>&nbsp;<\/p>\n<p>Option 1 - Update or delete your data by logging into your web account and configuring its settings;<\/p>\n<p>Option 2 \u2022 Exercer votre droit d&rsquo;acc\u00e8s, pour conna\u00eetre les donn\u00e9es personnelles qui vous concernent ; \u2022 Demander la mise \u00e0 jour de vos donn\u00e9es, si elles sont inexactes ;<\/p>\n<p>- Request the portability or deletion of your data; - Request the deletion of your account; - Request the restriction of the processing of your data; - Object, on legitimate grounds, to the processing of your data; - Withdraw your consent to the processing of your data.<\/p>\n<p>&nbsp;<\/p>\n<p>Vous pouvez exercer ces droits en vous adressant au d\u00e9l\u00e9gu\u00e9 \u00e0 la protection des donn\u00e9es (DPD) du CNRS, ou directement \u00e0 la direction de l&rsquo;UMR 7064 MESOPOLHIS. Le responsable du traitement de l&rsquo;information est le directeur de l&rsquo;unit\u00e9 (voir les mentions l\u00e9gales).<\/p>\n<p>DPD &#8211; D\u00e9l\u00e9gu\u00e9 \u00e0 la Protection des Donn\u00e9es 17 rue Notre Dame des Pauvres 54519 Vandoeuvre l\u00e8s Nancy Cedex Courriel : dpd.demandes-at-cnrs.fr<\/p>\n<p>&nbsp;<\/p>\n<p>Mesopolhis &#8211; UMR 7064<\/p>\n<p>Maison m\u00e9diterran\u00e9enne des sciences de l&rsquo;homme 5 rue du Ch\u00e2teau de l&rsquo;Horloge 13090 Aix-en-Provence<\/p>\n<p>Contact : R\u00e9f\u00e9rente ressources documentaires, \u00e0 l&rsquo;adresse : vanina.beauchamps-assali-at-cnrs.fr<\/p>\n<p>&nbsp;<\/p>\n<p>Si vous estimez, apr\u00e8s nous avoir contact\u00e9s, que vos droits Informatique et Libert\u00e9s ne sont pas respect\u00e9s, vous avez la possibilit\u00e9 d&rsquo;introduire une r\u00e9clamation en ligne aupr\u00e8s de la CNIL ou par courrier postal.<\/p>","protected":false},"excerpt":{"rendered":"<p>Accueil &raquo; Politique de donn\u00e9es personnelles Politique de donn\u00e9es personnelles Politique de confidentialit\u00e9 relative au site www.mesopolhis.fr &nbsp; Donn\u00e9es \u00e0 caract\u00e8re personnelles concernant : 1. Les usagers et visiteurs du site web de l&rsquo;UMR MESOPOLHIS Des donn\u00e9es \u00e0 caract\u00e8re personnel sont susceptibles d&rsquo;\u00eatre collect\u00e9es par Mesopolhis, dans le cadre de la mise en relation avec&hellip;<\/p>","protected":false},"author":180,"featured_media":0,"parent":0,"menu_order":0,"comment_status":"closed","ping_status":"closed","template":"","meta":{"_acf_changed":false,"inline_featured_image":false,"footnotes":""},"class_list":["post-1665","page","type-page","status-publish","hentry"],"acf":[],"yoast_head":"<!-- This site is optimized with the Yoast SEO plugin v27.3 - https:\/\/yoast.com\/product\/yoast-seo-wordpress\/ -->\n<title>Politique de donn\u00e9es personnelles - Mesopolhis<\/title>\n<meta name=\"robots\" content=\"index, follow, max-snippet:-1, max-image-preview:large, max-video-preview:-1\" \/>\n<link rel=\"canonical\" href=\"https:\/\/mesopolhis.fr\/en\/personal-data-policy\/\" \/>\n<meta property=\"og:locale\" content=\"en_GB\" \/>\n<meta property=\"og:type\" content=\"article\" \/>\n<meta property=\"og:title\" content=\"Politique de donn\u00e9es personnelles - Mesopolhis\" \/>\n<meta property=\"og:description\" content=\"Accueil &raquo; Politique de donn\u00e9es personnelles Politique de donn\u00e9es personnelles Politique de confidentialit\u00e9 relative au site www.mesopolhis.fr &nbsp; Donn\u00e9es \u00e0 caract\u00e8re personnelles concernant : 1. Les usagers et visiteurs du site web de l&rsquo;UMR MESOPOLHIS Des donn\u00e9es \u00e0 caract\u00e8re personnel sont susceptibles d&rsquo;\u00eatre collect\u00e9es par Mesopolhis, dans le cadre de la mise en relation avec&hellip;\" \/>\n<meta property=\"og:url\" content=\"https:\/\/mesopolhis.fr\/en\/personal-data-policy\/\" \/>\n<meta property=\"og:site_name\" content=\"Mesopolhis\" \/>\n<meta property=\"article:modified_time\" content=\"2023-01-03T14:45:49+00:00\" \/>\n<meta name=\"twitter:card\" content=\"summary_large_image\" \/>\n<script type=\"application\/ld+json\" class=\"yoast-schema-graph\">{\"@context\":\"https:\\\/\\\/schema.org\",\"@graph\":[{\"@type\":\"WebPage\",\"@id\":\"https:\\\/\\\/mesopolhis.fr\\\/politique-de-donnees-personnelles\\\/\",\"url\":\"https:\\\/\\\/mesopolhis.fr\\\/politique-de-donnees-personnelles\\\/\",\"name\":\"Politique de donn\u00e9es personnelles - Mesopolhis\",\"isPartOf\":{\"@id\":\"https:\\\/\\\/mesopolhis.fr\\\/#website\"},\"datePublished\":\"2022-02-01T16:30:28+00:00\",\"dateModified\":\"2023-01-03T14:45:49+00:00\",\"breadcrumb\":{\"@id\":\"https:\\\/\\\/mesopolhis.fr\\\/politique-de-donnees-personnelles\\\/#breadcrumb\"},\"inLanguage\":\"en-GB\",\"potentialAction\":[{\"@type\":\"ReadAction\",\"target\":[\"https:\\\/\\\/mesopolhis.fr\\\/politique-de-donnees-personnelles\\\/\"]}]},{\"@type\":\"BreadcrumbList\",\"@id\":\"https:\\\/\\\/mesopolhis.fr\\\/politique-de-donnees-personnelles\\\/#breadcrumb\",\"itemListElement\":[{\"@type\":\"ListItem\",\"position\":1,\"name\":\"Accueil\",\"item\":\"https:\\\/\\\/mesopolhis.fr\\\/\"},{\"@type\":\"ListItem\",\"position\":2,\"name\":\"Politique de donn\u00e9es personnelles\"}]},{\"@type\":\"WebSite\",\"@id\":\"https:\\\/\\\/mesopolhis.fr\\\/#website\",\"url\":\"https:\\\/\\\/mesopolhis.fr\\\/\",\"name\":\"Mesopolhis\",\"description\":\"Centre m\u00e9diterran\u00e9en de sociologie, de science politique et d&#039;histoire\",\"publisher\":{\"@id\":\"https:\\\/\\\/mesopolhis.fr\\\/#organization\"},\"potentialAction\":[{\"@type\":\"SearchAction\",\"target\":{\"@type\":\"EntryPoint\",\"urlTemplate\":\"https:\\\/\\\/mesopolhis.fr\\\/?s={search_term_string}\"},\"query-input\":{\"@type\":\"PropertyValueSpecification\",\"valueRequired\":true,\"valueName\":\"search_term_string\"}}],\"inLanguage\":\"en-GB\"},{\"@type\":\"Organization\",\"@id\":\"https:\\\/\\\/mesopolhis.fr\\\/#organization\",\"name\":\"Mesopolhis\",\"url\":\"https:\\\/\\\/mesopolhis.fr\\\/\",\"logo\":{\"@type\":\"ImageObject\",\"inLanguage\":\"en-GB\",\"@id\":\"https:\\\/\\\/mesopolhis.fr\\\/#\\\/schema\\\/logo\\\/image\\\/\",\"url\":\"https:\\\/\\\/mesopolhis.fr\\\/wp-content\\\/uploads\\\/2021\\\/12\\\/Logo_MESOPOLHIS_Quadri.png\",\"contentUrl\":\"https:\\\/\\\/mesopolhis.fr\\\/wp-content\\\/uploads\\\/2021\\\/12\\\/Logo_MESOPOLHIS_Quadri.png\",\"width\":264,\"height\":69,\"caption\":\"Mesopolhis\"},\"image\":{\"@id\":\"https:\\\/\\\/mesopolhis.fr\\\/#\\\/schema\\\/logo\\\/image\\\/\"}}]}<\/script>\n<!-- \/ Yoast SEO plugin. -->","yoast_head_json":{"title":"Personal data policy - Mesopolhis","robots":{"index":"index","follow":"follow","max-snippet":"max-snippet:-1","max-image-preview":"max-image-preview:large","max-video-preview":"max-video-preview:-1"},"canonical":"https:\/\/mesopolhis.fr\/en\/personal-data-policy\/","og_locale":"en_GB","og_type":"article","og_title":"Politique de donn\u00e9es personnelles - Mesopolhis","og_description":"Accueil &raquo; Politique de donn\u00e9es personnelles Politique de donn\u00e9es personnelles Politique de confidentialit\u00e9 relative au site www.mesopolhis.fr &nbsp; Donn\u00e9es \u00e0 caract\u00e8re personnelles concernant : 1. Les usagers et visiteurs du site web de l&rsquo;UMR MESOPOLHIS Des donn\u00e9es \u00e0 caract\u00e8re personnel sont susceptibles d&rsquo;\u00eatre collect\u00e9es par Mesopolhis, dans le cadre de la mise en relation avec&hellip;","og_url":"https:\/\/mesopolhis.fr\/en\/personal-data-policy\/","og_site_name":"Mesopolhis","article_modified_time":"2023-01-03T14:45:49+00:00","twitter_card":"summary_large_image","schema":{"@context":"https:\/\/schema.org","@graph":[{"@type":"WebPage","@id":"https:\/\/mesopolhis.fr\/politique-de-donnees-personnelles\/","url":"https:\/\/mesopolhis.fr\/politique-de-donnees-personnelles\/","name":"Personal data policy - Mesopolhis","isPartOf":{"@id":"https:\/\/mesopolhis.fr\/#website"},"datePublished":"2022-02-01T16:30:28+00:00","dateModified":"2023-01-03T14:45:49+00:00","breadcrumb":{"@id":"https:\/\/mesopolhis.fr\/politique-de-donnees-personnelles\/#breadcrumb"},"inLanguage":"en-GB","potentialAction":[{"@type":"ReadAction","target":["https:\/\/mesopolhis.fr\/politique-de-donnees-personnelles\/"]}]},{"@type":"BreadcrumbList","@id":"https:\/\/mesopolhis.fr\/politique-de-donnees-personnelles\/#breadcrumb","itemListElement":[{"@type":"ListItem","position":1,"name":"Accueil","item":"https:\/\/mesopolhis.fr\/"},{"@type":"ListItem","position":2,"name":"Politique de donn\u00e9es personnelles"}]},{"@type":"WebSite","@id":"https:\/\/mesopolhis.fr\/#website","url":"https:\/\/mesopolhis.fr\/","name":"Mesopolhis","description":"Mediterranean Centre for Sociology, Political Science and History","publisher":{"@id":"https:\/\/mesopolhis.fr\/#organization"},"potentialAction":[{"@type":"SearchAction","target":{"@type":"EntryPoint","urlTemplate":"https:\/\/mesopolhis.fr\/?s={search_term_string}"},"query-input":{"@type":"PropertyValueSpecification","valueRequired":true,"valueName":"search_term_string"}}],"inLanguage":"en-GB"},{"@type":"Organization","@id":"https:\/\/mesopolhis.fr\/#organization","name":"Mesopolhis","url":"https:\/\/mesopolhis.fr\/","logo":{"@type":"ImageObject","inLanguage":"en-GB","@id":"https:\/\/mesopolhis.fr\/#\/schema\/logo\/image\/","url":"https:\/\/mesopolhis.fr\/wp-content\/uploads\/2021\/12\/Logo_MESOPOLHIS_Quadri.png","contentUrl":"https:\/\/mesopolhis.fr\/wp-content\/uploads\/2021\/12\/Logo_MESOPOLHIS_Quadri.png","width":264,"height":69,"caption":"Mesopolhis"},"image":{"@id":"https:\/\/mesopolhis.fr\/#\/schema\/logo\/image\/"}}]}},"_links":{"self":[{"href":"https:\/\/mesopolhis.fr\/en\/wp-json\/wp\/v2\/pages\/1665","targetHints":{"allow":["GET"]}}],"collection":[{"href":"https:\/\/mesopolhis.fr\/en\/wp-json\/wp\/v2\/pages"}],"about":[{"href":"https:\/\/mesopolhis.fr\/en\/wp-json\/wp\/v2\/types\/page"}],"author":[{"embeddable":true,"href":"https:\/\/mesopolhis.fr\/en\/wp-json\/wp\/v2\/users\/180"}],"replies":[{"embeddable":true,"href":"https:\/\/mesopolhis.fr\/en\/wp-json\/wp\/v2\/comments?post=1665"}],"version-history":[{"count":0,"href":"https:\/\/mesopolhis.fr\/en\/wp-json\/wp\/v2\/pages\/1665\/revisions"}],"wp:attachment":[{"href":"https:\/\/mesopolhis.fr\/en\/wp-json\/wp\/v2\/media?parent=1665"}],"curies":[{"name":"wp","href":"https:\/\/api.w.org\/{rel}","templated":true}]}}