{"id":1661,"date":"2022-02-01T17:26:44","date_gmt":"2022-02-01T16:26:44","guid":{"rendered":"https:\/\/mesopolhis.fr\/?page_id=1661"},"modified":"2025-03-14T10:04:03","modified_gmt":"2025-03-14T09:04:03","slug":"legal-information","status":"publish","type":"page","link":"https:\/\/mesopolhis.fr\/en\/legal-information\/","title":{"rendered":"Legal information"},"content":{"rendered":"<nav id=\"breadcrumbs\" aria-label=\"Breadcrumbs\"><a href=\"https:\/\/mesopolhis.fr\/en\/\">Home<\/a> &raquo; Mentions l\u00e9gales<\/nav><h1>\n\t\tLegal information\n\t<\/h1>\n\t<h2>Publication Manager<\/h2>\n<p>Informations l\u00e9gales (responsabilit\u00e9s, droits, liens hypertextes, informatique et libert\u00e9s) relatives \u00e0 l&rsquo;utilisation et la consultation du site web de l&rsquo;UMR 7064 MESOPOLHIS | Centre m\u00e9diterran\u00e9en de sociologie, de science politique et d&rsquo;histoire. Unit\u00e9 Mixte de Recherche (Aix Marseille Universit\u00e9, Sciences Po, CNRS)<\/p>\n<p><strong>Publication :<\/strong><\/p>\nDirecteur de la publication : Nicolas Badalassi (directeur de l&rsquo;unit\u00e9)<br \/>\nEditorial staff: P\u00e9roline Rouillard and Vanina Beauchamps-Assali<br \/>\nWebmaster : Vanina Beauchamps-Assali\n<p><b>Accommodation : <\/b>OVH 2 rue Kellerman. BP 80157 59100 Roubaix<\/p>\n<p><b>Design \/ Production : <\/b>Ce site a \u00e9t\u00e9 r\u00e9alis\u00e9 par l&rsquo;<a href=\"https:\/\/parteja.net\/\">Parteja agency<\/a>.<\/p>\n<p><strong>Intellectual property<\/strong> The content, texts, including videos, and images that may appear or be available on the site are protected by intellectual property law.<\/p>\n<p>\u00c0 ce titre, vous vous engagez \u00e0 ne pas utiliser, extraire, copier, traduire, reproduire, vendre, publier, exploiter et diffuser des contenus du site prot\u00e9g\u00e9s par le droit de la propri\u00e9t\u00e9 intellectuelle, sans autorisation pr\u00e9alable et \u00e9crite de l&rsquo;UMR MESOPOLHIS.<\/p>\n<p>However, content made available to the public on the site may be reproduced on an occasional basis provided that the source is cited after the content reproduced, as follows:<\/p>\n<p>\"Content published on the mesopolhis.fr website\". This reference will point directly to the corresponding page via a hypertext link.<\/p>\n<p>Il est interdit d&rsquo;utiliser le logo de l&rsquo;UMR MESOPOLHIS sans l&rsquo;autorisation pr\u00e9alable et \u00e9crite de l&rsquo;unit\u00e9.<\/p>\n<p><strong>Disclaimer of liability<\/strong><\/p>\n<p>La responsabilit\u00e9 des organismes tutelles de l&rsquo;UMR MESOPOLHIS ne peut, en aucune mani\u00e8re, \u00eatre engag\u00e9e quant au contenu des informations figurant sur ce site ou aux cons\u00e9quences pouvant r\u00e9sulter de leur utilisation ou interpr\u00e9tation.<\/p>\n<p><strong>Hypertext links<\/strong><\/p>\n<p>La mise en place de liens hypertextes par des tiers, vers des pages ou des documents diffus\u00e9s sur le site de l&rsquo;UMR MESOPOLHIS, est autoris\u00e9e sous r\u00e9serve que les liens ne contreviennent pas aux int\u00e9r\u00eats de l&rsquo;UMR MESOPOLHIS et de ses organismes tutelles et qu&rsquo;ils garantissent la possibilit\u00e9 pour l&rsquo;utilisateur d&rsquo;identifier l&rsquo;origine et l&rsquo;auteur du document.<\/p>\n<p><strong>Processing and collection of personal data<\/strong><\/p>\n<p>To consult our data protection policy, please visit the \"Personal data policy\" page.<\/p>\n<p>&nbsp;<\/p>\n<p><strong>Photo credits \/ pictograms :<\/strong><\/p>\n<p>Logo : Laboratoire Mesopolhis<\/p>\n<p>Pictogrammes : Laboratoire Mesopolhis<\/p>\n<p>Cr\u00e9dits photos, sauf mentions contraire : Laboratoire Mesopolhis<\/p>\n<p>Icons : Designed by <a href=\"http:\/\/www.freepik.com\" target=\"_blank\" rel=\"noopener\">Freepik<\/a><\/p>","protected":false},"excerpt":{"rendered":"<p>Accueil &raquo; Mentions l\u00e9gales Mentions l\u00e9gales Responsable de la Publication Informations l\u00e9gales (responsabilit\u00e9s, droits, liens hypertextes, informatique et libert\u00e9s) relatives \u00e0 l&rsquo;utilisation et la consultation du site web de l&rsquo;UMR 7064 MESOPOLHIS | Centre m\u00e9diterran\u00e9en de sociologie, de science politique et d&rsquo;histoire. Unit\u00e9 Mixte de Recherche (Aix Marseille Universit\u00e9, Sciences Po, CNRS) Publication\u00a0: Directeur de&hellip;<\/p>","protected":false},"author":1,"featured_media":0,"parent":0,"menu_order":0,"comment_status":"closed","ping_status":"closed","template":"","meta":{"_acf_changed":false,"inline_featured_image":false,"footnotes":""},"class_list":["post-1661","page","type-page","status-publish","hentry"],"acf":[],"yoast_head":"<!-- This site is optimized with the Yoast SEO plugin v27.3 - https:\/\/yoast.com\/product\/yoast-seo-wordpress\/ -->\n<title>Mentions l\u00e9gales - Mesopolhis<\/title>\n<meta name=\"robots\" content=\"index, follow, max-snippet:-1, max-image-preview:large, max-video-preview:-1\" \/>\n<link rel=\"canonical\" href=\"https:\/\/mesopolhis.fr\/en\/legal-information\/\" \/>\n<meta property=\"og:locale\" content=\"en_GB\" \/>\n<meta property=\"og:type\" content=\"article\" \/>\n<meta property=\"og:title\" content=\"Mentions l\u00e9gales - Mesopolhis\" \/>\n<meta property=\"og:description\" content=\"Accueil &raquo; Mentions l\u00e9gales Mentions l\u00e9gales Responsable de la Publication Informations l\u00e9gales (responsabilit\u00e9s, droits, liens hypertextes, informatique et libert\u00e9s) relatives \u00e0 l&rsquo;utilisation et la consultation du site web de l&rsquo;UMR 7064 MESOPOLHIS | Centre m\u00e9diterran\u00e9en de sociologie, de science politique et d&rsquo;histoire. Unit\u00e9 Mixte de Recherche (Aix Marseille Universit\u00e9, Sciences Po, CNRS) Publication\u00a0: Directeur de&hellip;\" \/>\n<meta property=\"og:url\" content=\"https:\/\/mesopolhis.fr\/en\/legal-information\/\" \/>\n<meta property=\"og:site_name\" content=\"Mesopolhis\" \/>\n<meta property=\"article:modified_time\" content=\"2025-03-14T09:04:03+00:00\" \/>\n<meta name=\"twitter:card\" content=\"summary_large_image\" \/>\n<meta name=\"twitter:label1\" content=\"Estimated reading time\" \/>\n\t<meta name=\"twitter:data1\" content=\"2 minutes\" \/>\n<script type=\"application\/ld+json\" class=\"yoast-schema-graph\">{\"@context\":\"https:\\\/\\\/schema.org\",\"@graph\":[{\"@type\":\"WebPage\",\"@id\":\"https:\\\/\\\/mesopolhis.fr\\\/mentions-legales\\\/\",\"url\":\"https:\\\/\\\/mesopolhis.fr\\\/mentions-legales\\\/\",\"name\":\"Mentions l\u00e9gales - Mesopolhis\",\"isPartOf\":{\"@id\":\"https:\\\/\\\/mesopolhis.fr\\\/#website\"},\"datePublished\":\"2022-02-01T16:26:44+00:00\",\"dateModified\":\"2025-03-14T09:04:03+00:00\",\"breadcrumb\":{\"@id\":\"https:\\\/\\\/mesopolhis.fr\\\/mentions-legales\\\/#breadcrumb\"},\"inLanguage\":\"en-GB\",\"potentialAction\":[{\"@type\":\"ReadAction\",\"target\":[\"https:\\\/\\\/mesopolhis.fr\\\/mentions-legales\\\/\"]}]},{\"@type\":\"BreadcrumbList\",\"@id\":\"https:\\\/\\\/mesopolhis.fr\\\/mentions-legales\\\/#breadcrumb\",\"itemListElement\":[{\"@type\":\"ListItem\",\"position\":1,\"name\":\"Accueil\",\"item\":\"https:\\\/\\\/mesopolhis.fr\\\/\"},{\"@type\":\"ListItem\",\"position\":2,\"name\":\"Mentions l\u00e9gales\"}]},{\"@type\":\"WebSite\",\"@id\":\"https:\\\/\\\/mesopolhis.fr\\\/#website\",\"url\":\"https:\\\/\\\/mesopolhis.fr\\\/\",\"name\":\"Mesopolhis\",\"description\":\"Centre m\u00e9diterran\u00e9en de sociologie, de science politique et d&#039;histoire\",\"publisher\":{\"@id\":\"https:\\\/\\\/mesopolhis.fr\\\/#organization\"},\"potentialAction\":[{\"@type\":\"SearchAction\",\"target\":{\"@type\":\"EntryPoint\",\"urlTemplate\":\"https:\\\/\\\/mesopolhis.fr\\\/?s={search_term_string}\"},\"query-input\":{\"@type\":\"PropertyValueSpecification\",\"valueRequired\":true,\"valueName\":\"search_term_string\"}}],\"inLanguage\":\"en-GB\"},{\"@type\":\"Organization\",\"@id\":\"https:\\\/\\\/mesopolhis.fr\\\/#organization\",\"name\":\"Mesopolhis\",\"url\":\"https:\\\/\\\/mesopolhis.fr\\\/\",\"logo\":{\"@type\":\"ImageObject\",\"inLanguage\":\"en-GB\",\"@id\":\"https:\\\/\\\/mesopolhis.fr\\\/#\\\/schema\\\/logo\\\/image\\\/\",\"url\":\"https:\\\/\\\/mesopolhis.fr\\\/wp-content\\\/uploads\\\/2021\\\/12\\\/Logo_MESOPOLHIS_Quadri.png\",\"contentUrl\":\"https:\\\/\\\/mesopolhis.fr\\\/wp-content\\\/uploads\\\/2021\\\/12\\\/Logo_MESOPOLHIS_Quadri.png\",\"width\":264,\"height\":69,\"caption\":\"Mesopolhis\"},\"image\":{\"@id\":\"https:\\\/\\\/mesopolhis.fr\\\/#\\\/schema\\\/logo\\\/image\\\/\"}}]}<\/script>\n<!-- \/ Yoast SEO plugin. -->","yoast_head_json":{"title":"Legal information - Mesopolhis","robots":{"index":"index","follow":"follow","max-snippet":"max-snippet:-1","max-image-preview":"max-image-preview:large","max-video-preview":"max-video-preview:-1"},"canonical":"https:\/\/mesopolhis.fr\/en\/legal-information\/","og_locale":"en_GB","og_type":"article","og_title":"Mentions l\u00e9gales - Mesopolhis","og_description":"Accueil &raquo; Mentions l\u00e9gales Mentions l\u00e9gales Responsable de la Publication Informations l\u00e9gales (responsabilit\u00e9s, droits, liens hypertextes, informatique et libert\u00e9s) relatives \u00e0 l&rsquo;utilisation et la consultation du site web de l&rsquo;UMR 7064 MESOPOLHIS | Centre m\u00e9diterran\u00e9en de sociologie, de science politique et d&rsquo;histoire. Unit\u00e9 Mixte de Recherche (Aix Marseille Universit\u00e9, Sciences Po, CNRS) Publication\u00a0: Directeur de&hellip;","og_url":"https:\/\/mesopolhis.fr\/en\/legal-information\/","og_site_name":"Mesopolhis","article_modified_time":"2025-03-14T09:04:03+00:00","twitter_card":"summary_large_image","twitter_misc":{"Estimated reading time":"2 minutes"},"schema":{"@context":"https:\/\/schema.org","@graph":[{"@type":"WebPage","@id":"https:\/\/mesopolhis.fr\/mentions-legales\/","url":"https:\/\/mesopolhis.fr\/mentions-legales\/","name":"Legal information - Mesopolhis","isPartOf":{"@id":"https:\/\/mesopolhis.fr\/#website"},"datePublished":"2022-02-01T16:26:44+00:00","dateModified":"2025-03-14T09:04:03+00:00","breadcrumb":{"@id":"https:\/\/mesopolhis.fr\/mentions-legales\/#breadcrumb"},"inLanguage":"en-GB","potentialAction":[{"@type":"ReadAction","target":["https:\/\/mesopolhis.fr\/mentions-legales\/"]}]},{"@type":"BreadcrumbList","@id":"https:\/\/mesopolhis.fr\/mentions-legales\/#breadcrumb","itemListElement":[{"@type":"ListItem","position":1,"name":"Accueil","item":"https:\/\/mesopolhis.fr\/"},{"@type":"ListItem","position":2,"name":"Mentions l\u00e9gales"}]},{"@type":"WebSite","@id":"https:\/\/mesopolhis.fr\/#website","url":"https:\/\/mesopolhis.fr\/","name":"Mesopolhis","description":"Mediterranean Centre for Sociology, Political Science and History","publisher":{"@id":"https:\/\/mesopolhis.fr\/#organization"},"potentialAction":[{"@type":"SearchAction","target":{"@type":"EntryPoint","urlTemplate":"https:\/\/mesopolhis.fr\/?s={search_term_string}"},"query-input":{"@type":"PropertyValueSpecification","valueRequired":true,"valueName":"search_term_string"}}],"inLanguage":"en-GB"},{"@type":"Organization","@id":"https:\/\/mesopolhis.fr\/#organization","name":"Mesopolhis","url":"https:\/\/mesopolhis.fr\/","logo":{"@type":"ImageObject","inLanguage":"en-GB","@id":"https:\/\/mesopolhis.fr\/#\/schema\/logo\/image\/","url":"https:\/\/mesopolhis.fr\/wp-content\/uploads\/2021\/12\/Logo_MESOPOLHIS_Quadri.png","contentUrl":"https:\/\/mesopolhis.fr\/wp-content\/uploads\/2021\/12\/Logo_MESOPOLHIS_Quadri.png","width":264,"height":69,"caption":"Mesopolhis"},"image":{"@id":"https:\/\/mesopolhis.fr\/#\/schema\/logo\/image\/"}}]}},"_links":{"self":[{"href":"https:\/\/mesopolhis.fr\/en\/wp-json\/wp\/v2\/pages\/1661","targetHints":{"allow":["GET"]}}],"collection":[{"href":"https:\/\/mesopolhis.fr\/en\/wp-json\/wp\/v2\/pages"}],"about":[{"href":"https:\/\/mesopolhis.fr\/en\/wp-json\/wp\/v2\/types\/page"}],"author":[{"embeddable":true,"href":"https:\/\/mesopolhis.fr\/en\/wp-json\/wp\/v2\/users\/1"}],"replies":[{"embeddable":true,"href":"https:\/\/mesopolhis.fr\/en\/wp-json\/wp\/v2\/comments?post=1661"}],"version-history":[{"count":0,"href":"https:\/\/mesopolhis.fr\/en\/wp-json\/wp\/v2\/pages\/1661\/revisions"}],"wp:attachment":[{"href":"https:\/\/mesopolhis.fr\/en\/wp-json\/wp\/v2\/media?parent=1661"}],"curies":[{"name":"wp","href":"https:\/\/api.w.org\/{rel}","templated":true}]}}