{"id":1412,"date":"2022-01-25T11:26:48","date_gmt":"2022-01-25T10:26:48","guid":{"rendered":"https:\/\/mesopolhis.fr\/?page_id=1412"},"modified":"2025-02-06T14:59:32","modified_gmt":"2025-02-06T13:59:32","slug":"contact-us","status":"publish","type":"page","link":"https:\/\/mesopolhis.fr\/en\/the-laboratory\/contact-us\/","title":{"rendered":"Contact us"},"content":{"rendered":"<nav id=\"breadcrumbs\" aria-label=\"Breadcrumbs\"><a href=\"https:\/\/mesopolhis.fr\/en\/\">Home<\/a> \" <a href=\"https:\/\/mesopolhis.fr\/en\/the-laboratory\/\">The laboratory<\/a> \u00bbContact us<\/nav><h1>\n\t\tContact us\n\t<\/h1>\n\t<h3>The laboratory receives a very large number of thesis proposals and requests for affiliation, association and hosting.<\/h3>\nYou can find all the information you need on the \u00ab\u00a0<a href=\"https:\/\/mesopolhis.fr\/en\/join-mesopolhis\/\">Join MESOPOLHIS<\/a>\u00a0\u00bbFor all requests for hospitality or association.<br \/>\n\n<p>Contact us for any other requests.<\/p>\n                <form method='post' enctype='multipart\/form-data' target='gform_ajax_frame_1' id='gform_1'  action='\/en\/?page_id=1412&#038;fl_builder#gf_1' data-formid='1' novalidate data-trp-original-action=\"\/?page_id=1412&#038;fl_builder#gf_1\">\n                        <fieldset id=\"field_1_1\"  data-js-reload=\"field_1_1\"><legend class='gfield_label gform-field-label gfield_label_before_complex'>Contact<\/legend>\n                                                    <label for='input_1_1_3' class='gform-field-label gform-field-label--type-sub'>First name<\/label>\n                                                    <input type='text' name='input_1.3' id='input_1_1_3' value='' tabindex='101'  aria-required='false'     \/>\n                                                            <label for='input_1_1_6' class='gform-field-label gform-field-label--type-sub'>Name<\/label>\n                                                            <input type='text' name='input_1.6' id='input_1_1_6' value='' tabindex='103'  aria-required='false'     \/>\n                        <\/fieldset><fieldset id=\"field_1_2\"  data-js-reload=\"field_1_2\"><legend class='gfield_label gform-field-label gfield_label_before_complex'>Address<\/legend>    \n                                        <label for='input_1_2_1' id='input_1_2_1_label' class='gform-field-label gform-field-label--type-sub'>Postal address<\/label>\n                                        <input type='text' name='input_2.1' id='input_1_2_1' value='' tabindex='105'   aria-required='false'    \/>\n                                    <label for='input_1_2_3' id='input_1_2_3_label' class='gform-field-label gform-field-label--type-sub'>City<\/label>\n                                    <input type='text' name='input_2.3' id='input_1_2_3' value='' tabindex='106'   aria-required='false'    \/>\n                                 <input type='hidden' class='gform_hidden' name='input_2.4' id='input_1_2_4' value=''\/><input type='hidden' class='gform_hidden' name='input_2.6' id='input_1_2_6' value='' \/>\n                <\/fieldset><label class='gfield_label gform-field-label' for='input_1_3'>Telephone<\/label><input name='input_3' id='input_1_3' type='tel' value='' class='large' tabindex='108'   aria-invalid=\"false\"   \/><label class='gfield_label gform-field-label' for='input_1_4'>Website<\/label>\n                    <input name='input_4' id='input_1_4' type='url' value='' class='large' tabindex='109'   placeholder='https:\/\/'  aria-invalid=\"false\"\/>\n                <label class='gfield_label gform-field-label' for='input_1_7'>E-mail<\/label>\n                            <input name='input_7' id='input_1_7' type='email' value='' class='large' tabindex='110'    aria-invalid=\"false\"  \/>\n                        <label class='gfield_label gform-field-label' for='input_1_6'>Your project<\/label><textarea name='input_6' id='input_1_6' class='textarea large' tabindex='111'     aria-invalid=\"false\"   rows='10' cols='50'><\/textarea>\n         <input type='submit' id='gform_submit_button_1' class='gform_button button' onclick='gform.submission.handleButtonClick(this)' value='Send' tabindex='112' \/> <input type='hidden' name='gform_ajax' value='form_id=1&amp;title=&amp;description=&amp;tabindex=100&amp;theme=gravity-theme' \/>\n            <input type='hidden' class='gform_hidden' name='gform_submission_method' data-js='gform_submission_method_1' value='iframe' \/>\n            <input type='hidden' class='gform_hidden' name='is_submit_1' value='1' \/>\n            <input type='hidden' class='gform_hidden' name='gform_submit' value='1' \/>\n            <input type='hidden' class='gform_hidden' name='gform_unique_id' value='' \/>\n            <input type='hidden' class='gform_hidden' name='state_1' value='WyJbXSIsIjJhYWUyYWQ1YTUyNDUzNmNiZTdjYzA1MWMyMzM4NWVmIl0=' \/>\n            <input type='hidden' autocomplete='off' class='gform_hidden' name='gform_target_page_number_1' id='gform_target_page_number_1' value='0' \/>\n            <input type='hidden' autocomplete='off' class='gform_hidden' name='gform_source_page_number_1' id='gform_source_page_number_1' value='1' \/>\n            <input type='hidden' name='gform_field_values' value='' \/>\n                        <input type=\"hidden\" name=\"trp-form-language\" value=\"en\"\/><\/form>\n\t\t                <iframe style='display:none;width:0px;height:0px;' src='about:blank' name='gform_ajax_frame_1' id='gform_ajax_frame_1' title='This iframe contains the logic needed to manipulate Gravity Forms with Ajax.'><\/iframe>\n<h1>\n\t\tTo find out more\n\t<\/h1>\n\t\t\t<a href=\"https:\/\/mesopolhis.fr\/en\/the-laboratory\/mesopolhis-practical-guide\/\" target=\"_self\">\n\t\t\t\t\t\t\tPractical guide to Mesopolhis\n\t\t\t\t\t<\/a>\n\t\t\t<a href=\"https:\/\/mesopolhis.fr\/en\/becoming-a-doctoral-student\/\" target=\"_self\">\n\t\t\t\t\t\t\tBecoming a doctoral student\n\t\t\t\t\t<\/a>\n\t\t\t<a href=\"\" download target=\"_blank\" rel=\"noopener\">\n\t\t\t\t\t\t\tOrientation for new doctoral students\n\t\t\t\t\t<\/a>","protected":false},"excerpt":{"rendered":"<p>Home \u00bb The laboratory \u00bb Contact us Contact us The laboratory receives a very large number of thesis projects and requests for affiliation, association and hosting. You will find all the information you need on the \u00abJoin MESOPOLHIS\u00bb page for all hosting and association requests. Contact us for any other request. Contact First name Last name Address Postal address Town TelephoneSite...<\/p>","protected":false},"author":1,"featured_media":0,"parent":130,"menu_order":0,"comment_status":"closed","ping_status":"closed","template":"","meta":{"_acf_changed":false,"inline_featured_image":false,"footnotes":""},"class_list":["post-1412","page","type-page","status-publish","hentry"],"acf":[],"yoast_head":"<!-- This site is optimized with the Yoast SEO plugin v27.4 - https:\/\/yoast.com\/product\/yoast-seo-wordpress\/ -->\n<title>Contactez-nous - Mesopolhis<\/title>\n<meta name=\"robots\" content=\"index, follow, max-snippet:-1, max-image-preview:large, max-video-preview:-1\" \/>\n<link rel=\"canonical\" href=\"https:\/\/mesopolhis.fr\/en\/the-laboratory\/contact-us\/\" \/>\n<meta property=\"og:locale\" content=\"en_GB\" \/>\n<meta property=\"og:type\" content=\"article\" \/>\n<meta property=\"og:title\" content=\"Contactez-nous - Mesopolhis\" \/>\n<meta property=\"og:description\" content=\"Accueil &raquo; Le laboratoire &raquo; Contactez-nous Contactez-nous Le laboratoire re\u00e7oit un tr\u00e8s grand nombre de projets de th\u00e8se, de demandes de rattachement, d&rsquo;association et d&rsquo;accueil. Vous trouverez toutes les informations sur la page \u00ab\u00a0Rejoindre le MESOPOLHIS\u00a0\u00bb pour toute demande d&rsquo;accueil ou d&rsquo;association. Contactez-nous pour toute autre demande. Contact Pr\u00e9nom Nom Adresse Adresse postale Ville T\u00e9l\u00e9phoneSite&hellip;\" \/>\n<meta property=\"og:url\" content=\"https:\/\/mesopolhis.fr\/en\/the-laboratory\/contact-us\/\" \/>\n<meta property=\"og:site_name\" content=\"Mesopolhis\" \/>\n<meta property=\"article:modified_time\" content=\"2025-02-06T13:59:32+00:00\" \/>\n<meta name=\"twitter:card\" content=\"summary_large_image\" \/>\n<meta name=\"twitter:label1\" content=\"Estimated reading time\" \/>\n\t<meta name=\"twitter:data1\" content=\"1 minute\" \/>\n<script type=\"application\/ld+json\" class=\"yoast-schema-graph\">{\"@context\":\"https:\\\/\\\/schema.org\",\"@graph\":[{\"@type\":\"WebPage\",\"@id\":\"https:\\\/\\\/mesopolhis.fr\\\/le-laboratoire\\\/contactez-nous\\\/\",\"url\":\"https:\\\/\\\/mesopolhis.fr\\\/le-laboratoire\\\/contactez-nous\\\/\",\"name\":\"Contactez-nous - Mesopolhis\",\"isPartOf\":{\"@id\":\"https:\\\/\\\/mesopolhis.fr\\\/#website\"},\"datePublished\":\"2022-01-25T10:26:48+00:00\",\"dateModified\":\"2025-02-06T13:59:32+00:00\",\"breadcrumb\":{\"@id\":\"https:\\\/\\\/mesopolhis.fr\\\/le-laboratoire\\\/contactez-nous\\\/#breadcrumb\"},\"inLanguage\":\"en-GB\",\"potentialAction\":[{\"@type\":\"ReadAction\",\"target\":[\"https:\\\/\\\/mesopolhis.fr\\\/le-laboratoire\\\/contactez-nous\\\/\"]}]},{\"@type\":\"BreadcrumbList\",\"@id\":\"https:\\\/\\\/mesopolhis.fr\\\/le-laboratoire\\\/contactez-nous\\\/#breadcrumb\",\"itemListElement\":[{\"@type\":\"ListItem\",\"position\":1,\"name\":\"Accueil\",\"item\":\"https:\\\/\\\/mesopolhis.fr\\\/\"},{\"@type\":\"ListItem\",\"position\":2,\"name\":\"Le laboratoire\",\"item\":\"https:\\\/\\\/mesopolhis.fr\\\/le-laboratoire\\\/\"},{\"@type\":\"ListItem\",\"position\":3,\"name\":\"Contactez-nous\"}]},{\"@type\":\"WebSite\",\"@id\":\"https:\\\/\\\/mesopolhis.fr\\\/#website\",\"url\":\"https:\\\/\\\/mesopolhis.fr\\\/\",\"name\":\"Mesopolhis\",\"description\":\"Centre m\u00e9diterran\u00e9en de sociologie, de science politique et d&#039;histoire\",\"publisher\":{\"@id\":\"https:\\\/\\\/mesopolhis.fr\\\/#organization\"},\"potentialAction\":[{\"@type\":\"SearchAction\",\"target\":{\"@type\":\"EntryPoint\",\"urlTemplate\":\"https:\\\/\\\/mesopolhis.fr\\\/?s={search_term_string}\"},\"query-input\":{\"@type\":\"PropertyValueSpecification\",\"valueRequired\":true,\"valueName\":\"search_term_string\"}}],\"inLanguage\":\"en-GB\"},{\"@type\":\"Organization\",\"@id\":\"https:\\\/\\\/mesopolhis.fr\\\/#organization\",\"name\":\"Mesopolhis\",\"url\":\"https:\\\/\\\/mesopolhis.fr\\\/\",\"logo\":{\"@type\":\"ImageObject\",\"inLanguage\":\"en-GB\",\"@id\":\"https:\\\/\\\/mesopolhis.fr\\\/#\\\/schema\\\/logo\\\/image\\\/\",\"url\":\"https:\\\/\\\/mesopolhis.fr\\\/wp-content\\\/uploads\\\/2021\\\/12\\\/Logo_MESOPOLHIS_Quadri.png\",\"contentUrl\":\"https:\\\/\\\/mesopolhis.fr\\\/wp-content\\\/uploads\\\/2021\\\/12\\\/Logo_MESOPOLHIS_Quadri.png\",\"width\":264,\"height\":69,\"caption\":\"Mesopolhis\"},\"image\":{\"@id\":\"https:\\\/\\\/mesopolhis.fr\\\/#\\\/schema\\\/logo\\\/image\\\/\"}}]}<\/script>\n<!-- \/ Yoast SEO plugin. -->","yoast_head_json":{"title":"Contact us - Mesopolhis","robots":{"index":"index","follow":"follow","max-snippet":"max-snippet:-1","max-image-preview":"max-image-preview:large","max-video-preview":"max-video-preview:-1"},"canonical":"https:\/\/mesopolhis.fr\/en\/the-laboratory\/contact-us\/","og_locale":"en_GB","og_type":"article","og_title":"Contactez-nous - Mesopolhis","og_description":"Accueil &raquo; Le laboratoire &raquo; Contactez-nous Contactez-nous Le laboratoire re\u00e7oit un tr\u00e8s grand nombre de projets de th\u00e8se, de demandes de rattachement, d&rsquo;association et d&rsquo;accueil. Vous trouverez toutes les informations sur la page \u00ab\u00a0Rejoindre le MESOPOLHIS\u00a0\u00bb pour toute demande d&rsquo;accueil ou d&rsquo;association. Contactez-nous pour toute autre demande. Contact Pr\u00e9nom Nom Adresse Adresse postale Ville T\u00e9l\u00e9phoneSite&hellip;","og_url":"https:\/\/mesopolhis.fr\/en\/the-laboratory\/contact-us\/","og_site_name":"Mesopolhis","article_modified_time":"2025-02-06T13:59:32+00:00","twitter_card":"summary_large_image","twitter_misc":{"Estimated reading time":"1 minute"},"schema":{"@context":"https:\/\/schema.org","@graph":[{"@type":"WebPage","@id":"https:\/\/mesopolhis.fr\/le-laboratoire\/contactez-nous\/","url":"https:\/\/mesopolhis.fr\/le-laboratoire\/contactez-nous\/","name":"Contact us - Mesopolhis","isPartOf":{"@id":"https:\/\/mesopolhis.fr\/#website"},"datePublished":"2022-01-25T10:26:48+00:00","dateModified":"2025-02-06T13:59:32+00:00","breadcrumb":{"@id":"https:\/\/mesopolhis.fr\/le-laboratoire\/contactez-nous\/#breadcrumb"},"inLanguage":"en-GB","potentialAction":[{"@type":"ReadAction","target":["https:\/\/mesopolhis.fr\/le-laboratoire\/contactez-nous\/"]}]},{"@type":"BreadcrumbList","@id":"https:\/\/mesopolhis.fr\/le-laboratoire\/contactez-nous\/#breadcrumb","itemListElement":[{"@type":"ListItem","position":1,"name":"Accueil","item":"https:\/\/mesopolhis.fr\/"},{"@type":"ListItem","position":2,"name":"Le laboratoire","item":"https:\/\/mesopolhis.fr\/le-laboratoire\/"},{"@type":"ListItem","position":3,"name":"Contactez-nous"}]},{"@type":"WebSite","@id":"https:\/\/mesopolhis.fr\/#website","url":"https:\/\/mesopolhis.fr\/","name":"Mesopolhis","description":"Mediterranean Centre for Sociology, Political Science and History","publisher":{"@id":"https:\/\/mesopolhis.fr\/#organization"},"potentialAction":[{"@type":"SearchAction","target":{"@type":"EntryPoint","urlTemplate":"https:\/\/mesopolhis.fr\/?s={search_term_string}"},"query-input":{"@type":"PropertyValueSpecification","valueRequired":true,"valueName":"search_term_string"}}],"inLanguage":"en-GB"},{"@type":"Organization","@id":"https:\/\/mesopolhis.fr\/#organization","name":"Mesopolhis","url":"https:\/\/mesopolhis.fr\/","logo":{"@type":"ImageObject","inLanguage":"en-GB","@id":"https:\/\/mesopolhis.fr\/#\/schema\/logo\/image\/","url":"https:\/\/mesopolhis.fr\/wp-content\/uploads\/2021\/12\/Logo_MESOPOLHIS_Quadri.png","contentUrl":"https:\/\/mesopolhis.fr\/wp-content\/uploads\/2021\/12\/Logo_MESOPOLHIS_Quadri.png","width":264,"height":69,"caption":"Mesopolhis"},"image":{"@id":"https:\/\/mesopolhis.fr\/#\/schema\/logo\/image\/"}}]}},"_links":{"self":[{"href":"https:\/\/mesopolhis.fr\/en\/wp-json\/wp\/v2\/pages\/1412","targetHints":{"allow":["GET"]}}],"collection":[{"href":"https:\/\/mesopolhis.fr\/en\/wp-json\/wp\/v2\/pages"}],"about":[{"href":"https:\/\/mesopolhis.fr\/en\/wp-json\/wp\/v2\/types\/page"}],"author":[{"embeddable":true,"href":"https:\/\/mesopolhis.fr\/en\/wp-json\/wp\/v2\/users\/1"}],"replies":[{"embeddable":true,"href":"https:\/\/mesopolhis.fr\/en\/wp-json\/wp\/v2\/comments?post=1412"}],"version-history":[{"count":0,"href":"https:\/\/mesopolhis.fr\/en\/wp-json\/wp\/v2\/pages\/1412\/revisions"}],"up":[{"embeddable":true,"href":"https:\/\/mesopolhis.fr\/en\/wp-json\/wp\/v2\/pages\/130"}],"wp:attachment":[{"href":"https:\/\/mesopolhis.fr\/en\/wp-json\/wp\/v2\/media?parent=1412"}],"curies":[{"name":"wp","href":"https:\/\/api.w.org\/{rel}","templated":true}]}}