{"id":1400,"date":"2022-01-25T11:19:09","date_gmt":"2022-01-25T10:19:09","guid":{"rendered":"https:\/\/mesopolhis.fr\/?page_id=1400"},"modified":"2024-10-30T11:13:23","modified_gmt":"2024-10-30T10:13:23","slug":"our-sponsors","status":"publish","type":"page","link":"https:\/\/mesopolhis.fr\/en\/the-laboratory\/our-sponsors\/","title":{"rendered":"Our supervisory bodies"},"content":{"rendered":"<nav id=\"breadcrumbs\" aria-label=\"Breadcrumbs\"><a href=\"https:\/\/mesopolhis.fr\/en\/\">Home<\/a> &raquo; Nos tutelles<\/nav><h1>\n\t\tOur supervisory bodies\n\t<\/h1>\n\t\t\t\t\t\t\t\t<a href=\"https:\/\/www.univ-amu.fr\" target=\"_blank\" rel=\"noopener\">\n\t\t\t\t\t\t\t\t\t<img loading=\"lazy\" decoding=\"async\" src=\"https:\/\/mesopolhis.fr\/wp-content\/uploads\/2021\/12\/1.D.-Logotype-partenaire-1024x278.png\" alt=\"1.D. Partner logo\" height=\"278\" width=\"1024\" title=\"1.D. Partner logo\" \/>\n\t\t\t\t\t\t\t\t\t\t\t\t\t<\/a>\n<h3>\n\t\tAix Marseille University\n\t<\/h3>\n\tPlus grande universit\u00e9 francophone pluridisciplinaire, Aix-Marseille Universit\u00e9 (AMU) accueille 80 000 \u00e9tudiants et pr\u00e8s de 8 000 personnels sur 5 grands campus aux standards internationaux. Propri\u00e9taire de 90 % de son patrimoine, l&rsquo;universit\u00e9 est pr\u00e9sente sur 9 villes, dans 4 d\u00e9partements de la R\u00e9gion Sud.<br \/>\nSa Fondation universitaire A*Midex, qui porte l&rsquo;IDEX p\u00e9rennis\u00e9e, contribue au d\u00e9veloppement d&rsquo;un p\u00f4le interdisciplinaire d&rsquo;enseignement sup\u00e9rieur et de recherche de rang mondial. Dite\u00a0 \u00ab universit\u00e9 de recherche intensive \u00bb elle abrite 122 structures de recherche en lien avec les grands organismes de recherche nationaux.\n\t\t\t\t\t\t\t\t<a href=\"https:\/\/www.cnrs.fr\" target=\"_blank\" rel=\"noopener\">\n\t\t\t\t\t\t\t\t\t<img loading=\"lazy\" decoding=\"async\" src=\"https:\/\/mesopolhis.fr\/wp-content\/uploads\/2024\/07\/LOGO_CNRS_BLEU.png\" alt=\"LOGO_CNRS_BLEU\" height=\"863\" width=\"875\" title=\"LOGO_CNRS_BLEU\" \/>\n\t\t\t\t\t\t\t\t\t\t\t\t\t<\/a>\n<h3>\n\t\tThe French National Centre for Scientific Research (CNRS)\n\t<\/h3>\n\t<p>Le Centre national de la recherche scientifique est une institution de recherche parmi les plus importantes au monde. Pour relever les grands d\u00e9fis pr\u00e9sents et \u00e0 venir, ses scientifiques explorent le vivant, la mati\u00e8re, l&rsquo;Univers et le fonctionnement des soci\u00e9t\u00e9s humaines. Internationalement reconnu pour l&rsquo;excellence de ses travaux scientifiques, le CNRS est une r\u00e9f\u00e9rence aussi bien dans l&rsquo;univers de la recherche et d\u00e9veloppement que pour le grand public.<\/p>\n\t\t\t\t\t\t\t\t<a href=\"https:\/\/www.sciencespo-aix.fr\" target=\"_blank\" rel=\"noopener\">\n\t\t\t\t\t\t\t\t\t<img loading=\"lazy\" decoding=\"async\" src=\"https:\/\/mesopolhis.fr\/wp-content\/uploads\/2024\/07\/SciencesPoAix_Logotype_Print-1024x333.png\" alt=\"SciencesPoAix_Logotype_Print\" height=\"333\" width=\"1024\" title=\"SciencesPoAix_Logotype_Print\" \/>\n\t\t\t\t\t\t\t\t\t\t\t\t\t<\/a>\n<h3>\n\t\tSciences Po Aix\n\t<\/h3>\n\t<p>Grande \u00e9cole universitaire,Sciences Po Aix est un \u00e9tablissement public d&rsquo;enseignement sup\u00e9rieur, li\u00e9 \u00e0 l&rsquo;Universit\u00e9 d&rsquo;Aix-Marseille par convention, et membre de la conf\u00e9rence des Grandes Ecoles. Elle forme \u00e0 l&rsquo;exercice de fonctions de hautes responsabilit\u00e9s publiques\u00a0et priv\u00e9es. Pluridisciplinaire et fond\u00e9 sur les sciences humaines et sociales, l&rsquo;enseignement dispens\u00e9 \u00e0 Sciences Po Aix repose sur la culture g\u00e9n\u00e9rale, la sociologie, les sciences sociales du politique, la science politique, le droit, l&rsquo;\u00e9conomie, les relations internationales, l&rsquo;histoire, les langues \u00e9trang\u00e8res et la m\u00e9thodologie.<\/p>\n<p>Sciences Po Aix apporte une attention toute particuli\u00e8re \u00e0 la recherche, qu&rsquo;il s&rsquo;agisse des activit\u00e9s scientifiques des enseignants-chercheurs ou de la place de la culture scientifique dans les enseignements dispens\u00e9s au sein du dipl\u00f4me et des masters.<\/p>\n<p>Sciences Po Aix met \u00e0 disposition du laboratoire le site unique de l&rsquo;Espace Philippe Seguin.<\/p>","protected":false},"excerpt":{"rendered":"<p>Accueil &raquo; Nos tutelles Nos tutelles Aix Marseille Universit\u00e9 Plus grande universit\u00e9 francophone pluridisciplinaire, Aix-Marseille Universit\u00e9 (AMU) accueille 80 000 \u00e9tudiants et pr\u00e8s de 8 000 personnels sur 5 grands campus aux standards internationaux. Propri\u00e9taire de 90 % de son patrimoine, l&rsquo;universit\u00e9 est pr\u00e9sente sur 9 villes, dans 4 d\u00e9partements de la R\u00e9gion Sud. Sa&hellip;<\/p>","protected":false},"author":1,"featured_media":0,"parent":130,"menu_order":0,"comment_status":"closed","ping_status":"closed","template":"","meta":{"_acf_changed":false,"inline_featured_image":false,"footnotes":""},"class_list":["post-1400","page","type-page","status-publish","hentry"],"acf":[],"yoast_head":"<!-- This site is optimized with the Yoast SEO plugin v27.3 - https:\/\/yoast.com\/product\/yoast-seo-wordpress\/ -->\n<title>Nos tutelles - Mesopolhis<\/title>\n<meta name=\"robots\" content=\"index, follow, max-snippet:-1, max-image-preview:large, max-video-preview:-1\" \/>\n<link rel=\"canonical\" href=\"https:\/\/mesopolhis.fr\/en\/the-laboratory\/our-sponsors\/\" \/>\n<meta property=\"og:locale\" content=\"en_GB\" \/>\n<meta property=\"og:type\" content=\"article\" \/>\n<meta property=\"og:title\" content=\"Nos tutelles - Mesopolhis\" \/>\n<meta property=\"og:description\" content=\"Accueil &raquo; Nos tutelles Nos tutelles Aix Marseille Universit\u00e9 Plus grande universit\u00e9 francophone pluridisciplinaire, Aix-Marseille Universit\u00e9 (AMU) accueille 80 000 \u00e9tudiants et pr\u00e8s de 8 000 personnels sur 5 grands campus aux standards internationaux. Propri\u00e9taire de 90 % de son patrimoine, l&rsquo;universit\u00e9 est pr\u00e9sente sur 9 villes, dans 4 d\u00e9partements de la R\u00e9gion Sud. Sa&hellip;\" \/>\n<meta property=\"og:url\" content=\"https:\/\/mesopolhis.fr\/en\/the-laboratory\/our-sponsors\/\" \/>\n<meta property=\"og:site_name\" content=\"Mesopolhis\" \/>\n<meta property=\"article:modified_time\" content=\"2024-10-30T10:13:23+00:00\" \/>\n<meta property=\"og:image\" content=\"https:\/\/mesopolhis.fr\/wp-content\/uploads\/2021\/12\/1.D.-Logotype-partenaire-1024x278.png\" \/>\n<meta name=\"twitter:card\" content=\"summary_large_image\" \/>\n<script type=\"application\/ld+json\" class=\"yoast-schema-graph\">{\"@context\":\"https:\\\/\\\/schema.org\",\"@graph\":[{\"@type\":\"WebPage\",\"@id\":\"https:\\\/\\\/mesopolhis.fr\\\/le-laboratoire\\\/nos-tutelles\\\/\",\"url\":\"https:\\\/\\\/mesopolhis.fr\\\/le-laboratoire\\\/nos-tutelles\\\/\",\"name\":\"Nos tutelles - Mesopolhis\",\"isPartOf\":{\"@id\":\"https:\\\/\\\/mesopolhis.fr\\\/#website\"},\"primaryImageOfPage\":{\"@id\":\"https:\\\/\\\/mesopolhis.fr\\\/le-laboratoire\\\/nos-tutelles\\\/#primaryimage\"},\"image\":{\"@id\":\"https:\\\/\\\/mesopolhis.fr\\\/le-laboratoire\\\/nos-tutelles\\\/#primaryimage\"},\"thumbnailUrl\":\"https:\\\/\\\/mesopolhis.fr\\\/wp-content\\\/uploads\\\/2021\\\/12\\\/1.D.-Logotype-partenaire-1024x278.png\",\"datePublished\":\"2022-01-25T10:19:09+00:00\",\"dateModified\":\"2024-10-30T10:13:23+00:00\",\"breadcrumb\":{\"@id\":\"https:\\\/\\\/mesopolhis.fr\\\/le-laboratoire\\\/nos-tutelles\\\/#breadcrumb\"},\"inLanguage\":\"en-GB\",\"potentialAction\":[{\"@type\":\"ReadAction\",\"target\":[\"https:\\\/\\\/mesopolhis.fr\\\/le-laboratoire\\\/nos-tutelles\\\/\"]}]},{\"@type\":\"ImageObject\",\"inLanguage\":\"en-GB\",\"@id\":\"https:\\\/\\\/mesopolhis.fr\\\/le-laboratoire\\\/nos-tutelles\\\/#primaryimage\",\"url\":\"https:\\\/\\\/mesopolhis.fr\\\/wp-content\\\/uploads\\\/2021\\\/12\\\/1.D.-Logotype-partenaire-1024x278.png\",\"contentUrl\":\"https:\\\/\\\/mesopolhis.fr\\\/wp-content\\\/uploads\\\/2021\\\/12\\\/1.D.-Logotype-partenaire-1024x278.png\"},{\"@type\":\"BreadcrumbList\",\"@id\":\"https:\\\/\\\/mesopolhis.fr\\\/le-laboratoire\\\/nos-tutelles\\\/#breadcrumb\",\"itemListElement\":[{\"@type\":\"ListItem\",\"position\":1,\"name\":\"Accueil\",\"item\":\"https:\\\/\\\/mesopolhis.fr\\\/\"},{\"@type\":\"ListItem\",\"position\":2,\"name\":\"Le laboratoire\",\"item\":\"https:\\\/\\\/mesopolhis.fr\\\/le-laboratoire\\\/\"},{\"@type\":\"ListItem\",\"position\":3,\"name\":\"Nos tutelles\"}]},{\"@type\":\"WebSite\",\"@id\":\"https:\\\/\\\/mesopolhis.fr\\\/#website\",\"url\":\"https:\\\/\\\/mesopolhis.fr\\\/\",\"name\":\"Mesopolhis\",\"description\":\"Centre m\u00e9diterran\u00e9en de sociologie, de science politique et d&#039;histoire\",\"publisher\":{\"@id\":\"https:\\\/\\\/mesopolhis.fr\\\/#organization\"},\"potentialAction\":[{\"@type\":\"SearchAction\",\"target\":{\"@type\":\"EntryPoint\",\"urlTemplate\":\"https:\\\/\\\/mesopolhis.fr\\\/?s={search_term_string}\"},\"query-input\":{\"@type\":\"PropertyValueSpecification\",\"valueRequired\":true,\"valueName\":\"search_term_string\"}}],\"inLanguage\":\"en-GB\"},{\"@type\":\"Organization\",\"@id\":\"https:\\\/\\\/mesopolhis.fr\\\/#organization\",\"name\":\"Mesopolhis\",\"url\":\"https:\\\/\\\/mesopolhis.fr\\\/\",\"logo\":{\"@type\":\"ImageObject\",\"inLanguage\":\"en-GB\",\"@id\":\"https:\\\/\\\/mesopolhis.fr\\\/#\\\/schema\\\/logo\\\/image\\\/\",\"url\":\"https:\\\/\\\/mesopolhis.fr\\\/wp-content\\\/uploads\\\/2021\\\/12\\\/Logo_MESOPOLHIS_Quadri.png\",\"contentUrl\":\"https:\\\/\\\/mesopolhis.fr\\\/wp-content\\\/uploads\\\/2021\\\/12\\\/Logo_MESOPOLHIS_Quadri.png\",\"width\":264,\"height\":69,\"caption\":\"Mesopolhis\"},\"image\":{\"@id\":\"https:\\\/\\\/mesopolhis.fr\\\/#\\\/schema\\\/logo\\\/image\\\/\"}}]}<\/script>\n<!-- \/ Yoast SEO plugin. -->","yoast_head_json":{"title":"Our sponsors - Mesopolhis","robots":{"index":"index","follow":"follow","max-snippet":"max-snippet:-1","max-image-preview":"max-image-preview:large","max-video-preview":"max-video-preview:-1"},"canonical":"https:\/\/mesopolhis.fr\/en\/the-laboratory\/our-sponsors\/","og_locale":"en_GB","og_type":"article","og_title":"Nos tutelles - Mesopolhis","og_description":"Accueil &raquo; Nos tutelles Nos tutelles Aix Marseille Universit\u00e9 Plus grande universit\u00e9 francophone pluridisciplinaire, Aix-Marseille Universit\u00e9 (AMU) accueille 80 000 \u00e9tudiants et pr\u00e8s de 8 000 personnels sur 5 grands campus aux standards internationaux. Propri\u00e9taire de 90 % de son patrimoine, l&rsquo;universit\u00e9 est pr\u00e9sente sur 9 villes, dans 4 d\u00e9partements de la R\u00e9gion Sud. Sa&hellip;","og_url":"https:\/\/mesopolhis.fr\/en\/the-laboratory\/our-sponsors\/","og_site_name":"Mesopolhis","article_modified_time":"2024-10-30T10:13:23+00:00","og_image":[{"url":"https:\/\/mesopolhis.fr\/wp-content\/uploads\/2021\/12\/1.D.-Logotype-partenaire-1024x278.png","type":"","width":"","height":""}],"twitter_card":"summary_large_image","schema":{"@context":"https:\/\/schema.org","@graph":[{"@type":"WebPage","@id":"https:\/\/mesopolhis.fr\/le-laboratoire\/nos-tutelles\/","url":"https:\/\/mesopolhis.fr\/le-laboratoire\/nos-tutelles\/","name":"Our sponsors - Mesopolhis","isPartOf":{"@id":"https:\/\/mesopolhis.fr\/#website"},"primaryImageOfPage":{"@id":"https:\/\/mesopolhis.fr\/le-laboratoire\/nos-tutelles\/#primaryimage"},"image":{"@id":"https:\/\/mesopolhis.fr\/le-laboratoire\/nos-tutelles\/#primaryimage"},"thumbnailUrl":"https:\/\/mesopolhis.fr\/wp-content\/uploads\/2021\/12\/1.D.-Logotype-partenaire-1024x278.png","datePublished":"2022-01-25T10:19:09+00:00","dateModified":"2024-10-30T10:13:23+00:00","breadcrumb":{"@id":"https:\/\/mesopolhis.fr\/le-laboratoire\/nos-tutelles\/#breadcrumb"},"inLanguage":"en-GB","potentialAction":[{"@type":"ReadAction","target":["https:\/\/mesopolhis.fr\/le-laboratoire\/nos-tutelles\/"]}]},{"@type":"ImageObject","inLanguage":"en-GB","@id":"https:\/\/mesopolhis.fr\/le-laboratoire\/nos-tutelles\/#primaryimage","url":"https:\/\/mesopolhis.fr\/wp-content\/uploads\/2021\/12\/1.D.-Logotype-partenaire-1024x278.png","contentUrl":"https:\/\/mesopolhis.fr\/wp-content\/uploads\/2021\/12\/1.D.-Logotype-partenaire-1024x278.png"},{"@type":"BreadcrumbList","@id":"https:\/\/mesopolhis.fr\/le-laboratoire\/nos-tutelles\/#breadcrumb","itemListElement":[{"@type":"ListItem","position":1,"name":"Accueil","item":"https:\/\/mesopolhis.fr\/"},{"@type":"ListItem","position":2,"name":"Le laboratoire","item":"https:\/\/mesopolhis.fr\/le-laboratoire\/"},{"@type":"ListItem","position":3,"name":"Nos tutelles"}]},{"@type":"WebSite","@id":"https:\/\/mesopolhis.fr\/#website","url":"https:\/\/mesopolhis.fr\/","name":"Mesopolhis","description":"Mediterranean Centre for Sociology, Political Science and History","publisher":{"@id":"https:\/\/mesopolhis.fr\/#organization"},"potentialAction":[{"@type":"SearchAction","target":{"@type":"EntryPoint","urlTemplate":"https:\/\/mesopolhis.fr\/?s={search_term_string}"},"query-input":{"@type":"PropertyValueSpecification","valueRequired":true,"valueName":"search_term_string"}}],"inLanguage":"en-GB"},{"@type":"Organization","@id":"https:\/\/mesopolhis.fr\/#organization","name":"Mesopolhis","url":"https:\/\/mesopolhis.fr\/","logo":{"@type":"ImageObject","inLanguage":"en-GB","@id":"https:\/\/mesopolhis.fr\/#\/schema\/logo\/image\/","url":"https:\/\/mesopolhis.fr\/wp-content\/uploads\/2021\/12\/Logo_MESOPOLHIS_Quadri.png","contentUrl":"https:\/\/mesopolhis.fr\/wp-content\/uploads\/2021\/12\/Logo_MESOPOLHIS_Quadri.png","width":264,"height":69,"caption":"Mesopolhis"},"image":{"@id":"https:\/\/mesopolhis.fr\/#\/schema\/logo\/image\/"}}]}},"_links":{"self":[{"href":"https:\/\/mesopolhis.fr\/en\/wp-json\/wp\/v2\/pages\/1400","targetHints":{"allow":["GET"]}}],"collection":[{"href":"https:\/\/mesopolhis.fr\/en\/wp-json\/wp\/v2\/pages"}],"about":[{"href":"https:\/\/mesopolhis.fr\/en\/wp-json\/wp\/v2\/types\/page"}],"author":[{"embeddable":true,"href":"https:\/\/mesopolhis.fr\/en\/wp-json\/wp\/v2\/users\/1"}],"replies":[{"embeddable":true,"href":"https:\/\/mesopolhis.fr\/en\/wp-json\/wp\/v2\/comments?post=1400"}],"version-history":[{"count":0,"href":"https:\/\/mesopolhis.fr\/en\/wp-json\/wp\/v2\/pages\/1400\/revisions"}],"up":[{"embeddable":true,"href":"https:\/\/mesopolhis.fr\/en\/wp-json\/wp\/v2\/pages\/130"}],"wp:attachment":[{"href":"https:\/\/mesopolhis.fr\/en\/wp-json\/wp\/v2\/media?parent=1400"}],"curies":[{"name":"wp","href":"https:\/\/api.w.org\/{rel}","templated":true}]}}