{"id":1309,"date":"2022-01-25T09:28:30","date_gmt":"2022-01-25T08:28:30","guid":{"rendered":"https:\/\/mesopolhis.fr\/?page_id=1309"},"modified":"2025-11-06T11:45:43","modified_gmt":"2025-11-06T10:45:43","slug":"observatories","status":"publish","type":"page","link":"https:\/\/mesopolhis.fr\/en\/research\/observatories\/","title":{"rendered":"Observatories"},"content":{"rendered":"<nav id=\"breadcrumbs\" aria-label=\"Breadcrumbs\"><a href=\"https:\/\/mesopolhis.fr\/en\/\">Home<\/a> \" <a href=\"https:\/\/mesopolhis.fr\/en\/research\/\">Search<\/a> &raquo; Les observatoires<\/nav><h1>\n\t\tObservatories supported by MESOPOLHIS\n\t<\/h1>\n\t\t\t\t\t\n\t\t\t\t\t\t\t\t<a href=\"https:\/\/demomed.org\/index.php\/fr\/\" target=\"_blank\" itemprop=\"url\" rel=\"noopener\">\n\t\t\t\t\t\t\t\t\t<img loading=\"lazy\" decoding=\"async\" src=\"https:\/\/mesopolhis.fr\/wp-content\/uploads\/2025\/01\/Logo-DemoMed-transparent-grand.gif\" alt=\"Transparent DemoMed logo large\" itemprop=\"image\" height=\"283\" width=\"800\" title=\"Transparent DemoMed logo large\" onerror=\"this.style.display='none'\"  \/>\n\t\t\t\t\t\t\t\t\t\t\t\t\t<\/a>\n<h1>\n\t\tDEMOMED &#8211; Observatoire d\u00e9mographique de la M\u00e9diterran\u00e9e\n\t<\/h1>\n\t<h4>L&rsquo;observatoire d\u00e9mographique de la M\u00e9diterran\u00e9e (DEMOMED) est une plateforme de science fondamentale d&rsquo;Aix-Marseille Universit\u00e9 sp\u00e9cialis\u00e9e en d\u00e9mographie. La plateforme m\u00e8ne des activit\u00e9s dans le domaine de la population en croisant expertises statistiques, g\u00e9ographiques et sociologiques. Les chercheurs y \u00e9tudient le vieillissement d\u00e9mographique, les dynamiques de croissance des espaces, la d\u00e9mographie de la famille&#8230; depuis plus d&rsquo;une vingtaine d&rsquo;ann\u00e9es avec des collaborations internationales et dans une approche pluridisciplinaire.<\/h4>\n<h4>La plateforme est situ\u00e9e \u00e0 Aix-en-Provence, \u00e0 la Maison m\u00e9diterran\u00e9enne des Sciences de l&rsquo;Homme (MMSH), quartier Jas de Bouffan. L&rsquo;observatoire est un programme sp\u00e9cifique de la Maison m\u00e9diterran\u00e9enne des Sciences de l&rsquo;Homme (UAR 3125 <a href=\"https:\/\/www.mmsh.fr\/\" target=\"_blank\" rel=\"noopener\">MMSH<\/a>) rattach\u00e9 \u00e0 l&rsquo;UMR 7064 <a href=\"https:\/\/mesopolhis.fr\/en\/\">MESOPOLHIS<\/a> (centre m\u00e9diterran\u00e9en de sociologie, de science politique et d&rsquo;histoire).<\/h4>\n\t\t\t<a href=\"https:\/\/demomed.org\/index.php\/fr\/\" target=\"_blank\" rel=\"noopener\">\n\t\t\t\t\t\t\tSite de l&rsquo;observatoire DEMOMED\n\t\t\t<\/a>\n\t<center><iframe loading=\"lazy\" src=\"https:\/\/www.facebook.com\/plugins\/post.php?href=https%3A%2F%2Fwww.facebook.com%2FDemoMed%2Fposts%2Fpfbid0DiKoKfF2xTN7xfih4YcooFj6QHLqFHvN2TNNmiQA3bvkTxRiBuaaNs4X4KQDrVVHl&#038;show_text=true&#038;width=500\" width=\"500\" height=\"743\" scrolling=\"no\" frameborder=\"0\" allowfullscreen=\"true\" allow=\"autoplay; clipboard-write; encrypted-media; picture-in-picture; web-share\"><\/iframe><\/center>\n<h2>\n\t\tInteractive resources\n\t<\/h2>\n\t\t\t\t<a href=\"http:\/\/map.demomed.huma-num.fr\/demomed\/\" target=\"_blank\" rel=\"noopener\"  itemprop=\"url\">\n\t\t\t\t<img loading=\"lazy\" decoding=\"async\" src=\"https:\/\/mesopolhis.fr\/wp-content\/uploads\/2025\/07\/carte-atlas-demomed.png\" alt=\"carte-atlas-demomed\" itemprop=\"image\" height=\"491\" width=\"748\" title=\"carte-atlas-demomed\" onerror=\"this.style.display='none'\"  \/>\n\t\t\t\t<\/a>\n<h3><a href=\"http:\/\/map.demomed.huma-num.fr\/demomed\/\" target=\"_blank\"  rel=\"noopener\">Interactive atlas<\/a><\/h3>\t\n\t\t\t\t<a href=\"https:\/\/map.demomed.org\/demomed\/graphique.html\" target=\"_blank\" rel=\"noopener\"  itemprop=\"url\">\n\t\t\t\t<img loading=\"lazy\" decoding=\"async\" src=\"https:\/\/mesopolhis.fr\/wp-content\/uploads\/2025\/07\/demomed-graphique.png\" alt=\"demomed-graphics\" itemprop=\"image\" height=\"225\" width=\"454\" title=\"demomed-graphics\" onerror=\"this.style.display='none'\"  \/>\n\t\t\t\t<\/a>\n<h3><a href=\"https:\/\/map.demomed.org\/demomed\/graphique.html\" target=\"_blank\"  rel=\"noopener\">graphic representations<\/a><\/h3>\t\n\t\t\t<a href=\"https:\/\/demomed.org\/index.php\/fr\/\" target=\"_blank\" rel=\"noopener\">\n\t\t\t\t\t\t\tSite de l&rsquo;observatoire DEMOMED\n\t\t\t<\/a>\n\t\t\t\t\t\t\t\t<a href=\"https:\/\/observatoire-publics.univ-amu.fr\/programmes-de-recherche\/\" target=\"_blank\" itemprop=\"url\" rel=\"noopener\">\n\t\t\t\t\t\t\t\t\t<img loading=\"lazy\" decoding=\"async\" src=\"https:\/\/mesopolhis.fr\/wp-content\/uploads\/2023\/10\/LOGO-OBS-Page-1-1.jpeg\" alt=\"LOGO public observatories and cultural practices\" itemprop=\"image\" height=\"2048\" width=\"2048\" srcset=\"https:\/\/mesopolhis.fr\/wp-content\/uploads\/2023\/10\/LOGO-OBS-Page-1-1.jpeg 2048w, https:\/\/mesopolhis.fr\/wp-content\/uploads\/2023\/10\/LOGO-OBS-Page-1-1-300x300.jpeg 300w, https:\/\/mesopolhis.fr\/wp-content\/uploads\/2023\/10\/LOGO-OBS-Page-1-1-1024x1024.jpeg 1024w, https:\/\/mesopolhis.fr\/wp-content\/uploads\/2023\/10\/LOGO-OBS-Page-1-1-150x150.jpeg 150w, https:\/\/mesopolhis.fr\/wp-content\/uploads\/2023\/10\/LOGO-OBS-Page-1-1-768x768.jpeg 768w, https:\/\/mesopolhis.fr\/wp-content\/uploads\/2023\/10\/LOGO-OBS-Page-1-1-1536x1536.jpeg 1536w, https:\/\/mesopolhis.fr\/wp-content\/uploads\/2023\/10\/LOGO-OBS-Page-1-1-1320x1320.jpeg 1320w\" sizes=\"auto, (max-width: 2048px) 100vw, 2048px\" title=\"LOGO public observatories and cultural practices\" onerror=\"this.style.display='none'\"  \/>\n\t\t\t\t\t\t\t\t\t\t\t\t\t<\/a>\n<h1>\n\t\tL&rsquo;Observatoire des publics et des pratiques de la culture\n\t<\/h1>\n<h4>La cr\u00e9ation de l&rsquo;<b>Observatory of cultural audiences and practices<\/b>vise \u00e0 r\u00e9pondre \u00e0 une demande croissante d&rsquo;\u00e9tudes de publics et de connaissances des pratiques dans tous les domaines de la culture (scientifique, artistique, num\u00e9rique, historique, m\u00e9diatique, sportive, d&rsquo;entreprise, etc.). <\/h4>\n<h4>La cr\u00e9ation de ce dispositif d&rsquo;\u00e9valuation quantitatif, qualitatif, exploratoire et interdisciplinaire, construit et \u00e9labor\u00e9 par des sp\u00e9cialistes du sujet (enseignants-chercheurs, doctorants, post-doctorants, ing\u00e9nieurs&#8230;), en lien avec la formation (par le biais de stages et d&rsquo;approches par projet), r\u00e9pond \u00e0 cette n\u00e9cessit\u00e9 de conna\u00eetre, d\u00e9crire mais aussi \u00e9valuer autrement que par des mesures d&rsquo;impact l&rsquo;accessibilit\u00e9 aux arts et \u00e0 la culture. <\/h4>\n<h4>En proposant d&rsquo;allier la rigueur et l&rsquo;exigence scientifiques \u00e0 l&rsquo;expertise professionnelle en termes de m\u00e9thodologie d&rsquo;enqu\u00eate et d&rsquo;analyse, l&rsquo;Observatoire se situe \u00e0 l&rsquo;interface de la recherche scientifique et des mondes de la culture, privil\u00e9giant un travail collaboratif avec les partenaires, la production d&rsquo;\u00e9tudes ajust\u00e9es et territorialis\u00e9es.\u00a0<\/h4>\n\t\t\t<a href=\"https:\/\/observatoire-publics.univ-amu.fr\" target=\"_blank\" rel=\"noopener\">\n\t\t\t\t\t\t\tSite de l&rsquo;Observatoire publics et pratiques de la culture\n\t\t\t<\/a>\n\t\t\t\t<a href=\"https:\/\/observatoire-publics.univ-amu.fr\/\" target=\"_blank\" rel=\"noopener\"  itemprop=\"url\">\n\t\t\t\t<img loading=\"lazy\" decoding=\"async\" src=\"https:\/\/mesopolhis.fr\/wp-content\/uploads\/2025\/07\/assemblage-G.-Limone3.png\" alt=\"assembly G. Limone3\" itemprop=\"image\" height=\"720\" width=\"1280\" title=\"assembly G. Limone3\" onerror=\"this.style.display='none'\"  \/>\n\t\t\t\t<\/a>\n<h2>\n\t\tOur services\n\t<\/h2>\n\t<h4>L&rsquo;Observatoire propose la \u202f<b>r\u00e9alisation d&rsquo;enqu\u00eates (quantitatives et qualitatives, exp\u00e9rimentales)<\/b>a<b>expertise<\/b>and<b>advice <\/b>for the<b>construction d&rsquo;\u00e9tudes sur mesure <\/b>(m\u00e9thodes, indicateurs, outils, temporalit\u00e9s, etc.), s&rsquo;adaptant au contexte, aux objectifs et aux moyens financiers des partenaires.\u00a0<\/h4>\n<h4>L&rsquo;Observatoire r\u00e9pond \u00e0 <b>different types of requests :\u00a0<\/b>petites \u00e9tudes avec un\/e stagiaire et l&rsquo;appui de l&rsquo;\u00e9quipe de l&rsquo;Observatoire, \u00e9tudes sur des sujets sp\u00e9cifiques avec recrutements (ing\u00e9nieur\/e d&rsquo;\u00e9tude, postdoctorant\/e, etc.), recherches structurantes avec les mondes acad\u00e9miques en lien avec les axes th\u00e9matiques de l&rsquo;Observatoire, etc.\u00a0<\/h4>\n\t\t\t\t<a href=\"https:\/\/www.linkedin.com\/company\/observatoire-publics\" target=\"_blank\" rel=\"noopener\"  itemprop=\"url\">\n\t\t\t\t<img loading=\"lazy\" decoding=\"async\" src=\"https:\/\/mesopolhis.fr\/wp-content\/uploads\/2025\/07\/Capture-decran-2024-12-17-a-12.38.35.png\" alt=\"Capture-decran-linkedin-observatory\" itemprop=\"image\" height=\"715\" width=\"1190\" title=\"Capture-decran-linkedin-observatory\" onerror=\"this.style.display='none'\"  \/>\n\t\t\t\t<\/a>\n\t\t\t<a href=\"https:\/\/observatoire-publics.univ-amu.fr\" target=\"_blank\" rel=\"noopener\">\n\t\t\t\t\t\t\tSite de l&rsquo;Observatoire publics et pratiques de la culture\n\t\t\t<\/a>","protected":false},"excerpt":{"rendered":"<p>Accueil &raquo; Recherche &raquo; Les observatoires Les observatoires port\u00e9s par MESOPOLHIS DEMOMED &#8211; Observatoire d\u00e9mographique de la M\u00e9diterran\u00e9e L&rsquo;observatoire d\u00e9mographique de la M\u00e9diterran\u00e9e (DEMOMED) est une plateforme de science fondamentale d&rsquo;Aix-Marseille Universit\u00e9 sp\u00e9cialis\u00e9e en d\u00e9mographie. La plateforme m\u00e8ne des activit\u00e9s dans le domaine de la population en croisant expertises statistiques, g\u00e9ographiques et sociologiques. Les chercheurs&hellip;<\/p>","protected":false},"author":180,"featured_media":0,"parent":137,"menu_order":0,"comment_status":"closed","ping_status":"closed","template":"","meta":{"_acf_changed":false,"inline_featured_image":false,"footnotes":""},"class_list":["post-1309","page","type-page","status-publish","hentry"],"acf":[],"yoast_head":"<!-- This site is optimized with the Yoast SEO plugin v27.3 - https:\/\/yoast.com\/product\/yoast-seo-wordpress\/ -->\n<title>Les observatoires - Mesopolhis<\/title>\n<meta name=\"robots\" content=\"index, follow, max-snippet:-1, max-image-preview:large, max-video-preview:-1\" \/>\n<link rel=\"canonical\" href=\"https:\/\/mesopolhis.fr\/en\/research\/observatories\/\" \/>\n<meta property=\"og:locale\" content=\"en_GB\" \/>\n<meta property=\"og:type\" content=\"article\" \/>\n<meta property=\"og:title\" content=\"Les observatoires - Mesopolhis\" \/>\n<meta property=\"og:description\" content=\"Accueil &raquo; Recherche &raquo; Les observatoires Les observatoires port\u00e9s par MESOPOLHIS DEMOMED &#8211; Observatoire d\u00e9mographique de la M\u00e9diterran\u00e9e L&rsquo;observatoire d\u00e9mographique de la M\u00e9diterran\u00e9e (DEMOMED) est une plateforme de science fondamentale d&rsquo;Aix-Marseille Universit\u00e9 sp\u00e9cialis\u00e9e en d\u00e9mographie. La plateforme m\u00e8ne des activit\u00e9s dans le domaine de la population en croisant expertises statistiques, g\u00e9ographiques et sociologiques. Les chercheurs&hellip;\" \/>\n<meta property=\"og:url\" content=\"https:\/\/mesopolhis.fr\/en\/research\/observatories\/\" \/>\n<meta property=\"og:site_name\" content=\"Mesopolhis\" \/>\n<meta property=\"article:modified_time\" content=\"2025-11-06T10:45:43+00:00\" \/>\n<meta property=\"og:image\" content=\"https:\/\/mesopolhis.fr\/wp-content\/uploads\/2025\/01\/Logo-DemoMed-transparent-grand.gif\" \/>\n<meta name=\"twitter:card\" content=\"summary_large_image\" \/>\n<meta name=\"twitter:label1\" content=\"Estimated reading time\" \/>\n\t<meta name=\"twitter:data1\" content=\"5 minutes\" \/>\n<script type=\"application\/ld+json\" class=\"yoast-schema-graph\">{\"@context\":\"https:\\\/\\\/schema.org\",\"@graph\":[{\"@type\":\"WebPage\",\"@id\":\"https:\\\/\\\/mesopolhis.fr\\\/recherche\\\/les-observatoires\\\/\",\"url\":\"https:\\\/\\\/mesopolhis.fr\\\/recherche\\\/les-observatoires\\\/\",\"name\":\"Les observatoires - Mesopolhis\",\"isPartOf\":{\"@id\":\"https:\\\/\\\/mesopolhis.fr\\\/#website\"},\"primaryImageOfPage\":{\"@id\":\"https:\\\/\\\/mesopolhis.fr\\\/recherche\\\/les-observatoires\\\/#primaryimage\"},\"image\":{\"@id\":\"https:\\\/\\\/mesopolhis.fr\\\/recherche\\\/les-observatoires\\\/#primaryimage\"},\"thumbnailUrl\":\"https:\\\/\\\/mesopolhis.fr\\\/wp-content\\\/uploads\\\/2025\\\/01\\\/Logo-DemoMed-transparent-grand.gif\",\"datePublished\":\"2022-01-25T08:28:30+00:00\",\"dateModified\":\"2025-11-06T10:45:43+00:00\",\"breadcrumb\":{\"@id\":\"https:\\\/\\\/mesopolhis.fr\\\/recherche\\\/les-observatoires\\\/#breadcrumb\"},\"inLanguage\":\"en-GB\",\"potentialAction\":[{\"@type\":\"ReadAction\",\"target\":[\"https:\\\/\\\/mesopolhis.fr\\\/recherche\\\/les-observatoires\\\/\"]}]},{\"@type\":\"ImageObject\",\"inLanguage\":\"en-GB\",\"@id\":\"https:\\\/\\\/mesopolhis.fr\\\/recherche\\\/les-observatoires\\\/#primaryimage\",\"url\":\"https:\\\/\\\/mesopolhis.fr\\\/wp-content\\\/uploads\\\/2025\\\/01\\\/Logo-DemoMed-transparent-grand.gif\",\"contentUrl\":\"https:\\\/\\\/mesopolhis.fr\\\/wp-content\\\/uploads\\\/2025\\\/01\\\/Logo-DemoMed-transparent-grand.gif\"},{\"@type\":\"BreadcrumbList\",\"@id\":\"https:\\\/\\\/mesopolhis.fr\\\/recherche\\\/les-observatoires\\\/#breadcrumb\",\"itemListElement\":[{\"@type\":\"ListItem\",\"position\":1,\"name\":\"Accueil\",\"item\":\"https:\\\/\\\/mesopolhis.fr\\\/\"},{\"@type\":\"ListItem\",\"position\":2,\"name\":\"Recherche\",\"item\":\"https:\\\/\\\/mesopolhis.fr\\\/recherche\\\/\"},{\"@type\":\"ListItem\",\"position\":3,\"name\":\"Les observatoires\"}]},{\"@type\":\"WebSite\",\"@id\":\"https:\\\/\\\/mesopolhis.fr\\\/#website\",\"url\":\"https:\\\/\\\/mesopolhis.fr\\\/\",\"name\":\"Mesopolhis\",\"description\":\"Centre m\u00e9diterran\u00e9en de sociologie, de science politique et d&#039;histoire\",\"publisher\":{\"@id\":\"https:\\\/\\\/mesopolhis.fr\\\/#organization\"},\"potentialAction\":[{\"@type\":\"SearchAction\",\"target\":{\"@type\":\"EntryPoint\",\"urlTemplate\":\"https:\\\/\\\/mesopolhis.fr\\\/?s={search_term_string}\"},\"query-input\":{\"@type\":\"PropertyValueSpecification\",\"valueRequired\":true,\"valueName\":\"search_term_string\"}}],\"inLanguage\":\"en-GB\"},{\"@type\":\"Organization\",\"@id\":\"https:\\\/\\\/mesopolhis.fr\\\/#organization\",\"name\":\"Mesopolhis\",\"url\":\"https:\\\/\\\/mesopolhis.fr\\\/\",\"logo\":{\"@type\":\"ImageObject\",\"inLanguage\":\"en-GB\",\"@id\":\"https:\\\/\\\/mesopolhis.fr\\\/#\\\/schema\\\/logo\\\/image\\\/\",\"url\":\"https:\\\/\\\/mesopolhis.fr\\\/wp-content\\\/uploads\\\/2021\\\/12\\\/Logo_MESOPOLHIS_Quadri.png\",\"contentUrl\":\"https:\\\/\\\/mesopolhis.fr\\\/wp-content\\\/uploads\\\/2021\\\/12\\\/Logo_MESOPOLHIS_Quadri.png\",\"width\":264,\"height\":69,\"caption\":\"Mesopolhis\"},\"image\":{\"@id\":\"https:\\\/\\\/mesopolhis.fr\\\/#\\\/schema\\\/logo\\\/image\\\/\"}}]}<\/script>\n<!-- \/ Yoast SEO plugin. -->","yoast_head_json":{"title":"Observatories - Mesopolhis","robots":{"index":"index","follow":"follow","max-snippet":"max-snippet:-1","max-image-preview":"max-image-preview:large","max-video-preview":"max-video-preview:-1"},"canonical":"https:\/\/mesopolhis.fr\/en\/research\/observatories\/","og_locale":"en_GB","og_type":"article","og_title":"Les observatoires - Mesopolhis","og_description":"Accueil &raquo; Recherche &raquo; Les observatoires Les observatoires port\u00e9s par MESOPOLHIS DEMOMED &#8211; Observatoire d\u00e9mographique de la M\u00e9diterran\u00e9e L&rsquo;observatoire d\u00e9mographique de la M\u00e9diterran\u00e9e (DEMOMED) est une plateforme de science fondamentale d&rsquo;Aix-Marseille Universit\u00e9 sp\u00e9cialis\u00e9e en d\u00e9mographie. La plateforme m\u00e8ne des activit\u00e9s dans le domaine de la population en croisant expertises statistiques, g\u00e9ographiques et sociologiques. Les chercheurs&hellip;","og_url":"https:\/\/mesopolhis.fr\/en\/research\/observatories\/","og_site_name":"Mesopolhis","article_modified_time":"2025-11-06T10:45:43+00:00","og_image":[{"url":"https:\/\/mesopolhis.fr\/wp-content\/uploads\/2025\/01\/Logo-DemoMed-transparent-grand.gif","type":"","width":"","height":""}],"twitter_card":"summary_large_image","twitter_misc":{"Estimated reading time":"5 minutes"},"schema":{"@context":"https:\/\/schema.org","@graph":[{"@type":"WebPage","@id":"https:\/\/mesopolhis.fr\/recherche\/les-observatoires\/","url":"https:\/\/mesopolhis.fr\/recherche\/les-observatoires\/","name":"Observatories - Mesopolhis","isPartOf":{"@id":"https:\/\/mesopolhis.fr\/#website"},"primaryImageOfPage":{"@id":"https:\/\/mesopolhis.fr\/recherche\/les-observatoires\/#primaryimage"},"image":{"@id":"https:\/\/mesopolhis.fr\/recherche\/les-observatoires\/#primaryimage"},"thumbnailUrl":"https:\/\/mesopolhis.fr\/wp-content\/uploads\/2025\/01\/Logo-DemoMed-transparent-grand.gif","datePublished":"2022-01-25T08:28:30+00:00","dateModified":"2025-11-06T10:45:43+00:00","breadcrumb":{"@id":"https:\/\/mesopolhis.fr\/recherche\/les-observatoires\/#breadcrumb"},"inLanguage":"en-GB","potentialAction":[{"@type":"ReadAction","target":["https:\/\/mesopolhis.fr\/recherche\/les-observatoires\/"]}]},{"@type":"ImageObject","inLanguage":"en-GB","@id":"https:\/\/mesopolhis.fr\/recherche\/les-observatoires\/#primaryimage","url":"https:\/\/mesopolhis.fr\/wp-content\/uploads\/2025\/01\/Logo-DemoMed-transparent-grand.gif","contentUrl":"https:\/\/mesopolhis.fr\/wp-content\/uploads\/2025\/01\/Logo-DemoMed-transparent-grand.gif"},{"@type":"BreadcrumbList","@id":"https:\/\/mesopolhis.fr\/recherche\/les-observatoires\/#breadcrumb","itemListElement":[{"@type":"ListItem","position":1,"name":"Accueil","item":"https:\/\/mesopolhis.fr\/"},{"@type":"ListItem","position":2,"name":"Recherche","item":"https:\/\/mesopolhis.fr\/recherche\/"},{"@type":"ListItem","position":3,"name":"Les observatoires"}]},{"@type":"WebSite","@id":"https:\/\/mesopolhis.fr\/#website","url":"https:\/\/mesopolhis.fr\/","name":"Mesopolhis","description":"Mediterranean Centre for Sociology, Political Science and History","publisher":{"@id":"https:\/\/mesopolhis.fr\/#organization"},"potentialAction":[{"@type":"SearchAction","target":{"@type":"EntryPoint","urlTemplate":"https:\/\/mesopolhis.fr\/?s={search_term_string}"},"query-input":{"@type":"PropertyValueSpecification","valueRequired":true,"valueName":"search_term_string"}}],"inLanguage":"en-GB"},{"@type":"Organization","@id":"https:\/\/mesopolhis.fr\/#organization","name":"Mesopolhis","url":"https:\/\/mesopolhis.fr\/","logo":{"@type":"ImageObject","inLanguage":"en-GB","@id":"https:\/\/mesopolhis.fr\/#\/schema\/logo\/image\/","url":"https:\/\/mesopolhis.fr\/wp-content\/uploads\/2021\/12\/Logo_MESOPOLHIS_Quadri.png","contentUrl":"https:\/\/mesopolhis.fr\/wp-content\/uploads\/2021\/12\/Logo_MESOPOLHIS_Quadri.png","width":264,"height":69,"caption":"Mesopolhis"},"image":{"@id":"https:\/\/mesopolhis.fr\/#\/schema\/logo\/image\/"}}]}},"_links":{"self":[{"href":"https:\/\/mesopolhis.fr\/en\/wp-json\/wp\/v2\/pages\/1309","targetHints":{"allow":["GET"]}}],"collection":[{"href":"https:\/\/mesopolhis.fr\/en\/wp-json\/wp\/v2\/pages"}],"about":[{"href":"https:\/\/mesopolhis.fr\/en\/wp-json\/wp\/v2\/types\/page"}],"author":[{"embeddable":true,"href":"https:\/\/mesopolhis.fr\/en\/wp-json\/wp\/v2\/users\/180"}],"replies":[{"embeddable":true,"href":"https:\/\/mesopolhis.fr\/en\/wp-json\/wp\/v2\/comments?post=1309"}],"version-history":[{"count":1,"href":"https:\/\/mesopolhis.fr\/en\/wp-json\/wp\/v2\/pages\/1309\/revisions"}],"predecessor-version":[{"id":38515,"href":"https:\/\/mesopolhis.fr\/en\/wp-json\/wp\/v2\/pages\/1309\/revisions\/38515"}],"up":[{"embeddable":true,"href":"https:\/\/mesopolhis.fr\/en\/wp-json\/wp\/v2\/pages\/137"}],"wp:attachment":[{"href":"https:\/\/mesopolhis.fr\/en\/wp-json\/wp\/v2\/media?parent=1309"}],"curies":[{"name":"wp","href":"https:\/\/api.w.org\/{rel}","templated":true}]}}