{"id":1219,"date":"2025-02-06T11:22:42","date_gmt":"2025-02-06T10:22:42","guid":{"rendered":"https:\/\/mesopolhis.fr\/?page_id=1219"},"modified":"2025-10-08T17:39:57","modified_gmt":"2025-10-08T15:39:57","slug":"visitor-to-the-laboratory","status":"publish","type":"page","link":"https:\/\/mesopolhis.fr\/en\/visitor-to-the-laboratory\/","title":{"rendered":"Hosting a researcher in the laboratory"},"content":{"rendered":"\n\n\t<nav id=\"breadcrumbs\" aria-label=\"Breadcrumbs\"><a href=\"https:\/\/mesopolhis.fr\/\">Accueil<\/a> &raquo; Accueil de chercheur\u2022e au laboratoire<\/nav><h1>\n\t\tProc\u00e9dure d&rsquo;accueil au laboratoire\n\t<\/h1>\n\t<h2>Le MESOPOLHIS accueille des chercheur\u2022e\u2022s de toutes nationalit\u00e9s pour des s\u00e9jours de courte ou longue dur\u00e9e.<\/h2>\n<h4>Tout accueil de visiteur est accord\u00e9 apr\u00e8s \u00e9tude du dossier par une commission scientifique interne au laboratoire.<\/h4>\n<h4>Cet accueil ne donne pas droit \u00e0 une quelconque r\u00e9mun\u00e9ration ou \u00e0 des aides mat\u00e9rielles.<\/h4>\n<h4>L&rsquo;objectif de cet accueil est de permettre aux chercheur\u2022e\u2022s accueilli\u2022e\u2022s de tisser des liens avec les membres du MESOPOLHIS, de participer aux activit\u00e9s du laboratoire et d&rsquo;acc\u00e9der aux ressources documentaires d&rsquo;Aix-Marseille Universit\u00e9.<\/h4>\n\t\t\t\t\t\t\t\t\t<img loading=\"lazy\" decoding=\"async\" src=\"https:\/\/mesopolhis.fr\/wp-content\/uploads\/bb-plugin\/cache\/IMG_0012-scaled-square.jpg\" alt=\"IMG_0012\" height=\"1920\" width=\"2560\" title=\"IMG_0012\" \/>\n\t<h2>Proc\u00e9dure d&rsquo;accueil\u00a0 &#8211; S\u00e9jour &gt; 1 mois<\/h2>\n<p>Pour demander \u00e0 \u00eatre accueilli\u00b7e au MESOPOLHIS, il faut :<\/p>\n<ul>\n<li>\u00catre titulaire d&rsquo;un Master ou d&rsquo;un doctorat<\/li>\n<li>Mener des recherches entrant dans les axes du laboratoire<\/li>\n<li>Envisager un s\u00e9jour de minimum 1 mois<\/li>\n<li>Transmettre \u00e0 mesopolhis-gestionnaire[at]univ-amu.fr, au moins 4 mois avant la date de s\u00e9jour demand\u00e9, un dossier comprenant\u00a0:\n<ul>\n<li>Un CV d\u00e9taill\u00e9<\/li>\n<li>Une lettre de motivation indiquant la p\u00e9riode de s\u00e9jour souhait\u00e9e ainsi que les activit\u00e9s scientifiques pr\u00e9vues lors du s\u00e9jour<\/li>\n<li>Un projet de recherche (3 \u00e0 5 pages)<\/li>\n<li>Une lettre de soutien de la demande de la part d&rsquo;un\u00b7e membre de l&rsquo;unit\u00e9 acceptant d&rsquo;accompagner le s\u00e9jour<\/li>\n<li>Pour les doctorant\u00b7es, une lettre de recommandation du directeur de th\u00e8se<\/li>\n<\/ul>\n<\/li>\n<li>Si le dossier est complet, il sera \u00e9tudi\u00e9 par les membres du <strong>Conseil de laboratoire<\/strong> <strong>3 fois par an\u00a0<\/strong>:\n<ul>\n<li>Fin septembre pour les demandes de s\u00e9jour commen\u00e7ant aux mois de janvier, f\u00e9vrier, mars, avril suivants<\/li>\n<li>Fin janvier pour les demandes de s\u00e9jour commen\u00e7ant aux mois de mai, juin, juillet suivants<\/li>\n<li>Fin mai pour les demandes de s\u00e9jour commen\u00e7ant aux mois de septembre, octobre, novembre, d\u00e9cembre<\/li>\n<\/ul>\n<\/li>\n<li>Si la demande de s\u00e9jour est accept\u00e9e, vous recevrez une lettre d&rsquo;accueil du laboratoire qui pr\u00e9cisera le nom de la personne qui sera votre r\u00e9f\u00e9rente au sein du MESOPOLHIS, la p\u00e9riode et dur\u00e9e du s\u00e9jour accord\u00e9 et vous indiquera la proc\u00e9dure administrative \u00e0 suivre ainsi que les documents \u00e0 fournir. Une fois ces documents fournis, une convention sera mise en place avec Aix-Marseille Universit\u00e9.<\/li>\n<\/ul>\n\t\t\t\t\t\t\t\t\t<img loading=\"lazy\" decoding=\"async\" src=\"https:\/\/mesopolhis.fr\/wp-content\/uploads\/bb-plugin\/cache\/f6842489-5366-4628-801f-10e2c32afe88-scaled-square.jpg\" alt=\"f6842489-5366-4628-801f-10e2c32afe88\" height=\"1706\" width=\"2560\" title=\"f6842489-5366-4628-801f-10e2c32afe88\" \/>\n\t<h2>Proc\u00e9dure d&rsquo;accueil\u00a0 &#8211; S\u00e9jour &lt; 1 mois<\/h2>\n<p>Pour un s\u00e9jour inf\u00e9rieur \u00e0 1 mois, des demandes de lettre d&rsquo;accueil peuvent \u00eatre \u00e9tudi\u00e9es par la direction.<\/p>\n<p>Les demandes sont \u00e0 adresser \u00e0 la direction (mesopolhis-direction[at]univ-amu.fr) accompagn\u00e9es d&rsquo;un CV, d&rsquo;une lettre de motivation, d&rsquo;un projet de recherche et d&rsquo;une lettre de soutien d&rsquo;un des membres du laboratoire.<\/p>\n\t\t\t<a href=\"https:\/\/maps.app.goo.gl\/ZV8EzzX1xZBuQcZX8\" target=\"_blank\" rel=\"noopener\">\n\t\t\t\t\t\t\tSituer l&rsquo;Espace Philippe Seguin\n\t\t\t\t\t<\/a>\n\t\t\t<a href=\"https:\/\/maps.app.goo.gl\/9AdXoLDef4w9NmDK6\" target=\"_blank\" rel=\"noopener\">\n\t\t\t\t\t\t\tSituer la Maison m\u00e9diterran\u00e9enne des Sciences de l&rsquo;Homme\n\t\t\t\t\t<\/a>\n\n","protected":false},"excerpt":{"rendered":"<p>Home \" Hosting a researcher in the laboratory Hosting a researcher in the laboratory MESOPOLHIS welcomes researchers of all nationalities for short or long-term stays. Visits are granted after review by the laboratory's internal scientific committee. Visitors are not entitled to any remuneration or benefits.<\/p>","protected":false},"author":180,"featured_media":0,"parent":0,"menu_order":0,"comment_status":"closed","ping_status":"closed","template":"","meta":{"_acf_changed":false,"inline_featured_image":false,"footnotes":""},"class_list":["post-1219","page","type-page","status-publish","hentry"],"acf":[],"yoast_head":"<!-- This site is optimized with the Yoast SEO plugin v27.3 - https:\/\/yoast.com\/product\/yoast-seo-wordpress\/ -->\n<title>Accueil de chercheur\u2022e au laboratoire - Mesopolhis<\/title>\n<meta name=\"robots\" content=\"index, follow, max-snippet:-1, max-image-preview:large, max-video-preview:-1\" \/>\n<link rel=\"canonical\" href=\"https:\/\/mesopolhis.fr\/en\/visitor-to-the-laboratory\/\" \/>\n<meta property=\"og:locale\" content=\"en_GB\" \/>\n<meta property=\"og:type\" content=\"article\" \/>\n<meta property=\"og:title\" content=\"Accueil de chercheur\u2022e au laboratoire - Mesopolhis\" \/>\n<meta property=\"og:description\" content=\"Accueil &raquo; Accueil de chercheur\u2022e au laboratoire Proc\u00e9dure d&rsquo;accueil au laboratoire Le MESOPOLHIS accueille des chercheur\u2022e\u2022s de toutes nationalit\u00e9s pour des s\u00e9jours de courte ou longue dur\u00e9e. Tout accueil de visiteur est accord\u00e9 apr\u00e8s \u00e9tude du dossier par une commission scientifique interne au laboratoire. Cet accueil ne donne pas droit \u00e0 une quelconque r\u00e9mun\u00e9ration ou&hellip;\" \/>\n<meta property=\"og:url\" content=\"https:\/\/mesopolhis.fr\/en\/visitor-to-the-laboratory\/\" \/>\n<meta property=\"og:site_name\" content=\"Mesopolhis\" \/>\n<meta property=\"article:modified_time\" content=\"2025-10-08T15:39:57+00:00\" \/>\n<meta property=\"og:image\" content=\"https:\/\/mesopolhis.fr\/wp-content\/uploads\/bb-plugin\/cache\/IMG_0012-scaled-square.jpg\" \/>\n<meta name=\"twitter:card\" content=\"summary_large_image\" \/>\n<meta name=\"twitter:label1\" content=\"Estimated reading time\" \/>\n\t<meta name=\"twitter:data1\" content=\"3 minutes\" \/>\n<script type=\"application\/ld+json\" class=\"yoast-schema-graph\">{\"@context\":\"https:\\\/\\\/schema.org\",\"@graph\":[{\"@type\":\"WebPage\",\"@id\":\"https:\\\/\\\/mesopolhis.fr\\\/visiteur-en-accueil-au-laboratoire\\\/\",\"url\":\"https:\\\/\\\/mesopolhis.fr\\\/visiteur-en-accueil-au-laboratoire\\\/\",\"name\":\"Accueil de chercheur\u2022e au laboratoire - Mesopolhis\",\"isPartOf\":{\"@id\":\"https:\\\/\\\/mesopolhis.fr\\\/#website\"},\"primaryImageOfPage\":{\"@id\":\"https:\\\/\\\/mesopolhis.fr\\\/visiteur-en-accueil-au-laboratoire\\\/#primaryimage\"},\"image\":{\"@id\":\"https:\\\/\\\/mesopolhis.fr\\\/visiteur-en-accueil-au-laboratoire\\\/#primaryimage\"},\"thumbnailUrl\":\"https:\\\/\\\/mesopolhis.fr\\\/wp-content\\\/uploads\\\/bb-plugin\\\/cache\\\/IMG_0012-scaled-square.jpg\",\"datePublished\":\"2025-02-06T10:22:42+00:00\",\"dateModified\":\"2025-10-08T15:39:57+00:00\",\"breadcrumb\":{\"@id\":\"https:\\\/\\\/mesopolhis.fr\\\/visiteur-en-accueil-au-laboratoire\\\/#breadcrumb\"},\"inLanguage\":\"en-GB\",\"potentialAction\":[{\"@type\":\"ReadAction\",\"target\":[\"https:\\\/\\\/mesopolhis.fr\\\/visiteur-en-accueil-au-laboratoire\\\/\"]}]},{\"@type\":\"ImageObject\",\"inLanguage\":\"en-GB\",\"@id\":\"https:\\\/\\\/mesopolhis.fr\\\/visiteur-en-accueil-au-laboratoire\\\/#primaryimage\",\"url\":\"https:\\\/\\\/mesopolhis.fr\\\/wp-content\\\/uploads\\\/bb-plugin\\\/cache\\\/IMG_0012-scaled-square.jpg\",\"contentUrl\":\"https:\\\/\\\/mesopolhis.fr\\\/wp-content\\\/uploads\\\/bb-plugin\\\/cache\\\/IMG_0012-scaled-square.jpg\"},{\"@type\":\"BreadcrumbList\",\"@id\":\"https:\\\/\\\/mesopolhis.fr\\\/visiteur-en-accueil-au-laboratoire\\\/#breadcrumb\",\"itemListElement\":[{\"@type\":\"ListItem\",\"position\":1,\"name\":\"Accueil\",\"item\":\"https:\\\/\\\/mesopolhis.fr\\\/\"},{\"@type\":\"ListItem\",\"position\":2,\"name\":\"Accueil de chercheur\u2022e au laboratoire\"}]},{\"@type\":\"WebSite\",\"@id\":\"https:\\\/\\\/mesopolhis.fr\\\/#website\",\"url\":\"https:\\\/\\\/mesopolhis.fr\\\/\",\"name\":\"Mesopolhis\",\"description\":\"Centre m\u00e9diterran\u00e9en de sociologie, de science politique et d&#039;histoire\",\"publisher\":{\"@id\":\"https:\\\/\\\/mesopolhis.fr\\\/#organization\"},\"potentialAction\":[{\"@type\":\"SearchAction\",\"target\":{\"@type\":\"EntryPoint\",\"urlTemplate\":\"https:\\\/\\\/mesopolhis.fr\\\/?s={search_term_string}\"},\"query-input\":{\"@type\":\"PropertyValueSpecification\",\"valueRequired\":true,\"valueName\":\"search_term_string\"}}],\"inLanguage\":\"en-GB\"},{\"@type\":\"Organization\",\"@id\":\"https:\\\/\\\/mesopolhis.fr\\\/#organization\",\"name\":\"Mesopolhis\",\"url\":\"https:\\\/\\\/mesopolhis.fr\\\/\",\"logo\":{\"@type\":\"ImageObject\",\"inLanguage\":\"en-GB\",\"@id\":\"https:\\\/\\\/mesopolhis.fr\\\/#\\\/schema\\\/logo\\\/image\\\/\",\"url\":\"https:\\\/\\\/mesopolhis.fr\\\/wp-content\\\/uploads\\\/2021\\\/12\\\/Logo_MESOPOLHIS_Quadri.png\",\"contentUrl\":\"https:\\\/\\\/mesopolhis.fr\\\/wp-content\\\/uploads\\\/2021\\\/12\\\/Logo_MESOPOLHIS_Quadri.png\",\"width\":264,\"height\":69,\"caption\":\"Mesopolhis\"},\"image\":{\"@id\":\"https:\\\/\\\/mesopolhis.fr\\\/#\\\/schema\\\/logo\\\/image\\\/\"}}]}<\/script>\n<!-- \/ Yoast SEO plugin. -->","yoast_head_json":{"title":"Hosting a researcher in the laboratory - Mesopolhis","robots":{"index":"index","follow":"follow","max-snippet":"max-snippet:-1","max-image-preview":"max-image-preview:large","max-video-preview":"max-video-preview:-1"},"canonical":"https:\/\/mesopolhis.fr\/en\/visitor-to-the-laboratory\/","og_locale":"en_GB","og_type":"article","og_title":"Accueil de chercheur\u2022e au laboratoire - Mesopolhis","og_description":"Accueil &raquo; Accueil de chercheur\u2022e au laboratoire Proc\u00e9dure d&rsquo;accueil au laboratoire Le MESOPOLHIS accueille des chercheur\u2022e\u2022s de toutes nationalit\u00e9s pour des s\u00e9jours de courte ou longue dur\u00e9e. Tout accueil de visiteur est accord\u00e9 apr\u00e8s \u00e9tude du dossier par une commission scientifique interne au laboratoire. Cet accueil ne donne pas droit \u00e0 une quelconque r\u00e9mun\u00e9ration ou&hellip;","og_url":"https:\/\/mesopolhis.fr\/en\/visitor-to-the-laboratory\/","og_site_name":"Mesopolhis","article_modified_time":"2025-10-08T15:39:57+00:00","og_image":[{"url":"https:\/\/mesopolhis.fr\/wp-content\/uploads\/bb-plugin\/cache\/IMG_0012-scaled-square.jpg","type":"","width":"","height":""}],"twitter_card":"summary_large_image","twitter_misc":{"Estimated reading time":"3 minutes"},"schema":{"@context":"https:\/\/schema.org","@graph":[{"@type":"WebPage","@id":"https:\/\/mesopolhis.fr\/visiteur-en-accueil-au-laboratoire\/","url":"https:\/\/mesopolhis.fr\/visiteur-en-accueil-au-laboratoire\/","name":"Hosting a researcher in the laboratory - Mesopolhis","isPartOf":{"@id":"https:\/\/mesopolhis.fr\/#website"},"primaryImageOfPage":{"@id":"https:\/\/mesopolhis.fr\/visiteur-en-accueil-au-laboratoire\/#primaryimage"},"image":{"@id":"https:\/\/mesopolhis.fr\/visiteur-en-accueil-au-laboratoire\/#primaryimage"},"thumbnailUrl":"https:\/\/mesopolhis.fr\/wp-content\/uploads\/bb-plugin\/cache\/IMG_0012-scaled-square.jpg","datePublished":"2025-02-06T10:22:42+00:00","dateModified":"2025-10-08T15:39:57+00:00","breadcrumb":{"@id":"https:\/\/mesopolhis.fr\/visiteur-en-accueil-au-laboratoire\/#breadcrumb"},"inLanguage":"en-GB","potentialAction":[{"@type":"ReadAction","target":["https:\/\/mesopolhis.fr\/visiteur-en-accueil-au-laboratoire\/"]}]},{"@type":"ImageObject","inLanguage":"en-GB","@id":"https:\/\/mesopolhis.fr\/visiteur-en-accueil-au-laboratoire\/#primaryimage","url":"https:\/\/mesopolhis.fr\/wp-content\/uploads\/bb-plugin\/cache\/IMG_0012-scaled-square.jpg","contentUrl":"https:\/\/mesopolhis.fr\/wp-content\/uploads\/bb-plugin\/cache\/IMG_0012-scaled-square.jpg"},{"@type":"BreadcrumbList","@id":"https:\/\/mesopolhis.fr\/visiteur-en-accueil-au-laboratoire\/#breadcrumb","itemListElement":[{"@type":"ListItem","position":1,"name":"Accueil","item":"https:\/\/mesopolhis.fr\/"},{"@type":"ListItem","position":2,"name":"Accueil de chercheur\u2022e au laboratoire"}]},{"@type":"WebSite","@id":"https:\/\/mesopolhis.fr\/#website","url":"https:\/\/mesopolhis.fr\/","name":"Mesopolhis","description":"Mediterranean Centre for Sociology, Political Science and History","publisher":{"@id":"https:\/\/mesopolhis.fr\/#organization"},"potentialAction":[{"@type":"SearchAction","target":{"@type":"EntryPoint","urlTemplate":"https:\/\/mesopolhis.fr\/?s={search_term_string}"},"query-input":{"@type":"PropertyValueSpecification","valueRequired":true,"valueName":"search_term_string"}}],"inLanguage":"en-GB"},{"@type":"Organization","@id":"https:\/\/mesopolhis.fr\/#organization","name":"Mesopolhis","url":"https:\/\/mesopolhis.fr\/","logo":{"@type":"ImageObject","inLanguage":"en-GB","@id":"https:\/\/mesopolhis.fr\/#\/schema\/logo\/image\/","url":"https:\/\/mesopolhis.fr\/wp-content\/uploads\/2021\/12\/Logo_MESOPOLHIS_Quadri.png","contentUrl":"https:\/\/mesopolhis.fr\/wp-content\/uploads\/2021\/12\/Logo_MESOPOLHIS_Quadri.png","width":264,"height":69,"caption":"Mesopolhis"},"image":{"@id":"https:\/\/mesopolhis.fr\/#\/schema\/logo\/image\/"}}]}},"_links":{"self":[{"href":"https:\/\/mesopolhis.fr\/en\/wp-json\/wp\/v2\/pages\/1219","targetHints":{"allow":["GET"]}}],"collection":[{"href":"https:\/\/mesopolhis.fr\/en\/wp-json\/wp\/v2\/pages"}],"about":[{"href":"https:\/\/mesopolhis.fr\/en\/wp-json\/wp\/v2\/types\/page"}],"author":[{"embeddable":true,"href":"https:\/\/mesopolhis.fr\/en\/wp-json\/wp\/v2\/users\/180"}],"replies":[{"embeddable":true,"href":"https:\/\/mesopolhis.fr\/en\/wp-json\/wp\/v2\/comments?post=1219"}],"version-history":[{"count":3,"href":"https:\/\/mesopolhis.fr\/en\/wp-json\/wp\/v2\/pages\/1219\/revisions"}],"predecessor-version":[{"id":38259,"href":"https:\/\/mesopolhis.fr\/en\/wp-json\/wp\/v2\/pages\/1219\/revisions\/38259"}],"wp:attachment":[{"href":"https:\/\/mesopolhis.fr\/en\/wp-json\/wp\/v2\/media?parent=1219"}],"curies":[{"name":"wp","href":"https:\/\/api.w.org\/{rel}","templated":true}]}}